{"id":610,"date":"2017-06-07T19:39:36","date_gmt":"2017-06-07T17:39:36","guid":{"rendered":"https:\/\/info.edu.turku.fi\/katedral\/?page_id=610"},"modified":"2024-10-29T10:20:47","modified_gmt":"2024-10-29T09:20:47","slug":"bedomningen","status":"publish","type":"page","link":"https:\/\/info.edu.turku.fi\/katedral\/en-hemsides-sektion\/bedomningen\/","title":{"rendered":"Bed\u00f6mningen"},"content":{"rendered":"\n<h2 class=\"wp-block-heading\">Bed\u00f6mningen av ett studieavsnitt<\/h2>\n\n\n\n<figure class=\"wp-block-image size-large is-resized\"><a href=\"https:\/\/info.edu.turku.fi\/katedral\/wp-content\/uploads\/2023\/06\/bedomning_av_studieavsnitt2.pdf\"><img decoding=\"async\" loading=\"lazy\" width=\"1024\" height=\"635\" src=\"https:\/\/info.edu.turku.fi\/katedral\/wp-content\/uploads\/2023\/08\/bedomning_av_studieavsnitt2-1024x635.png\" alt=\"\" class=\"wp-image-3826\" style=\"aspect-ratio:1.612085769980507;width:742px;height:auto\" srcset=\"https:\/\/info.edu.turku.fi\/katedral\/wp-content\/uploads\/2023\/08\/bedomning_av_studieavsnitt2-1024x635.png 1024w, https:\/\/info.edu.turku.fi\/katedral\/wp-content\/uploads\/2023\/08\/bedomning_av_studieavsnitt2-300x186.png 300w, https:\/\/info.edu.turku.fi\/katedral\/wp-content\/uploads\/2023\/08\/bedomning_av_studieavsnitt2-768x476.png 768w, https:\/\/info.edu.turku.fi\/katedral\/wp-content\/uploads\/2023\/08\/bedomning_av_studieavsnitt2-1536x953.png 1536w, https:\/\/info.edu.turku.fi\/katedral\/wp-content\/uploads\/2023\/08\/bedomning_av_studieavsnitt2-2048x1271.png 2048w, https:\/\/info.edu.turku.fi\/katedral\/wp-content\/uploads\/2023\/08\/bedomning_av_studieavsnitt2-360x223.png 360w\" sizes=\"(max-width: 1024px) 100vw, 1024px\" \/><\/a><\/figure>\n\n\n<p><em><a href=\"https:\/\/info.edu.turku.fi\/katedral\/wp-content\/uploads\/2023\/06\/bedomning_av_studieavsnitt2.pdf\">Principer f\u00f6r bed\u00f6mning av studieavsnitt<\/a><\/em><\/p>\n<p>Bed\u00f6mningen av ett studieavsnitt sker kontinuerligt under studiernas g\u00e5ng och efter avslutat studieavsnitt f\u00e5r du ett vitsord f\u00f6r dina studieprestationer.<img alt=\"\" \/><\/p>\n<h3>\u00a0<\/h3>\n\n\n\n<h3>H\u00f6jning av underk\u00e4nt vitsord<\/h3>\n<p>Du ha r\u00e4tt att f\u00f6rs\u00f6ka h\u00f6ja ett underk\u00e4nt vitsord en g\u00e5ng <div id=\"post2-link-610\" class=\"sh-link post2-link sh-hide\"><a href=\"#\" onclick=\"showhide_toggle('post2', 610, 'L\u00e4s mera...', 'Visa mindre...'); return false;\" aria-expanded=\"false\"><span id=\"post2-toggle-610\">L\u00e4s mera...<\/span><\/a><\/div><div id=\"post2-content-610\" class=\"sh-content post2-content sh-hide\" style=\"display: none;\"><\/p>\n<ul>\n<li>vid omtagningen efter den period d\u00e5 studieavsnittet g\u00e5tt<\/li>\n<li>i utv\u00e4rderingsveckan n\u00e4r\/om studieavsnittet g\u00e5r om<\/li>\n<li>genom att avl\u00e4gga studieavsnittet p\u00e5 nytt om det finns plats i gruppen.<\/li>\n<\/ul>\n<p>Om du inte lyckas bli godk\u00e4nd i omtagningsf\u00f6rs\u00f6ket, m\u00e5ste du g\u00e5 om studieavsnittet p\u00e5 nytt.<\/p>\n<p><span class=\"s1\"><\/div><\/span><\/p>\n<h3>H\u00f6jning av godk\u00e4nt vitsord<\/h3>\n<p>Du har r\u00e4tt att f\u00f6rs\u00f6ka h\u00f6ja ett godk\u00e4nt vitsord en g\u00e5ng. <div id=\"post3-link-610\" class=\"sh-link post3-link sh-hide\"><a href=\"#\" onclick=\"showhide_toggle('post3', 610, 'L\u00e4s mera...', 'Visa mindre...'); return false;\" aria-expanded=\"false\"><span id=\"post3-toggle-610\">L\u00e4s mera...<\/span><\/a><\/div><div id=\"post3-content-610\" class=\"sh-content post3-content sh-hide\" style=\"display: none;\">Studier som du har avlagt i P1-P3 kan du f\u00f6rs\u00f6ka h\u00f6ja i b\u00f6rjan av mars och studier som du har avlagt i P4-P5 i augusti. Du ska anm\u00e4la dig till h\u00f6jningsf\u00f6rs\u00f6ket via Wilma och du f\u00e5r anm\u00e4la dig till h\u00f6gst tv\u00e5 studieavsnitt per tillf\u00e4lle. Om du av n\u00e5gon anledning uteblir fr\u00e5n h\u00f6jningstillf\u00e4llet r\u00e4knas det som deltagande och du har d\u00e4rmed anv\u00e4nt dig av h\u00f6jningsf\u00f6rs\u00f6ket f\u00f6r studieavsnittet i fr\u00e5ga.<\/p>\n<p>Vissa studieavsnitt \u00e4r till sin natur s\u00e5dana att det inte g\u00e5r att h\u00f6ja vitsordet vid ett h\u00f6jningstillf\u00e4lle, utan du m\u00e5ste g\u00e5 studieavsnittet p\u00e5 nytt.<\/p>\n<p>Efter P3, d\u00e5 du har f\u00e5tt det prelimin\u00e4ra avg\u00e5ngsbetyget, kan du inte l\u00e4ngre f\u00f6rs\u00f6ka h\u00f6ja enskilda vitsord. Se texten om <em>H\u00f6jning av slutvitsordet<\/em>.<\/p>\n<p><span class=\"s1\"><\/div><\/span><\/p>\n<h3>Bed\u00f6mningen av en \u00e4mnesl\u00e4rokurs<\/h3>\n<p>Slutvitsordet f\u00f6r l\u00e4rokursen i ett l\u00e4ro\u00e4mne fastst\u00e4lls som det aritmetiska medeltalet av vitsorden f\u00f6r de obligatoriska studier och de nationella valfria studier som den studerande har slutf\u00f6rt.<div id=\"post15-link-610\" class=\"sh-link post15-link sh-hide\"><a href=\"#\" onclick=\"showhide_toggle('post15', 610, 'L\u00e4s mera...', 'Visa mindre...'); return false;\" aria-expanded=\"false\"><span id=\"post15-toggle-610\">L\u00e4s mera...<\/span><\/a><\/div><div id=\"post15-content-610\" class=\"sh-content post15-content sh-hide\" style=\"display: none;\"> Slutvitsordet kan h\u00f6jas om den studerandes kunskaper och f\u00e4rdigheter \u00e4r b\u00e4ttre \u00e4n vad vitsorden skulle f\u00f6ruts\u00e4tta eller den studerande genom till\u00e4ggsprestationer i valfria studier visat b\u00e4ttre kunnande.<\/p>\n<p><span class=\"s1\"><\/div><\/span><\/p>\n<h3>H\u00f6jning av slutvitsordet<\/h3>\n<p>Om du vill f\u00f6rs\u00f6ka h\u00f6ja slutvitsordet i ett l\u00e4ro\u00e4mne ska du anm\u00e4la om det till rektorn och \u00e4mnesl\u00e4raren senast i mars innan studentexamen inleds. Det frist\u00e5ende f\u00f6rh\u00f6ret h\u00e5lls sedan i april efter v\u00e5rens studentskrivningar.<\/p>","protected":false},"excerpt":{"rendered":"<p>Bed\u00f6mningen av ett studieavsnitt Principer f\u00f6r bed\u00f6mning av studieavsnitt Bed\u00f6mningen av ett studieavsnitt sker kontinuerligt under studiernas g\u00e5ng och efter avslutat studieavsnitt f\u00e5r du ett vitsord f\u00f6r dina studieprestationer. \u00a0 H\u00f6jning av underk\u00e4nt vitsord Du ha r\u00e4tt att f\u00f6rs\u00f6ka h\u00f6ja <a href=\"https:\/\/info.edu.turku.fi\/katedral\/en-hemsides-sektion\/bedomningen\/\" class=\"read-more\">L\u00e4s mera &#8230;<\/a><\/p>\n","protected":false},"author":2,"featured_media":0,"parent":20,"menu_order":0,"comment_status":"closed","ping_status":"closed","template":"","meta":{"footnotes":""},"_links":{"self":[{"href":"https:\/\/info.edu.turku.fi\/katedral\/wp-json\/wp\/v2\/pages\/610"}],"collection":[{"href":"https:\/\/info.edu.turku.fi\/katedral\/wp-json\/wp\/v2\/pages"}],"about":[{"href":"https:\/\/info.edu.turku.fi\/katedral\/wp-json\/wp\/v2\/types\/page"}],"author":[{"embeddable":true,"href":"https:\/\/info.edu.turku.fi\/katedral\/wp-json\/wp\/v2\/users\/2"}],"replies":[{"embeddable":true,"href":"https:\/\/info.edu.turku.fi\/katedral\/wp-json\/wp\/v2\/comments?post=610"}],"version-history":[{"count":26,"href":"https:\/\/info.edu.turku.fi\/katedral\/wp-json\/wp\/v2\/pages\/610\/revisions"}],"predecessor-version":[{"id":4499,"href":"https:\/\/info.edu.turku.fi\/katedral\/wp-json\/wp\/v2\/pages\/610\/revisions\/4499"}],"up":[{"embeddable":true,"href":"https:\/\/info.edu.turku.fi\/katedral\/wp-json\/wp\/v2\/pages\/20"}],"wp:attachment":[{"href":"https:\/\/info.edu.turku.fi\/katedral\/wp-json\/wp\/v2\/media?parent=610"}],"curies":[{"name":"wp","href":"https:\/\/api.w.org\/{rel}","templated":true}]}}