{"id":4992,"date":"2026-01-12T08:39:23","date_gmt":"2026-01-12T07:39:23","guid":{"rendered":"https:\/\/info.edu.turku.fi\/katedral\/?page_id=4992"},"modified":"2026-01-16T10:03:57","modified_gmt":"2026-01-16T09:03:57","slug":"katedralskolan-750-ar","status":"publish","type":"page","link":"https:\/\/info.edu.turku.fi\/katedral\/katedralskolan-750-ar\/","title":{"rendered":"Katedralskolan 750 \u00e5r"},"content":{"rendered":"\n<p><strong>Katedralskolan i \u00c5bo&nbsp;&#8211;&nbsp;750<\/strong> <strong>\u00e5r&nbsp;av bildning och kulturarv&nbsp;i Finland<\/strong>&nbsp;<\/p>\n\n\n\n<p>Jubileums\u00e5ret 2026 bjuder p\u00e5 historisk&nbsp;tillbakablick,&nbsp;unika&nbsp;upplevelser och gemenskap&nbsp;<\/p>\n\n\n\n<p>\u00c5r 2026 markerar ett unikt kapitel i Finlands utbildningshistoria:&nbsp;Katedralskolan i \u00c5bo firar sitt&nbsp;750-\u00e5rsjubileum.&nbsp;Som landets \u00e4ldsta skola och en av Europas \u00e4ldsta utbildningsinstitutioner har&nbsp;katedralskolan&nbsp;haft en avg\u00f6rande roll&nbsp;f\u00f6r hela Finland&nbsp;i utvecklingen av&nbsp;samh\u00e4llet, bildningsidealet&nbsp;och kulturen&nbsp;fr\u00e5n medeltiden till idag.&nbsp;I f\u00f6rl\u00e4ngningen har b\u00e5de gamla \u00c5bo Akademi och Helsingfors universitet sina r\u00f6tter i Katedralskolan.&nbsp;<\/p>\n\n\n\n<p>Jubileums\u00e5ret uppm\u00e4rksammas genom en rad evenemang som lyfter fram skolans l\u00e5nga och betydelsefulla historia. Bakom satsningen st\u00e5r\u00a0Katedralskolan<strong> i <\/strong>\u00c5bo\u00a0tillsammans med\u00a0alumnif\u00f6reningarna\u00a0Katedralskolef\u00f6reningen<strong>\u00a0i <\/strong>\u00c5bo\u00a0rf.\u00a0och\u00a0Kamratf\u00f6rbundet\u00a0Classicum\u00a0rf. Evenemangen genomf\u00f6rs i n\u00e4ra samarbete med\u00a0\u00c5bo stad,\u00a0\u00c5bosamfundet\u00a0och\u00a0Turun\u00a0Suurtori\u00a0Keskiaika\u00a0ry.\u00a0<\/p>\n\n\n\n<p><\/p>\n\n\n\n<p><\/p>\n","protected":false},"excerpt":{"rendered":"<p>Katedralskolan i \u00c5bo&nbsp;&#8211;&nbsp;750 \u00e5r&nbsp;av bildning och kulturarv&nbsp;i Finland&nbsp; Jubileums\u00e5ret 2026 bjuder p\u00e5 historisk&nbsp;tillbakablick,&nbsp;unika&nbsp;upplevelser och gemenskap&nbsp; \u00c5r 2026 markerar ett unikt kapitel i Finlands utbildningshistoria:&nbsp;Katedralskolan i \u00c5bo firar sitt&nbsp;750-\u00e5rsjubileum.&nbsp;Som landets \u00e4ldsta skola och en av Europas \u00e4ldsta utbildningsinstitutioner har&nbsp;katedralskolan&nbsp;haft en avg\u00f6rande <a href=\"https:\/\/info.edu.turku.fi\/katedral\/katedralskolan-750-ar\/\" class=\"read-more\">L\u00e4s mera &#8230;<\/a><\/p>\n","protected":false},"author":1,"featured_media":4991,"parent":0,"menu_order":0,"comment_status":"closed","ping_status":"closed","template":"","meta":{"footnotes":""},"_links":{"self":[{"href":"https:\/\/info.edu.turku.fi\/katedral\/wp-json\/wp\/v2\/pages\/4992"}],"collection":[{"href":"https:\/\/info.edu.turku.fi\/katedral\/wp-json\/wp\/v2\/pages"}],"about":[{"href":"https:\/\/info.edu.turku.fi\/katedral\/wp-json\/wp\/v2\/types\/page"}],"author":[{"embeddable":true,"href":"https:\/\/info.edu.turku.fi\/katedral\/wp-json\/wp\/v2\/users\/1"}],"replies":[{"embeddable":true,"href":"https:\/\/info.edu.turku.fi\/katedral\/wp-json\/wp\/v2\/comments?post=4992"}],"version-history":[{"count":4,"href":"https:\/\/info.edu.turku.fi\/katedral\/wp-json\/wp\/v2\/pages\/4992\/revisions"}],"predecessor-version":[{"id":5015,"href":"https:\/\/info.edu.turku.fi\/katedral\/wp-json\/wp\/v2\/pages\/4992\/revisions\/5015"}],"wp:featuredmedia":[{"embeddable":true,"href":"https:\/\/info.edu.turku.fi\/katedral\/wp-json\/wp\/v2\/media\/4991"}],"wp:attachment":[{"href":"https:\/\/info.edu.turku.fi\/katedral\/wp-json\/wp\/v2\/media?parent=4992"}],"curies":[{"name":"wp","href":"https:\/\/api.w.org\/{rel}","templated":true}]}}