{"id":3935,"date":"2023-09-28T10:51:40","date_gmt":"2023-09-28T08:51:40","guid":{"rendered":"https:\/\/info.edu.turku.fi\/katedral\/?page_id=3935"},"modified":"2025-11-12T11:24:23","modified_gmt":"2025-11-12T10:24:23","slug":"viktiga-datum","status":"publish","type":"page","link":"https:\/\/info.edu.turku.fi\/katedral\/viktiga-datum\/","title":{"rendered":"Viktiga datum l\u00e4s\u00e5ret 2025-2026"},"content":{"rendered":"\n<h3 class=\"wp-block-heading\">Viktiga datum <\/h3>\n\n\n\n<h3 class=\"wp-block-heading\"><strong>1 perioden to 7.8 \u2013 ti 30.9.2025<\/strong><\/h3>\n\n\n\n<figure class=\"wp-block-table\"><table><tbody><tr><td class=\"has-text-align-left\" data-align=\"left\">on 27.8.2025 <\/td><td class=\"has-text-align-left\" data-align=\"left\">H\u00f6jningsf\u00f6rs\u00f6k (studier i P4-P5)&nbsp;kl 15.00<\/td><\/tr><tr><td class=\"has-text-align-left\" data-align=\"left\">m\u00e5 15.9 \u2013 m\u00e5 29.9.2025<\/td><td class=\"has-text-align-left\" data-align=\"left\">H\u00f6stens studentskrivningar<\/td><\/tr><tr><td class=\"has-text-align-left\" data-align=\"left\">ti 23.9 \u2013 ti 30.9.2025<\/td><td class=\"has-text-align-left\" data-align=\"left\">Utv\u00e4rderingsvecka (position 7 m\u00e5 22.9 kl. 8.30-11.15)<\/td><\/tr><\/tbody><\/table><\/figure>\n\n\n\n<h3 class=\"wp-block-heading\"><strong>2 perioden on 1.10 \u2013 to 27.11.202<\/strong>5<\/h3>\n\n\n\n<figure class=\"wp-block-table\"><table><tbody><tr><td class=\"has-text-align-left\" data-align=\"left\">m\u00e5 13.10 &#8211; s\u00f6 19.10.2025<\/td><td class=\"has-text-align-left\" data-align=\"left\">H\u00f6stlov<\/td><\/tr><tr><td class=\"has-text-align-left\" data-align=\"left\">on 22.10.2025 <\/td><td class=\"has-text-align-left\" data-align=\"left\">Omtagning (studier i P1)&nbsp;kl. 15.00<\/td><\/tr><tr><td class=\"has-text-align-left\" data-align=\"left\">to 20.11 \u2013 to 27.11.2025<\/td><td class=\"has-text-align-left\" data-align=\"left\">Utv\u00e4rderingsvecka (position 7 on 19.11 kl. 8.30-11.15)<\/td><\/tr><\/tbody><\/table><\/figure>\n\n\n\n<h3 class=\"wp-block-heading\"><strong>3 perioden<\/strong> <strong>fr 28.11 \u2013 ti 3.2.202<\/strong>6<\/h3>\n\n\n\n<figure class=\"wp-block-table\"><table><tbody><tr><td class=\"has-text-align-left\" data-align=\"left\">fr 5.12.2025 <\/td><td class=\"has-text-align-left\" data-align=\"left\">Sj\u00e4lvst\u00e4ndighetsfest och studentdimission kl. 13.00<\/td><\/tr><tr><td class=\"has-text-align-left\" data-align=\"left\">on 10.12.2025 <\/td><td class=\"has-text-align-left\" data-align=\"left\">Omtagning (studier i P2) kl. 15.00<\/td><\/tr><tr><td class=\"has-text-align-left\" data-align=\"left\">fr 12.12.2025<\/td><td class=\"has-text-align-left\" data-align=\"left\">Lucia<\/td><\/tr><tr><td class=\"has-text-align-left\" data-align=\"left\">l\u00f6 13.12.2025<\/td><td class=\"has-text-align-left\" data-align=\"left\">Julbasar<\/td><\/tr><tr><td class=\"has-text-align-left\" data-align=\"left\">fr 19.12.2024 <\/td><td class=\"has-text-align-left\" data-align=\"left\">Julkyrka <\/td><\/tr><tr><td class=\"has-text-align-left\" data-align=\"left\">l\u00f6 20.12.2025<\/td><td class=\"has-text-align-left\" data-align=\"left\">Julfest<\/td><\/tr><tr><td class=\"has-text-align-left\" data-align=\"left\">s\u00f6 21.12.2025 \u2013&nbsp; ti 6.1.2026<\/td><td class=\"has-text-align-left\" data-align=\"left\">Jullov<\/td><\/tr><tr><td class=\"has-text-align-left\" data-align=\"left\">ti 13.1.2026<\/td><td class=\"has-text-align-left\" data-align=\"left\">Infokv\u00e4ll f\u00f6r nior och deras v\u00e5rdnadshavare kl. 18.30-20.00<\/td><\/tr><tr><td class=\"has-text-align-left\" data-align=\"left\">ti 27.1 \u2013 ti 3.2.2026<\/td><td class=\"has-text-align-left\" data-align=\"left\">Utv\u00e4rderingsvecka (position 7 m\u00e5 26.1 kl. 8.30-11.15)<\/td><\/tr><\/tbody><\/table><\/figure>\n\n\n\n<h3 class=\"wp-block-heading\"><strong>4 perioden on 4.2 \u2013 to 2.4.202<\/strong>6<\/h3>\n\n\n\n<figure class=\"wp-block-table\"><table><tbody><tr><td class=\"has-text-align-left\" data-align=\"left\">to 5.2.2026<\/td><td class=\"has-text-align-left\" data-align=\"left\">B\u00e4nkskuddardagen<\/td><\/tr><tr><td class=\"has-text-align-left\" data-align=\"left\">fr 13.2.2026<\/td><td class=\"has-text-align-left\" data-align=\"left\">De gamlas dans<\/td><\/tr><tr><td class=\"has-text-align-left\" data-align=\"left\">m\u00e5 16.2 \u2013 22.2.2026<\/td><td class=\"has-text-align-left\" data-align=\"left\">Vinterlov<\/td><\/tr><tr><td class=\"has-text-align-left\" data-align=\"left\">on 25.2.2026 <\/td><td class=\"has-text-align-left\" data-align=\"left\">Omtagning (studier i P3) kl. 15.00<\/td><\/tr><tr><td class=\"has-text-align-left\" data-align=\"left\">on 4.3.2026<\/td><td class=\"has-text-align-left\" data-align=\"left\">\u00c5bo gymnasiernas framtidsdag<\/td><\/tr><tr><td class=\"has-text-align-left\" data-align=\"left\">on 4.3.2026<\/td><td class=\"has-text-align-left\" data-align=\"left\">H\u00f6jningsf\u00f6rs\u00f6k (studier i P1-P3) kl. 15.00<\/td><\/tr><tr><td class=\"has-text-align-left\" data-align=\"left\">ti 10.3 \u2013 on 25.3.2026<\/td><td class=\"has-text-align-left\" data-align=\"left\">V\u00e5rens studentskrivningar<\/td><\/tr><tr><td class=\"has-text-align-left\" data-align=\"left\">to 26.3 \u2013 to 2.4.2026<\/td><td class=\"has-text-align-left\" data-align=\"left\">Utv\u00e4rderingsvecka (position 7 on 25.3 kl. 8.30-11.15)<\/td><\/tr><\/tbody><\/table><\/figure>\n\n\n\n<h3 class=\"wp-block-heading\"><strong>5 perioden<\/strong> <strong>fr 4.4 \u2013 l\u00f6 31.5.202<\/strong>5<\/h3>\n\n\n\n<figure class=\"wp-block-table\"><table><tbody><tr><td class=\"has-text-align-left\" data-align=\"left\">fr 3.4 &#8211; m\u00e5 6.4.2026<\/td><td class=\"has-text-align-left\" data-align=\"left\">P\u00e5sk <\/td><\/tr><tr><td class=\"has-text-align-left\" data-align=\"left\">on 15.4.2026<\/td><td class=\"has-text-align-left\" data-align=\"left\">Omtagning (studier i P4) kl. 15.00<\/td><\/tr><tr><td class=\"has-text-align-left\" data-align=\"left\">to 14.5.2026<\/td><td class=\"has-text-align-left\" data-align=\"left\">Kristi himmelsf\u00e4rdsdag<\/td><\/tr><tr><td class=\"has-text-align-left\" data-align=\"left\">fr 15.5.2026<\/td><td class=\"has-text-align-left\" data-align=\"left\">Kompensationsledigt f\u00f6r julbasaren<\/td><\/tr><tr><td class=\"has-text-align-left\" data-align=\"left\">on 20.5 \u2013 on 27.5.2026<\/td><td class=\"has-text-align-left\" data-align=\"left\">Utv\u00e4rderingsvecka (position 7 ti 19.5 kl. 8.30-11.15)<\/td><\/tr><tr><td class=\"has-text-align-left\" data-align=\"left\">to 28.5.2026<\/td><td class=\"has-text-align-left\" data-align=\"left\">Kulturdagen<\/td><\/tr><tr><td class=\"has-text-align-left\" data-align=\"left\">fr 29.5.2026<\/td><td class=\"has-text-align-left\" data-align=\"left\">Friluftsdagen<\/td><\/tr><tr><td class=\"has-text-align-left\" data-align=\"left\">l\u00f6 30.5.2026<\/td><td class=\"has-text-align-left\" data-align=\"left\">Skolavslutning och studentdimission <br>\u00c5rsavslutning f\u00f6r de studerande kl. 9.00 i Katedralskolan<br>M\u00f6ssp\u00e5l\u00e4ggning kl. 12.00 (- ca 13.30) i Solennitetssalen<\/td><\/tr><tr><td class=\"has-text-align-left\" data-align=\"left\">ti 2.6.2026 <\/td><td class=\"has-text-align-left\" data-align=\"left\">Omtagning (studier i P5) kl. 9.00<\/td><\/tr><tr><td class=\"has-text-align-left\" data-align=\"left\">on 26.8.2026<\/td><td class=\"has-text-align-left\" data-align=\"left\">H\u00f6jningsf\u00f6rs\u00f6k (studier i P4-P5) kl. 15.00<\/td><\/tr><\/tbody><\/table><\/figure>\n","protected":false},"excerpt":{"rendered":"<p>Viktiga datum 1 perioden to 7.8 \u2013 ti 30.9.2025 on 27.8.2025 H\u00f6jningsf\u00f6rs\u00f6k (studier i P4-P5)&nbsp;kl 15.00 m\u00e5 15.9 \u2013 m\u00e5 29.9.2025 H\u00f6stens studentskrivningar ti 23.9 \u2013 ti 30.9.2025 Utv\u00e4rderingsvecka (position 7 m\u00e5 22.9 kl. 8.30-11.15) 2 perioden on 1.10 \u2013 <a href=\"https:\/\/info.edu.turku.fi\/katedral\/viktiga-datum\/\" class=\"read-more\">L\u00e4s mera &#8230;<\/a><\/p>\n","protected":false},"author":1,"featured_media":0,"parent":0,"menu_order":0,"comment_status":"closed","ping_status":"closed","template":"","meta":{"footnotes":""},"_links":{"self":[{"href":"https:\/\/info.edu.turku.fi\/katedral\/wp-json\/wp\/v2\/pages\/3935"}],"collection":[{"href":"https:\/\/info.edu.turku.fi\/katedral\/wp-json\/wp\/v2\/pages"}],"about":[{"href":"https:\/\/info.edu.turku.fi\/katedral\/wp-json\/wp\/v2\/types\/page"}],"author":[{"embeddable":true,"href":"https:\/\/info.edu.turku.fi\/katedral\/wp-json\/wp\/v2\/users\/1"}],"replies":[{"embeddable":true,"href":"https:\/\/info.edu.turku.fi\/katedral\/wp-json\/wp\/v2\/comments?post=3935"}],"version-history":[{"count":25,"href":"https:\/\/info.edu.turku.fi\/katedral\/wp-json\/wp\/v2\/pages\/3935\/revisions"}],"predecessor-version":[{"id":4924,"href":"https:\/\/info.edu.turku.fi\/katedral\/wp-json\/wp\/v2\/pages\/3935\/revisions\/4924"}],"wp:attachment":[{"href":"https:\/\/info.edu.turku.fi\/katedral\/wp-json\/wp\/v2\/media?parent=3935"}],"curies":[{"name":"wp","href":"https:\/\/api.w.org\/{rel}","templated":true}]}}