{"id":3920,"date":"2023-09-27T14:29:59","date_gmt":"2023-09-27T12:29:59","guid":{"rendered":"https:\/\/info.edu.turku.fi\/katedral\/?page_id=3920"},"modified":"2025-09-23T12:58:39","modified_gmt":"2025-09-23T10:58:39","slug":"fornyade-forhor-och-hojningsforsok","status":"publish","type":"page","link":"https:\/\/info.edu.turku.fi\/katedral\/fornyade-forhor-och-hojningsforsok\/","title":{"rendered":"Omtagning och h\u00f6jningsf\u00f6rs\u00f6k"},"content":{"rendered":"\n<h3 class=\"wp-block-heading\">Omtagning<\/h3>\n\n\n\n<figure class=\"wp-block-table\"><table><tbody><tr><td>Omtagning efter<\/td><td>Datum f\u00f6r omtagning<\/td><td>Anm\u00e4lan via Wilma senast<\/td><\/tr><tr><td>P1<\/td><td>on 22.10.2025 kl. 15.00<\/td><td>m\u00e5 20.10.2025<\/td><\/tr><tr><td>P2<\/td><td>on 10.12.2025 kl. 15.00<\/td><td>m\u00e5 8.12.2025<\/td><\/tr><tr><td>P3<\/td><td>on 25.2.2026 kl. 15.00<\/td><td>m\u00e5 23.2.2026<\/td><\/tr><tr><td>P4<\/td><td>on 15.4.2026 kl. 15.00<\/td><td>m\u00e5 13.4.2026<\/td><\/tr><tr><td>P5<\/td><td>ti 2.6.2026 kl. 9.00<\/td><td>s\u00f6 31.5.2026<\/td><\/tr><\/tbody><\/table><\/figure>\n\n\n\n<h3 class=\"wp-block-heading\">H\u00f6jningsf\u00f6rs\u00f6k<\/h3>\n\n\n\n<figure class=\"wp-block-table\"><table><tbody><tr><td>H\u00f6jningsf\u00f6rs\u00f6k efter<\/td><td>Datum<\/td><td>Anm\u00e4lan via Wilma senast<\/td><\/tr><tr><td>P4-P5 (l\u00e5 2024-2025)<\/td><td>on 27.8.2025 kl. 15.00<\/td><td>s\u00f6 24.8.2025<\/td><\/tr><tr><td>P1-P3<\/td><td>on 4.3.2026 kl 15.00<\/td><td>s\u00f6 1.3.2026<\/td><\/tr><tr><td>P4-P5<\/td><td>on 26.8.2026 kl 15.00<\/td><td>s\u00f6 23.8.2026<\/td><\/tr><\/tbody><\/table><\/figure>\n\n\n\n<p>OBS!<\/p>\n\n\n\n<p>&#8211; du kan f\u00f6rs\u00f6ka h\u00f6ja ett godk\u00e4nt studieavsnittsvitsord endast en g\u00e5ng<br>&#8211; om du har anm\u00e4lt dig till h\u00f6jningsf\u00f6rs\u00f6ket och uteblir r\u00e4knas det som ett f\u00f6rs\u00f6k, och efter det har du inte l\u00e4ngre r\u00e4tt att anm\u00e4la dig till ett nytt h\u00f6jningsf\u00f6rs\u00f6k<br>&#8211; du kan anm\u00e4la dig till max. tv\u00e5 studieavsnitt\/tillf\u00e4lle<br>&#8211; vissa studier \u00e4r till sin natur s\u00e5dana att det inte g\u00e5r att f\u00f6rs\u00f6ka h\u00f6ja vitsordet vid ett h\u00f6jningsf\u00f6rs\u00f6k, utan kr\u00e4ver \u00e4ven andra insatser. Du kan d\u00e5 vara tvungen att g\u00e5 om studieavsnittet i sin helhet.<\/p>\n\n\n\n<p>Du anm\u00e4ler dig till omtagningen&nbsp;och h\u00f6jningsf\u00f6rs\u00f6ket via&nbsp;<strong>Tenter<\/strong>-fliker i Wilma.<\/p>\n","protected":false},"excerpt":{"rendered":"<p>Omtagning Omtagning efter Datum f\u00f6r omtagning Anm\u00e4lan via Wilma senast P1 on 22.10.2025 kl. 15.00 m\u00e5 20.10.2025 P2 on 10.12.2025 kl. 15.00 m\u00e5 8.12.2025 P3 on 25.2.2026 kl. 15.00 m\u00e5 23.2.2026 P4 on 15.4.2026 kl. 15.00 m\u00e5 13.4.2026 P5 ti <a href=\"https:\/\/info.edu.turku.fi\/katedral\/fornyade-forhor-och-hojningsforsok\/\" class=\"read-more\">L\u00e4s mera &#8230;<\/a><\/p>\n","protected":false},"author":1,"featured_media":0,"parent":0,"menu_order":0,"comment_status":"closed","ping_status":"closed","template":"","meta":{"footnotes":""},"_links":{"self":[{"href":"https:\/\/info.edu.turku.fi\/katedral\/wp-json\/wp\/v2\/pages\/3920"}],"collection":[{"href":"https:\/\/info.edu.turku.fi\/katedral\/wp-json\/wp\/v2\/pages"}],"about":[{"href":"https:\/\/info.edu.turku.fi\/katedral\/wp-json\/wp\/v2\/types\/page"}],"author":[{"embeddable":true,"href":"https:\/\/info.edu.turku.fi\/katedral\/wp-json\/wp\/v2\/users\/1"}],"replies":[{"embeddable":true,"href":"https:\/\/info.edu.turku.fi\/katedral\/wp-json\/wp\/v2\/comments?post=3920"}],"version-history":[{"count":7,"href":"https:\/\/info.edu.turku.fi\/katedral\/wp-json\/wp\/v2\/pages\/3920\/revisions"}],"predecessor-version":[{"id":4868,"href":"https:\/\/info.edu.turku.fi\/katedral\/wp-json\/wp\/v2\/pages\/3920\/revisions\/4868"}],"wp:attachment":[{"href":"https:\/\/info.edu.turku.fi\/katedral\/wp-json\/wp\/v2\/media?parent=3920"}],"curies":[{"name":"wp","href":"https:\/\/api.w.org\/{rel}","templated":true}]}}