{"id":3916,"date":"2023-09-27T14:18:16","date_gmt":"2023-09-27T12:18:16","guid":{"rendered":"https:\/\/info.edu.turku.fi\/katedral\/?page_id=3916"},"modified":"2025-06-04T09:40:46","modified_gmt":"2025-06-04T07:40:46","slug":"foraldramoten","status":"publish","type":"page","link":"https:\/\/info.edu.turku.fi\/katedral\/foraldramoten\/","title":{"rendered":"F\u00f6r\u00e4ldram\u00f6ten"},"content":{"rendered":"\n<h2 class=\"wp-block-heading\">Ettor<\/h2>\n\n\n\n<p>Onsdag 10.9.2025 kl. 18.30 ordnas m\u00f6te f\u00f6r ettornas f\u00f6r\u00e4ldrar.<br>Information om studierna vid gymnasiet och tr\u00e4ff med grupphandledarna.<\/p>\n\n\n\n<h2 class=\"wp-block-heading\">Tv\u00e5or<\/h2>\n\n\n\n<p>Onsdag 29.10.2025 kl. 18.30 ordnas virtuellt m\u00f6te f\u00f6r tv\u00e5ornas f\u00f6r\u00e4ldrar (Teams)<br>P\u00e5 m\u00f6tet behandlas aktuella \u00e4renden och information om studentexamen. L\u00e4nken till m\u00f6tet skickas till hemmen via Wilma. Omkring en vecka efter Teams m\u00f6tet ordnas en informell tr\u00e4ff f\u00f6r f\u00f6r\u00e4ldrar som \u00f6nskar tr\u00e4ffa andra f\u00f6r\u00e4ldrar. Grupphandledarna och speciall\u00e4raren h\u00e5ller i tr\u00e5darna f\u00f6r m\u00f6tet.<\/p>\n\n\n\n<h2 class=\"wp-block-heading\">Treor<\/h2>\n\n\n\n<p>Onsdag 19.11.2025 kl. 18.30 ordnas virtuellt m\u00f6te f\u00f6r abirnas f\u00f6r\u00e4ldrar (Teams).<br>P\u00e5 m\u00f6tet behandlas aktuella \u00e4renden, information om studentexamen och fortsatta studier.<\/p>\n\n\n\n<p><\/p>\n\n\n\n<p><\/p>\n","protected":false},"excerpt":{"rendered":"<p>Ettor Onsdag 10.9.2025 kl. 18.30 ordnas m\u00f6te f\u00f6r ettornas f\u00f6r\u00e4ldrar.Information om studierna vid gymnasiet och tr\u00e4ff med grupphandledarna. Tv\u00e5or Onsdag 29.10.2025 kl. 18.30 ordnas virtuellt m\u00f6te f\u00f6r tv\u00e5ornas f\u00f6r\u00e4ldrar (Teams)P\u00e5 m\u00f6tet behandlas aktuella \u00e4renden och information om studentexamen. L\u00e4nken till <a href=\"https:\/\/info.edu.turku.fi\/katedral\/foraldramoten\/\" class=\"read-more\">L\u00e4s mera &#8230;<\/a><\/p>\n","protected":false},"author":1,"featured_media":0,"parent":0,"menu_order":0,"comment_status":"closed","ping_status":"closed","template":"","meta":{"footnotes":""},"_links":{"self":[{"href":"https:\/\/info.edu.turku.fi\/katedral\/wp-json\/wp\/v2\/pages\/3916"}],"collection":[{"href":"https:\/\/info.edu.turku.fi\/katedral\/wp-json\/wp\/v2\/pages"}],"about":[{"href":"https:\/\/info.edu.turku.fi\/katedral\/wp-json\/wp\/v2\/types\/page"}],"author":[{"embeddable":true,"href":"https:\/\/info.edu.turku.fi\/katedral\/wp-json\/wp\/v2\/users\/1"}],"replies":[{"embeddable":true,"href":"https:\/\/info.edu.turku.fi\/katedral\/wp-json\/wp\/v2\/comments?post=3916"}],"version-history":[{"count":7,"href":"https:\/\/info.edu.turku.fi\/katedral\/wp-json\/wp\/v2\/pages\/3916\/revisions"}],"predecessor-version":[{"id":4770,"href":"https:\/\/info.edu.turku.fi\/katedral\/wp-json\/wp\/v2\/pages\/3916\/revisions\/4770"}],"wp:attachment":[{"href":"https:\/\/info.edu.turku.fi\/katedral\/wp-json\/wp\/v2\/media?parent=3916"}],"curies":[{"name":"wp","href":"https:\/\/api.w.org\/{rel}","templated":true}]}}