{"id":3893,"date":"2023-09-18T15:07:57","date_gmt":"2023-09-18T13:07:57","guid":{"rendered":"https:\/\/info.edu.turku.fi\/katedral\/?page_id=3893"},"modified":"2026-03-25T14:01:58","modified_gmt":"2026-03-25T13:01:58","slug":"idrottsakademin","status":"publish","type":"page","link":"https:\/\/info.edu.turku.fi\/katedral\/idrottsakademin\/","title":{"rendered":"Idrottsakademin"},"content":{"rendered":"\n<h2 class=\"wp-block-heading\">Idrottsakademiverksamheten<\/h2>\n\n\n<div class=\"wp-block-image\">\n<figure class=\"alignright\"><a href=\"https:\/\/www.urheiluakatemia.fi\/\"><img decoding=\"async\" loading=\"lazy\" width=\"387\" height=\"254\" src=\"https:\/\/info.edu.turku.fi\/katedral\/wp-content\/uploads\/2023\/01\/ua-2.jpg\" alt=\"\" class=\"wp-image-3513\" srcset=\"https:\/\/info.edu.turku.fi\/katedral\/wp-content\/uploads\/2023\/01\/ua-2.jpg 387w, https:\/\/info.edu.turku.fi\/katedral\/wp-content\/uploads\/2023\/01\/ua-2-300x197.jpg 300w, https:\/\/info.edu.turku.fi\/katedral\/wp-content\/uploads\/2023\/01\/ua-2-360x236.jpg 360w\" sizes=\"(max-width: 387px) 100vw, 387px\" \/><\/a><\/figure><\/div>\n\n\n<p>H\u00e4r hittar du l\u00e4nken till <a href=\"https:\/\/www.urheiluakatemia.fi\/\">Turun Seudun Urheiluakatemia<\/a> (\u00c5bonejdens idrottsakademi). Om du \u00e4r intresserad av att komma med i deras verksamhet ska du s\u00f6ka till Katedralskolan via v\u00e5r idrottslinje. Kom d\u00e5 ih\u00e5g att s\u00e4tta idrottslinjen som ditt f\u00f6rsta alternativ och den allm\u00e4nna linjen som ditt andra. P\u00e5 s\u00e5 s\u00e4tt kan du i alla fall bli antagen till Katedralskolan och f\u00e5r eventuellt delta i idrottsakademins verksamhet om de har lediga platser och du f\u00f6r \u00f6vrigt fyller alla urvalskriterier.<\/p>\n\n\n\n<p>D\u00e5 du s\u00f6ker till idrottslinjen ska du ocks\u00e5 besvara de till\u00e4ggsfr\u00e5gor som syns i Studieinfo.<\/p>\n\n\n\n<p><strong>Kom ocks\u00e5 ih\u00e5g att delta i testdagen och de grenspecifika urvalsproven. Det \u00e4r en f\u00f6ruts\u00e4ttning f\u00f6r att du ska kunna bli antagen.<\/strong><\/p>\n\n\n<div class=\"wp-block-image\">\n<figure class=\"alignright\"><a href=\"https:\/\/sites.google.com\/view\/toisenasteenyleistestit\"><img decoding=\"async\" loading=\"lazy\" width=\"387\" height=\"255\" src=\"https:\/\/info.edu.turku.fi\/katedral\/wp-content\/uploads\/2023\/01\/ua2.jpg\" alt=\"\" class=\"wp-image-3512\" srcset=\"https:\/\/info.edu.turku.fi\/katedral\/wp-content\/uploads\/2023\/01\/ua2.jpg 387w, https:\/\/info.edu.turku.fi\/katedral\/wp-content\/uploads\/2023\/01\/ua2-300x198.jpg 300w, https:\/\/info.edu.turku.fi\/katedral\/wp-content\/uploads\/2023\/01\/ua2-360x237.jpg 360w\" sizes=\"(max-width: 387px) 100vw, 387px\" \/><\/a><\/figure><\/div>\n\n\n<p><strong>Idrottsakademins testdag och grenspecifika urvalsprov h\u00e5lls tisdag 14.4.2026. OBS! Det kommer ingen skild kallelse till testdagen. Klicka p\u00e5 l\u00e4nken, s\u00e5 ser du vilka <a href=\"https:\/\/sites.google.com\/view\/toisenasteenyleistestit\">andra stadiets allm\u00e4nna tester<\/a> \u00e4r.<\/strong><\/p>\n\n\n\n<p><a href=\"https:\/\/info.edu.turku.fi\/katedral\/wp-content\/uploads\/2026\/03\/Toisen-asteen-valintapaiva-14.4.pdf\">L\u00e4nk till<strong> testdagens program<\/strong>.<\/a> (uppdaterad 25.3.2026)<\/p>\n\n\n\n<p><strong>Reservtestdag (f\u00f6r dem som p\u00e5 f\u00f6rhand l\u00e4mnat in ett l\u00e4karintyg) ordnas 5.5.2026.<\/strong> <a href=\"https:\/\/www.urheiluakatemia.fi\/files\/2025\/04\/Toisen-asteen-varatestipaiva-2025.pdf\">L\u00e4nk till reservtestdagens info.<\/a><\/p>\n\n\n\n<p>N\u00e4r du v\u00e4l har kommit med i idrottsakademins verksamhet \u00e4r det ingen skillnad p\u00e5 om du har kommit in via idrottslinjen eller den allm\u00e4nna linjen. Position 1 reserveras f\u00f6r morgontr\u00e4ningar och du f\u00e5r r\u00e4kna morgontr\u00e4ningarna till godo i dina valfria studier (i medeltal 2 sp\/period).<\/p>\n\n\n\n<p>L\u00e4nk till \u00c5bonejdens idrottsakademins <a href=\"https:\/\/info.edu.turku.fi\/katedral\/wp-content\/uploads\/2021\/08\/SVE_Turun-Seudun-Urheiluakatemia-suunnitelma_OFFICE.pdf\">&#8221;Framtidsplan 2024&#8221;<\/a><\/p>\n\n\n\n<h3 class=\"wp-block-heading\">V\u00e5rens informationstillf\u00e4llen<\/h3>\n\n\n\n<p><em><strong>Allm\u00e4n information<\/strong><\/em> om idrottsakademin ges i samband med <strong>Katedralskolan<\/strong>s informationskv\u00e4ll tisdag <strong>13.1.2026 kl. 18.30-20.00<\/strong>.<\/p>\n\n\n\n<p><strong><em>Den grenspecifika informationen<\/em><\/strong> f\u00f6r idrottare ges prel. torsdag <strong>15.1.2026 <\/strong>i <strong>Kerttulin urheilulukio<\/strong>. Kontrollera uppgifterna p\u00e5 deras hemsida!<\/p>\n","protected":false},"excerpt":{"rendered":"<p>Idrottsakademiverksamheten H\u00e4r hittar du l\u00e4nken till Turun Seudun Urheiluakatemia (\u00c5bonejdens idrottsakademi). Om du \u00e4r intresserad av att komma med i deras verksamhet ska du s\u00f6ka till Katedralskolan via v\u00e5r idrottslinje. Kom d\u00e5 ih\u00e5g att s\u00e4tta idrottslinjen som ditt f\u00f6rsta alternativ <a href=\"https:\/\/info.edu.turku.fi\/katedral\/idrottsakademin\/\" class=\"read-more\">L\u00e4s mera &#8230;<\/a><\/p>\n","protected":false},"author":1,"featured_media":0,"parent":0,"menu_order":0,"comment_status":"closed","ping_status":"closed","template":"","meta":{"footnotes":""},"_links":{"self":[{"href":"https:\/\/info.edu.turku.fi\/katedral\/wp-json\/wp\/v2\/pages\/3893"}],"collection":[{"href":"https:\/\/info.edu.turku.fi\/katedral\/wp-json\/wp\/v2\/pages"}],"about":[{"href":"https:\/\/info.edu.turku.fi\/katedral\/wp-json\/wp\/v2\/types\/page"}],"author":[{"embeddable":true,"href":"https:\/\/info.edu.turku.fi\/katedral\/wp-json\/wp\/v2\/users\/1"}],"replies":[{"embeddable":true,"href":"https:\/\/info.edu.turku.fi\/katedral\/wp-json\/wp\/v2\/comments?post=3893"}],"version-history":[{"count":23,"href":"https:\/\/info.edu.turku.fi\/katedral\/wp-json\/wp\/v2\/pages\/3893\/revisions"}],"predecessor-version":[{"id":5114,"href":"https:\/\/info.edu.turku.fi\/katedral\/wp-json\/wp\/v2\/pages\/3893\/revisions\/5114"}],"wp:attachment":[{"href":"https:\/\/info.edu.turku.fi\/katedral\/wp-json\/wp\/v2\/media?parent=3893"}],"curies":[{"name":"wp","href":"https:\/\/api.w.org\/{rel}","templated":true}]}}