{"id":3776,"date":"2023-06-14T10:07:00","date_gmt":"2023-06-14T08:07:00","guid":{"rendered":"https:\/\/info.edu.turku.fi\/katedral\/?page_id=3776"},"modified":"2025-05-30T14:42:28","modified_gmt":"2025-05-30T12:42:28","slug":"arsberattelser","status":"publish","type":"page","link":"https:\/\/info.edu.turku.fi\/katedral\/arsberattelser\/","title":{"rendered":"\u00c5rsber\u00e4ttelser"},"content":{"rendered":"\n<p>H\u00e4r hittar du l\u00e4nkar till \u00e5rsber\u00e4ttelserna<\/p>\n\n\n\n<h2 class=\"wp-block-heading\">\u00c5rsber\u00e4ttelsen 2024-2025<\/h2>\n\n\n\n<p><a href=\"https:\/\/drive.google.com\/file\/d\/1gU3x8KAooIIFNFemLWGVfl6kn0ntJwZZ\/view?usp=sharing\">\u00c5rsber\u00e4ttelse 2024-2025<\/a><\/p>\n\n\n\n<h2 class=\"wp-block-heading\">\u00c5rsber\u00e4ttelsen 2023-2024<\/h2>\n\n\n\n<p><a href=\"https:\/\/info.edu.turku.fi\/katedral\/wp-content\/uploads\/2024\/05\/arsberattelse24_webb.pdf\">https:\/\/info.edu.turku.fi\/katedral\/wp-content\/uploads\/2024\/05\/arsberattelse24_webb.pdf<\/a><\/p>\n\n\n\n<h2 class=\"wp-block-heading\">\u00c5rsber\u00e4ttelsen 2022 &#8211; 2023<\/h2>\n\n\n\n<p><a href=\"https:\/\/info.edu.turku.fi\/katedral\/wp-content\/uploads\/2023\/06\/arsberattelse23.pdf\">https:\/\/info.edu.turku.fi\/katedral\/wp-content\/uploads\/2023\/06\/arsberattelse23.pdf<\/a><\/p>\n","protected":false},"excerpt":{"rendered":"<p>H\u00e4r hittar du l\u00e4nkar till \u00e5rsber\u00e4ttelserna \u00c5rsber\u00e4ttelsen 2024-2025 \u00c5rsber\u00e4ttelse 2024-2025 \u00c5rsber\u00e4ttelsen 2023-2024 https:\/\/info.edu.turku.fi\/katedral\/wp-content\/uploads\/2024\/05\/arsberattelse24_webb.pdf \u00c5rsber\u00e4ttelsen 2022 &#8211; 2023 https:\/\/info.edu.turku.fi\/katedral\/wp-content\/uploads\/2023\/06\/arsberattelse23.pdf<\/p>\n","protected":false},"author":1,"featured_media":0,"parent":0,"menu_order":0,"comment_status":"closed","ping_status":"closed","template":"","meta":{"footnotes":""},"_links":{"self":[{"href":"https:\/\/info.edu.turku.fi\/katedral\/wp-json\/wp\/v2\/pages\/3776"}],"collection":[{"href":"https:\/\/info.edu.turku.fi\/katedral\/wp-json\/wp\/v2\/pages"}],"about":[{"href":"https:\/\/info.edu.turku.fi\/katedral\/wp-json\/wp\/v2\/types\/page"}],"author":[{"embeddable":true,"href":"https:\/\/info.edu.turku.fi\/katedral\/wp-json\/wp\/v2\/users\/1"}],"replies":[{"embeddable":true,"href":"https:\/\/info.edu.turku.fi\/katedral\/wp-json\/wp\/v2\/comments?post=3776"}],"version-history":[{"count":5,"href":"https:\/\/info.edu.turku.fi\/katedral\/wp-json\/wp\/v2\/pages\/3776\/revisions"}],"predecessor-version":[{"id":4757,"href":"https:\/\/info.edu.turku.fi\/katedral\/wp-json\/wp\/v2\/pages\/3776\/revisions\/4757"}],"wp:attachment":[{"href":"https:\/\/info.edu.turku.fi\/katedral\/wp-json\/wp\/v2\/media?parent=3776"}],"curies":[{"name":"wp","href":"https:\/\/api.w.org\/{rel}","templated":true}]}}