{"id":368,"date":"2017-04-10T12:26:35","date_gmt":"2017-04-10T10:26:35","guid":{"rendered":"https:\/\/info.edu.turku.fi\/katedral\/?page_id=368"},"modified":"2017-06-07T09:30:32","modified_gmt":"2017-06-07T07:30:32","slug":"rektorer","status":"publish","type":"page","link":"https:\/\/info.edu.turku.fi\/katedral\/om-oss\/rektorer\/","title":{"rendered":"Rektorer"},"content":{"rendered":"<p><span class=\"s1\"><img decoding=\"async\" loading=\"lazy\" class=\"wp-image-430 alignright\" src=\"https:\/\/info.edu.turku.fi\/katedral\/wp-content\/uploads\/2017\/04\/trappracke_noora3-300x200.jpg\" alt=\"\" width=\"399\" height=\"266\" srcset=\"https:\/\/info.edu.turku.fi\/katedral\/wp-content\/uploads\/2017\/04\/trappracke_noora3-300x200.jpg 300w, https:\/\/info.edu.turku.fi\/katedral\/wp-content\/uploads\/2017\/04\/trappracke_noora3-360x240.jpg 360w, https:\/\/info.edu.turku.fi\/katedral\/wp-content\/uploads\/2017\/04\/trappracke_noora3.jpg 600w\" sizes=\"(max-width: 399px) 100vw, 399px\" \/><\/span><\/p>\n<h2 class=\"p1\"><span class=\"s1\">REKTORER<\/span><\/h2>\n<h3 class=\"p1\"><span class=\"s1\">Skolan och dess rektorer genom tiderna<\/span><\/h3>\n<p class=\"p2\"><span class=\"s2\">CAPITULUM ECCLESIAE ABOENSIS SCHOLA CATHEDRALIS 1630<\/span><span class=\"s1\"><br \/>\n<\/span><span class=\"s2\">GYMNASIUM 1640<\/span><span class=\"s1\"><br \/>\n<\/span><span class=\"s2\">KATHEDRALSKOLA 1830<\/span><span class=\"s1\"><br \/>\n<\/span><span class=\"s2\">\u00c5BO GYMNASIUM 1872<\/span><span class=\"s1\"><br \/>\n<\/span><span class=\"s2\">SVENSKA KLASSISKA LYCEUM 1971<\/span><span class=\"s1\"><br \/>\n<\/span><span class=\"s2\">KATEDRALSKOLAN I \u00c5BO<\/span><\/p>\n<h3 class=\"p1\"><span class=\"s1\">Skolans rektorer<\/span><\/h3>\n<p class=\"p1\"><span class=\"s1\">1276 &#8212;&#8211;<\/span><span class=\"s2\"><br \/>\n<\/span><span class=\"s1\">c.-1350-1355 HENRIK TEMPIL<\/span><span class=\"s2\"><br \/>\n<\/span><span class=\"s1\">-1359- BIRGER<\/span><span class=\"s2\"><br \/>\n<\/span><span class=\"s1\">1432-1433 JAKOB R\u00d6D<\/span><span class=\"s2\"><br \/>\n<\/span><span class=\"s1\">-1480- MAGNUS JOHANNIS<\/span><span class=\"s2\"><br \/>\n<\/span><span class=\"s1\">-1509-1512- MATHIAS KURIN<\/span><span class=\"s2\"><br \/>\n<\/span><span class=\"s1\">(1524-1529 PEDER S\u00c4RKILAX)<\/span><span class=\"s2\"><br \/>\n<\/span><span class=\"s1\">1535-1539 TOMAS KEIJOI<\/span><span class=\"s2\"><br \/>\n<\/span><span class=\"s1\">1539-1548 MIKAEL AGRICOLA<\/span><span class=\"s2\"><br \/>\n<\/span><span class=\"s1\">1548-1554 PAUL JUUSTEN<\/span><span class=\"s2\"><br \/>\n<\/span><span class=\"s1\">1555-1559 ERIK H\u00c4RK\u00c4P\u00c4\u00c4<\/span><span class=\"s2\"><br \/>\n<\/span><span class=\"s1\">1559-1562 HENRIK JACOBI<\/span><span class=\"s2\"><br \/>\n<\/span><span class=\"s1\">1562-1568 ERIK H\u00c4RK\u00c4P\u00c4\u00c4<\/span><span class=\"s2\"><br \/>\n<\/span><span class=\"s1\">1568-1578 JAKOB FINNO<\/span><span class=\"s2\"><br \/>\n<\/span><span class=\"s1\">1578-1583 KRISTIAN AGRICOLA<\/span><span class=\"s2\"><br \/>\n<\/span><span class=\"s1\">1583-1588 JAKOB FINNO<\/span><span class=\"s2\"><br \/>\n<\/span><span class=\"s1\">1588-1595 GREGORIUS TEIT<\/span><span class=\"s2\"><br \/>\n<\/span><span class=\"s1\">1595-1609 MARKUS HELSINGIUS<\/span><span class=\"s2\"><br \/>\n<\/span><span class=\"s1\">1609-1615 JOAKIM STUTAEUS<\/span><span class=\"s2\"><br \/>\n<\/span><span class=\"s1\">1616-1630 GABRIEL MELARTOPAEUS<\/span><span class=\"s2\"><br \/>\n<\/span><span class=\"s1\">1630-1631 MARTIN STODIUS<\/span><span class=\"s2\"><br \/>\n<\/span><span class=\"s1\">1631-1632 ERIK FORTELIUS<\/span><span class=\"s2\"><br \/>\n<\/span><span class=\"s1\">1632-1634 BO\u00cbTIUS MURENIUS<\/span><span class=\"s2\"><br \/>\n<\/span><span class=\"s1\">1634-1637 MARTIN STODIUS<\/span><span class=\"s2\"><br \/>\n<\/span><span class=\"s1\">1637-1638 JOHANNES ORBERGIUS<\/span><span class=\"s2\"><br \/>\n<\/span><span class=\"s1\">1638-1640 GEORG ALANUS<\/span><span class=\"s2\"><br \/>\n<\/span><span class=\"s1\">1640-1649 SAMUEL HARTMAN<\/span><span class=\"s2\"><br \/>\n<\/span><span class=\"s1\">1649-1661 ANDREAS NYCOPENSIS<\/span><span class=\"s2\"><br \/>\n<\/span><span class=\"s1\">1661-1670 MATHIAS ROTHOVIUS<\/span><span class=\"s2\"><br \/>\n<\/span><span class=\"s1\">1670-1677 GABRIEL TAMMELIN<\/span><span class=\"s2\"><br \/>\n<\/span><span class=\"s1\">1677-1682 GABRIEL FORTELIUS<\/span><span class=\"s2\"><br \/>\n<\/span><span class=\"s1\">1682-1685 CHRISTIERN WALSTENIUS<\/span><span class=\"s2\"><br \/>\n<\/span><span class=\"s1\">1685-1697 ISAK PIHLMAN<\/span><span class=\"s2\"><br \/>\n<\/span><span class=\"s1\">1698-1710 HERMAN ROSS<\/span><span class=\"s2\"><br \/>\n<\/span><span class=\"s1\">1710-1722 JOHANNES ZIDB\u00c4CK<\/span><span class=\"s2\"><br \/>\n<\/span><span class=\"s1\">1722-1730 ANDREAS DEGERMAN<\/span><span class=\"s2\"><br \/>\n<\/span><span class=\"s1\">1730-1747 ISRAEL PELDAN<\/span><span class=\"s2\"><br \/>\n<\/span><span class=\"s1\">1747-1753 MARTIN GR\u00c5\u00c5<\/span><span class=\"s2\"><br \/>\n<\/span><span class=\"s1\">1753-1765 MARTIN CERENIUS<\/span><span class=\"s2\"><br \/>\n<\/span><span class=\"s1\">1765-1774 ANDREAS WETTERBLAD<\/span><span class=\"s2\"><br \/>\n<\/span><span class=\"s1\">1775-1799 NIKLAS TURDIN<\/span><span class=\"s2\"><br \/>\n<\/span><span class=\"s1\">(1798-1802 NILS GUSTAF BRANDER)<\/span><span class=\"s2\"><br \/>\n<\/span><span class=\"s1\">1800-1801 GUSTAF CHRONANDER<\/span><span class=\"s2\"><br \/>\n<\/span><span class=\"s1\">1802-1819 HENRIK REINHOLD B\u00c4CK<\/span><span class=\"s2\"><br \/>\n<\/span><span class=\"s1\">1820-1830 ERIK ELFGREN<\/span><span class=\"s2\"><br \/>\n<\/span><span class=\"s1\">1830-1831 ADAM EDMAN<\/span><span class=\"s2\"><br \/>\n<\/span><span class=\"s1\">1831-1832 JOHAN MATTIAS SUNDWALL<\/span><span class=\"s2\"><br \/>\n<\/span><span class=\"s1\">1832-1833 ERIK ELFGREN<\/span><span class=\"s2\"><br \/>\n<\/span><span class=\"s1\">1833-1834 GUSTAF WILHELM R\u00d6NNB\u00c4CK<\/span><span class=\"s2\"><br \/>\n<\/span><span class=\"s1\">1834-1835 CARL JOSEF ESTLANDER<\/span><span class=\"s2\"><br \/>\n<\/span><span class=\"s1\">1835-1836 EDVARD BERGENHEIM<\/span><span class=\"s2\"><br \/>\n<\/span><span class=\"s1\">1836-1837 ADAM EDMAN<\/span><span class=\"s2\"><br \/>\n<\/span><span class=\"s1\">1837-1838 ERIK ELFGREN<\/span><span class=\"s2\"><br \/>\n<\/span><span class=\"s1\">1838-1839 CARL JOSEF ESTLANDER<\/span><span class=\"s2\"><br \/>\n<\/span><span class=\"s1\">1839-1840 EDVARD BERGENHEIM<\/span><span class=\"s2\"><br \/>\n<\/span><span class=\"s1\">1840-1841 HENRIK HEIKEL<\/span><span class=\"s2\"><br \/>\n<\/span><span class=\"s1\">1841-1842 ADAM EDMAN<\/span><span class=\"s2\"><br \/>\n<\/span><span class=\"s1\">1842-1843 ERIK ELFGREN<\/span><span class=\"s2\"><br \/>\n<\/span><span class=\"s1\">1843-1850 EDVARD BERGENHEIM<\/span><span class=\"s2\"><br \/>\n<\/span><span class=\"s1\">1850-1858 FREDRIK HERTZBERG<\/span><span class=\"s2\"><br \/>\n<\/span><span class=\"s1\">1858-1872 FRANS HJELT<\/span><span class=\"s2\"><br \/>\n<\/span><span class=\"s1\">1872-1876 CARL JAKOB ARRHENIUS<\/span><span class=\"s2\"><br \/>\n<\/span><span class=\"s1\">1876-1886 TITUS REUTER<\/span><span class=\"s2\"><br \/>\n<\/span><span class=\"s1\">1886-1892 CARL JAKOB ARRHENIUS<\/span><span class=\"s2\"><br \/>\n<\/span><span class=\"s1\">1892-1903 EMIL AMNELL<\/span><span class=\"s2\"><br \/>\n<\/span><span class=\"s1\">1904-1907 KARL JULIUS HARTMAN<\/span><span class=\"s2\"><br \/>\n<\/span><span class=\"s1\">1907-1913 GUSTAF REINHOLD T\u00d6RNGREN<\/span><span class=\"s2\"><br \/>\n<\/span><span class=\"s1\">1913-1916 EMIL JALAVA<\/span><span class=\"s2\"><br \/>\n<\/span><span class=\"s1\">1916-1934 UNO BERGLUND<\/span><span class=\"s2\"><br \/>\n<\/span><span class=\"s1\">1934-1953 BRUNO SAX\u00c9N<\/span><span class=\"s2\"><br \/>\n<\/span><span class=\"s1\">1953-1959 ESKIL HUMMELSTEDT<\/span><span class=\"s2\"><br \/>\n<\/span><span class=\"s1\">1959-1975 AARRE HELANDER<\/span><span class=\"s2\"><br \/>\n<\/span><span class=\"s1\">1975-1976 BERIT BJ\u00d6RKL\u00d6F<\/span><span class=\"s2\"><br \/>\n<\/span><span class=\"s1\">1976-1988 BARBRO FONTELL<\/span><span class=\"s2\"><br \/>\n<\/span><span class=\"s1\">1988-2014 BERTEL WAHLSTR\u00d6M<\/span><span class=\"s2\"><br \/>\n<\/span><span class=\"s1\">2014- MARIANNE P\u00c4RN\u00c4NEN<\/span><\/p>\n","protected":false},"excerpt":{"rendered":"<p>REKTORER Skolan och dess rektorer genom tiderna CAPITULUM ECCLESIAE ABOENSIS SCHOLA CATHEDRALIS 1630 GYMNASIUM 1640 KATHEDRALSKOLA 1830 \u00c5BO GYMNASIUM 1872 SVENSKA KLASSISKA LYCEUM 1971 KATEDRALSKOLAN I \u00c5BO Skolans rektorer 1276 &#8212;&#8211; c.-1350-1355 HENRIK TEMPIL -1359- BIRGER 1432-1433 JAKOB R\u00d6D -1480- <a href=\"https:\/\/info.edu.turku.fi\/katedral\/om-oss\/rektorer\/\" class=\"read-more\">L\u00e4s mera &#8230;<\/a><\/p>\n","protected":false},"author":1,"featured_media":0,"parent":17,"menu_order":0,"comment_status":"closed","ping_status":"closed","template":"","meta":{"footnotes":""},"_links":{"self":[{"href":"https:\/\/info.edu.turku.fi\/katedral\/wp-json\/wp\/v2\/pages\/368"}],"collection":[{"href":"https:\/\/info.edu.turku.fi\/katedral\/wp-json\/wp\/v2\/pages"}],"about":[{"href":"https:\/\/info.edu.turku.fi\/katedral\/wp-json\/wp\/v2\/types\/page"}],"author":[{"embeddable":true,"href":"https:\/\/info.edu.turku.fi\/katedral\/wp-json\/wp\/v2\/users\/1"}],"replies":[{"embeddable":true,"href":"https:\/\/info.edu.turku.fi\/katedral\/wp-json\/wp\/v2\/comments?post=368"}],"version-history":[{"count":6,"href":"https:\/\/info.edu.turku.fi\/katedral\/wp-json\/wp\/v2\/pages\/368\/revisions"}],"predecessor-version":[{"id":435,"href":"https:\/\/info.edu.turku.fi\/katedral\/wp-json\/wp\/v2\/pages\/368\/revisions\/435"}],"up":[{"embeddable":true,"href":"https:\/\/info.edu.turku.fi\/katedral\/wp-json\/wp\/v2\/pages\/17"}],"wp:attachment":[{"href":"https:\/\/info.edu.turku.fi\/katedral\/wp-json\/wp\/v2\/media?parent=368"}],"curies":[{"name":"wp","href":"https:\/\/api.w.org\/{rel}","templated":true}]}}