{"id":2603,"date":"2021-01-26T15:04:05","date_gmt":"2021-01-26T14:04:05","guid":{"rendered":"https:\/\/info.edu.turku.fi\/katedral\/?page_id=2603"},"modified":"2021-01-28T10:19:26","modified_gmt":"2021-01-28T09:19:26","slug":"tematiska-studier","status":"publish","type":"page","link":"https:\/\/info.edu.turku.fi\/katedral\/ansokan\/information-om-amnesvisa-studier\/tematiska-studier\/","title":{"rendered":"Tematiska studier"},"content":{"rendered":"\n<h2 class=\"wp-block-heading\">3D-printing och produktformgivning<\/h2>\n\n\n\n<p>Katedralskolan erbjuder i samarbete med Steam-projektet ett studieavsnitt d\u00e4r studerande f\u00e5r formge och skriva ut f\u00f6rem\u00e5l p\u00e5 skolans 3D-skrivare. Studierna \u00e4r ett bra tillf\u00e4lle att l\u00e4ra sig hur ett 3D-ritprogram och en 3D-skrivare fungerar.<br>Steam, som \u00e4r en f\u00f6rkortning av Science, Technology, Engineering, Arts and Matehmatics \u00e4r ett projekt d\u00e4r man jobbar \u00e4mnes\u00f6vergripande med olika teman i syfte att \u00f6ka kunskaperna och f\u00f6rst\u00e5elsen i bland annat teknik och naturvetenskaper.<br>Studieavsnittet i 3D-printing och produktformgivning b\u00f6rjar med att man v\u00e4ljer en produkt som man formger och skapar i 3D-programmet SketchUp. Inga f\u00f6rkunskaper i 3D-ritning beh\u00f6vs, vi l\u00e4r ut grunderna i SketchUp. Kursen \u00e4r en \u00e4mnesintegrerad kurs i matematik och bildkonst. F\u00f6rutom att rita produkter i 3D, ber\u00e4knar vi skalor och material\u00e5tg\u00e5ng innan vi slutligen skriver ut produkterna p\u00e5 skolans 3D-skrivare.<br>Studieavsnittet kan ocks\u00e5 avl\u00e4ggas delvis p\u00e5 egen hand under h\u00e5ltimmar.<\/p>\n","protected":false},"excerpt":{"rendered":"<p>3D-printing och produktformgivning Katedralskolan erbjuder i samarbete med Steam-projektet ett studieavsnitt d\u00e4r studerande f\u00e5r formge och skriva ut f\u00f6rem\u00e5l p\u00e5 skolans 3D-skrivare. Studierna \u00e4r ett bra tillf\u00e4lle att l\u00e4ra sig hur ett 3D-ritprogram och en 3D-skrivare fungerar.Steam, som \u00e4r en <a href=\"https:\/\/info.edu.turku.fi\/katedral\/ansokan\/information-om-amnesvisa-studier\/tematiska-studier\/\" class=\"read-more\">L\u00e4s mera &#8230;<\/a><\/p>\n","protected":false},"author":1,"featured_media":0,"parent":2444,"menu_order":0,"comment_status":"closed","ping_status":"closed","template":"","meta":{"footnotes":""},"_links":{"self":[{"href":"https:\/\/info.edu.turku.fi\/katedral\/wp-json\/wp\/v2\/pages\/2603"}],"collection":[{"href":"https:\/\/info.edu.turku.fi\/katedral\/wp-json\/wp\/v2\/pages"}],"about":[{"href":"https:\/\/info.edu.turku.fi\/katedral\/wp-json\/wp\/v2\/types\/page"}],"author":[{"embeddable":true,"href":"https:\/\/info.edu.turku.fi\/katedral\/wp-json\/wp\/v2\/users\/1"}],"replies":[{"embeddable":true,"href":"https:\/\/info.edu.turku.fi\/katedral\/wp-json\/wp\/v2\/comments?post=2603"}],"version-history":[{"count":2,"href":"https:\/\/info.edu.turku.fi\/katedral\/wp-json\/wp\/v2\/pages\/2603\/revisions"}],"predecessor-version":[{"id":2613,"href":"https:\/\/info.edu.turku.fi\/katedral\/wp-json\/wp\/v2\/pages\/2603\/revisions\/2613"}],"up":[{"embeddable":true,"href":"https:\/\/info.edu.turku.fi\/katedral\/wp-json\/wp\/v2\/pages\/2444"}],"wp:attachment":[{"href":"https:\/\/info.edu.turku.fi\/katedral\/wp-json\/wp\/v2\/media?parent=2603"}],"curies":[{"name":"wp","href":"https:\/\/api.w.org\/{rel}","templated":true}]}}