{"id":2479,"date":"2021-01-20T12:01:37","date_gmt":"2021-01-20T11:01:37","guid":{"rendered":"https:\/\/info.edu.turku.fi\/katedral\/?page_id=2479"},"modified":"2021-01-28T10:17:56","modified_gmt":"2021-01-28T09:17:56","slug":"studiehandledning","status":"publish","type":"page","link":"https:\/\/info.edu.turku.fi\/katedral\/ansokan\/information-om-amnesvisa-studier\/studiehandledning\/","title":{"rendered":"Studiehandledning"},"content":{"rendered":"\n<h2 class=\"wp-block-heading\">Studiehandledning<\/h2>\n\n\n\n<p>Under f\u00f6rsta studie\u00e5ret vid Katedralskolan har man ett obligatoriskt studieavsnitt i studiehandledning, och ut\u00f6ver det kan man ta ett valfritt studieavsnitt p\u00e5 v\u00e5ren om man vill bli tutor f\u00f6r f\u00f6ljande \u00e5rs ettor.<\/p>\n\n\n\n<p>Det f\u00f6rsta obligatoriska studieavsnittet SH1 (2sp) h\u00f6r ihop med studieavsnittet i data, och lektioner i b\u00e5da b\u00f6rjar genast i den f\u00f6rsta perioden. Ett viktigt m\u00e5l f\u00f6r studieavsnittet SH1 \u00e4r att de studerande ska bli bekanta med examensstrukturen i gymnasiet, studentskrivningar och att de ska fundera p\u00e5 \u00e4mnesvalet i gymnasiet etc., och d\u00e4rf\u00f6r h\u00e5lls en del av lektionerna f\u00f6rst i period 4 d\u00e5 \u00e4mnesvalet inf\u00f6r det andra \u00e5ret g\u00f6rs, och d\u00e5 de studerande redan kommit ig\u00e5ng med studierna vid gymnasiet.<\/p>\n\n\n\n<p>Under de obligatoriska studieavsnitten SH1 och SH2 g\u00f6r varje studerande en egen studieplan, en plan f\u00f6r studentexamen samt en plan f\u00f6r fortsatta studier och yrkeskarri\u00e4r. F\u00f6r att kunna g\u00f6ra dessa planer \u00e4r det viktigt att man har bra sj\u00e4lvk\u00e4nnedom, att man kan identifiera och formulera sina styrkor, kunskaper och intresseomr\u00e5den, och att man f\u00f6rst\u00e5r hur de egna valen inverkar p\u00e5 m\u00f6jligheterna att s\u00f6ka till fortsatta studier. Allt detta diskuteras mycket under lektionerna i studiehandledning.<\/p>\n\n\n\n<p>En viktig del av studierna inom \u00e4mnet studiehandledning \u00e4r ocks\u00e5 studieteknik \u2013 vi \u00f6var p\u00e5 studief\u00e4rdigheter och \u2013metoder som beh\u00f6vs i gymnasiet, och hur man planerar sin tidsanv\u00e4ndning s\u00e5 att man klarar av studierna men \u00e4nd\u00e5 har tid f\u00f6r hobbyer och annat viktigt. Att kunna hantera stress \u00e4r en viktig kompetens ocks\u00e5 i framtiden med fortsatta studier och arbetslivet.<\/p>\n\n\n\n<p>Det andra obligatoriska studieavsnittet i studiehandledning, SH2 (2sp), avl\u00e4ggs delvis under det andra studie\u00e5ret och delvis under det tredje. Fokus det andra \u00e5ret ligger ganska l\u00e5ngt p\u00e5 kunskap om arbetsliv, arbetslivsf\u00e4rdigheter och entrepren\u00f6rskap samt orientering i arbetslivet. Under det tredje \u00e5ret koncentrerar man specifikt p\u00e5 fortsatta studier, ens egna plan f\u00f6r fortsatta studier och framtiden, och som en del av studieavsnittet deltar man i flera temadagar\/studiebes\u00f6k\/\u201dabidagar\u201d\/informationstillf\u00e4llen s\u00e5 att man kan bekanta sig med olika studiealternativ efter gymnasiet.<\/p>\n\n\n\n<h2 class=\"wp-block-heading\">Data<\/h2>\n\n\n\n<p>Till studiehandledningen h\u00f6r ocks\u00e5 studier i informationsteknik. Under studierna i data installerar vi, och \u00f6var anv\u00e4ndningen av de program som anv\u00e4nds under gymnasiestudierna. En viktig del av datastudierna best\u00e5r av inl\u00e4rningen av det elektroniska provsystemet Abitti som ocks\u00e5 anv\u00e4nds i studentexamen. De studerande l\u00e4r sig att skapa sina egna Abitti-stickor, att starta upp sina datorer i provsystemet och anv\u00e4nda de specialprogram som ing\u00e5r i provsystemet. Ut\u00f6ver Abitti f\u00f6rdjupar vi och repeterar kunskaperna i anv\u00e4ndningen av de vanligaste skriv-, kalkyl-, presentations- , rit- och bildbehandlingsprogrammen. Datan g\u00e5r parallellt med studiehandledningen i schemat.<\/p>\n\n\n\n<h2 class=\"wp-block-heading\">&#8221;Studera starkt \u2013 Livsgl\u00e4dje och resurser f\u00f6r gymnasiestuderande&#8221; <\/h2>\n\n\n\n<p>handlar om att \u00f6ka v\u00e4lbefinnande och resurser hos studerande genom bepr\u00f6vade metoder och forskning i positiv psykologi.<br>Inneh\u00e5llet omfattar studieavsnitt kring att bygga upp inre resurser och arbeta utg\u00e5ende fr\u00e5n sina styrkor, en tilltro till sina f\u00f6rm\u00e5gor och utvecklingspotential, f\u00f6rm\u00e5ga att hantera utmaningar och stress samt en \u00f6kad livsgl\u00e4dje och sociala f\u00f6rm\u00e5gor. Syftet \u00e4r att st\u00e4rka inte bara v\u00e4lbefinnandet utan \u00e4ven gymnasiestuderandenas livsf\u00e4rdigheter och resurser som i f\u00f6rl\u00e4ngningen bidrar till goda skolprestationer b\u00e5de i gymnasiet och i vidare studier.<\/p>\n","protected":false},"excerpt":{"rendered":"<p>Studiehandledning Under f\u00f6rsta studie\u00e5ret vid Katedralskolan har man ett obligatoriskt studieavsnitt i studiehandledning, och ut\u00f6ver det kan man ta ett valfritt studieavsnitt p\u00e5 v\u00e5ren om man vill bli tutor f\u00f6r f\u00f6ljande \u00e5rs ettor. Det f\u00f6rsta obligatoriska studieavsnittet SH1 (2sp) h\u00f6r <a href=\"https:\/\/info.edu.turku.fi\/katedral\/ansokan\/information-om-amnesvisa-studier\/studiehandledning\/\" class=\"read-more\">L\u00e4s mera &#8230;<\/a><\/p>\n","protected":false},"author":1,"featured_media":0,"parent":2444,"menu_order":5,"comment_status":"closed","ping_status":"closed","template":"","meta":{"footnotes":""},"_links":{"self":[{"href":"https:\/\/info.edu.turku.fi\/katedral\/wp-json\/wp\/v2\/pages\/2479"}],"collection":[{"href":"https:\/\/info.edu.turku.fi\/katedral\/wp-json\/wp\/v2\/pages"}],"about":[{"href":"https:\/\/info.edu.turku.fi\/katedral\/wp-json\/wp\/v2\/types\/page"}],"author":[{"embeddable":true,"href":"https:\/\/info.edu.turku.fi\/katedral\/wp-json\/wp\/v2\/users\/1"}],"replies":[{"embeddable":true,"href":"https:\/\/info.edu.turku.fi\/katedral\/wp-json\/wp\/v2\/comments?post=2479"}],"version-history":[{"count":3,"href":"https:\/\/info.edu.turku.fi\/katedral\/wp-json\/wp\/v2\/pages\/2479\/revisions"}],"predecessor-version":[{"id":2612,"href":"https:\/\/info.edu.turku.fi\/katedral\/wp-json\/wp\/v2\/pages\/2479\/revisions\/2612"}],"up":[{"embeddable":true,"href":"https:\/\/info.edu.turku.fi\/katedral\/wp-json\/wp\/v2\/pages\/2444"}],"wp:attachment":[{"href":"https:\/\/info.edu.turku.fi\/katedral\/wp-json\/wp\/v2\/media?parent=2479"}],"curies":[{"name":"wp","href":"https:\/\/api.w.org\/{rel}","templated":true}]}}