{"id":2444,"date":"2021-01-19T14:39:37","date_gmt":"2021-01-19T13:39:37","guid":{"rendered":"https:\/\/info.edu.turku.fi\/katedral\/?page_id=2444"},"modified":"2023-09-18T15:21:25","modified_gmt":"2023-09-18T13:21:25","slug":"information-om-amnesvisa-studier","status":"publish","type":"page","link":"https:\/\/info.edu.turku.fi\/katedral\/ansokan\/information-om-amnesvisa-studier\/","title":{"rendered":"Information om \u00e4mnesvisa studier"},"content":{"rendered":"\n<div class=\"wp-block-group\"><div class=\"wp-block-group__inner-container is-layout-flow wp-block-group-is-layout-flow\">\n<div class=\"wp-block-columns is-layout-flex wp-container-2 wp-block-columns-is-layout-flex\">\n<div class=\"wp-block-column is-layout-flow wp-block-column-is-layout-flow\">\n<p>H\u00e4r hittar du information om de studieavsnitt som \u00e4r intressanta och relevanta under f\u00f6rsta \u00e5ret i Katedralskolan och beskrivningar av de olika \u00e4mnena. Informationen \u00e4r riktad speciellt till nior som s\u00f6ker till oss och funderar \u00f6ver sina studieval. <\/p>\n<\/div>\n<\/div>\n\n\n\n<p><\/p>\n<\/div><\/div>\n\n\n\n<div class=\"wp-block-group\"><div class=\"wp-block-group__inner-container is-layout-flow wp-block-group-is-layout-flow\">\n<div class=\"wp-block-columns is-layout-flex wp-container-6 wp-block-columns-is-layout-flex\">\n<div class=\"wp-block-column is-layout-flow wp-block-column-is-layout-flow\">\n<figure class=\"wp-block-image size-large\"><a href=\"https:\/\/info.edu.turku.fi\/katedral\/ansokan\/information-om-amnesvisa-studier\/modersmal-och-litteratur-det-andra-inhemska-spraket-och-frammande-sprak\/\"><img decoding=\"async\" loading=\"lazy\" width=\"600\" height=\"442\" src=\"https:\/\/info.edu.turku.fi\/katedral\/wp-content\/uploads\/2021\/01\/mo_sprak.jpg\" alt=\"ritning av skolbyggnad\" class=\"wp-image-2501\" srcset=\"https:\/\/info.edu.turku.fi\/katedral\/wp-content\/uploads\/2021\/01\/mo_sprak.jpg 600w, https:\/\/info.edu.turku.fi\/katedral\/wp-content\/uploads\/2021\/01\/mo_sprak-300x221.jpg 300w, https:\/\/info.edu.turku.fi\/katedral\/wp-content\/uploads\/2021\/01\/mo_sprak-360x265.jpg 360w\" sizes=\"(max-width: 600px) 100vw, 600px\" \/><\/a><figcaption><a href=\"https:\/\/info.edu.turku.fi\/katedral\/ansokan\/information-om-amnesvisa-studier\/modersmal-och-litteratur-det-andra-inhemska-spraket-och-frammande-sprak\/\" data-type=\"page\" data-id=\"2448\">Studier i modersm\u00e5l och litteratur, det andra inhemska spr\u00e5ket och fr\u00e4mmande spr\u00e5k<\/a><\/figcaption><\/figure>\n\n\n\n<p style=\"font-size:18px\"><\/p>\n<\/div>\n\n\n\n<div class=\"wp-block-column is-layout-flow wp-block-column-is-layout-flow\">\n<figure class=\"wp-block-image size-large\"><a href=\"https:\/\/info.edu.turku.fi\/katedral\/ansokan\/information-om-amnesvisa-studier\/matematisk-naturvetenskapliga-studier\/\"><img decoding=\"async\" loading=\"lazy\" width=\"600\" height=\"442\" src=\"https:\/\/info.edu.turku.fi\/katedral\/wp-content\/uploads\/2021\/01\/ma_nave.jpg\" alt=\"ritning av skolbyggnad\" class=\"wp-image-2502\" srcset=\"https:\/\/info.edu.turku.fi\/katedral\/wp-content\/uploads\/2021\/01\/ma_nave.jpg 600w, https:\/\/info.edu.turku.fi\/katedral\/wp-content\/uploads\/2021\/01\/ma_nave-300x221.jpg 300w, https:\/\/info.edu.turku.fi\/katedral\/wp-content\/uploads\/2021\/01\/ma_nave-360x265.jpg 360w\" sizes=\"(max-width: 600px) 100vw, 600px\" \/><\/a><figcaption><a href=\"https:\/\/info.edu.turku.fi\/katedral\/ansokan\/information-om-amnesvisa-studier\/matematisk-naturvetenskapliga-studier\/\" data-type=\"page\" data-id=\"2459\">Matematisk-naturvetenskapliga studier<\/a><\/figcaption><\/figure>\n\n\n\n<p style=\"font-size:18px\"><\/p>\n<\/div>\n<\/div>\n<\/div><\/div>\n\n\n\n<div class=\"wp-block-group\"><div class=\"wp-block-group__inner-container is-layout-flow wp-block-group-is-layout-flow\">\n<div class=\"wp-block-columns is-layout-flex wp-container-10 wp-block-columns-is-layout-flex\">\n<div class=\"wp-block-column is-layout-flow wp-block-column-is-layout-flow\">\n<figure class=\"wp-block-image size-large is-resized\"><a href=\"https:\/\/info.edu.turku.fi\/katedral\/ansokan\/information-om-amnesvisa-studier\/humanistisk-samhalleliga-studier\/\"><img decoding=\"async\" loading=\"lazy\" src=\"https:\/\/info.edu.turku.fi\/katedral\/wp-content\/uploads\/2021\/01\/hum.jpg\" alt=\"byggnadsritning\" class=\"wp-image-2509\" width=\"450\" height=\"332\" srcset=\"https:\/\/info.edu.turku.fi\/katedral\/wp-content\/uploads\/2021\/01\/hum.jpg 600w, https:\/\/info.edu.turku.fi\/katedral\/wp-content\/uploads\/2021\/01\/hum-300x221.jpg 300w, https:\/\/info.edu.turku.fi\/katedral\/wp-content\/uploads\/2021\/01\/hum-360x265.jpg 360w\" sizes=\"(max-width: 450px) 100vw, 450px\" \/><\/a><figcaption><a href=\"https:\/\/info.edu.turku.fi\/katedral\/ansokan\/information-om-amnesvisa-studier\/humanistisk-samhalleliga-studier\/\" data-type=\"page\" data-id=\"2465\">Humanistisk-samh\u00e4lleliga<\/a> studier<\/figcaption><\/figure>\n\n\n\n<p><\/p>\n<\/div>\n\n\n\n<div class=\"wp-block-column is-layout-flow wp-block-column-is-layout-flow\">\n<figure class=\"wp-block-image size-large is-resized\"><a href=\"https:\/\/info.edu.turku.fi\/katedral\/ansokan\/information-om-amnesvisa-studier\/studier-i-konst-och-fardighetsamnen-2\/\"><img decoding=\"async\" loading=\"lazy\" src=\"https:\/\/info.edu.turku.fi\/katedral\/wp-content\/uploads\/2021\/01\/kogymu.jpg\" alt=\"ritning av byggnad\" class=\"wp-image-2510\" width=\"450\" height=\"332\" srcset=\"https:\/\/info.edu.turku.fi\/katedral\/wp-content\/uploads\/2021\/01\/kogymu.jpg 600w, https:\/\/info.edu.turku.fi\/katedral\/wp-content\/uploads\/2021\/01\/kogymu-300x221.jpg 300w, https:\/\/info.edu.turku.fi\/katedral\/wp-content\/uploads\/2021\/01\/kogymu-360x265.jpg 360w\" sizes=\"(max-width: 450px) 100vw, 450px\" \/><\/a><figcaption><a href=\"https:\/\/info.edu.turku.fi\/katedral\/ansokan\/information-om-amnesvisa-studier\/studier-i-konst-och-fardighetsamnen-2\/\" data-type=\"page\" data-id=\"2473\">Studier i konst- och f\u00e4rdighets\u00e4mnen<\/a><\/figcaption><\/figure>\n\n\n\n<p><\/p>\n<\/div>\n<\/div>\n<\/div><\/div>\n\n\n\n<div class=\"wp-block-group\"><div class=\"wp-block-group__inner-container is-layout-flow wp-block-group-is-layout-flow\">\n<div class=\"wp-block-columns is-layout-flex wp-container-14 wp-block-columns-is-layout-flex\">\n<div class=\"wp-block-column is-layout-flow wp-block-column-is-layout-flow\">\n<figure class=\"wp-block-image size-large is-resized\"><a href=\"https:\/\/info.edu.turku.fi\/katedral\/ansokan\/information-om-amnesvisa-studier\/studiehandledning\/\"><img decoding=\"async\" loading=\"lazy\" src=\"https:\/\/info.edu.turku.fi\/katedral\/wp-content\/uploads\/2021\/01\/stu_hand.jpg\" alt=\"byggnadsritning med text\" class=\"wp-image-2513\" width=\"450\" height=\"332\" srcset=\"https:\/\/info.edu.turku.fi\/katedral\/wp-content\/uploads\/2021\/01\/stu_hand.jpg 600w, https:\/\/info.edu.turku.fi\/katedral\/wp-content\/uploads\/2021\/01\/stu_hand-300x221.jpg 300w, https:\/\/info.edu.turku.fi\/katedral\/wp-content\/uploads\/2021\/01\/stu_hand-360x265.jpg 360w\" sizes=\"(max-width: 450px) 100vw, 450px\" \/><\/a><figcaption><a href=\"https:\/\/info.edu.turku.fi\/katedral\/ansokan\/information-om-amnesvisa-studier\/studiehandledning\/\" data-type=\"page\" data-id=\"2479\">Studiehandledning<\/a><\/figcaption><\/figure>\n\n\n\n<p><\/p>\n<\/div>\n\n\n\n<div class=\"wp-block-column is-layout-flow wp-block-column-is-layout-flow\">\n<figure class=\"wp-block-image size-large\"><a href=\"https:\/\/info.edu.turku.fi\/katedral\/ansokan\/information-om-amnesvisa-studier\/tematiska-studier\/\"><img decoding=\"async\" loading=\"lazy\" width=\"600\" height=\"442\" src=\"https:\/\/info.edu.turku.fi\/katedral\/wp-content\/uploads\/2021\/01\/tematiska.jpg\" alt=\"del av en byggnadsritning\" class=\"wp-image-2521\" srcset=\"https:\/\/info.edu.turku.fi\/katedral\/wp-content\/uploads\/2021\/01\/tematiska.jpg 600w, https:\/\/info.edu.turku.fi\/katedral\/wp-content\/uploads\/2021\/01\/tematiska-300x221.jpg 300w, https:\/\/info.edu.turku.fi\/katedral\/wp-content\/uploads\/2021\/01\/tematiska-360x265.jpg 360w\" sizes=\"(max-width: 600px) 100vw, 600px\" \/><\/a><figcaption><a href=\"https:\/\/info.edu.turku.fi\/katedral\/ansokan\/information-om-amnesvisa-studier\/tematiska-studier\/\" data-type=\"page\" data-id=\"2603\">Tematiska studier<\/a><\/figcaption><\/figure>\n<\/div>\n<\/div>\n<\/div><\/div>\n","protected":false},"excerpt":{"rendered":"<p>H\u00e4r hittar du information om de studieavsnitt som \u00e4r intressanta och relevanta under f\u00f6rsta \u00e5ret i Katedralskolan och beskrivningar av de olika \u00e4mnena. Informationen \u00e4r riktad speciellt till nior som s\u00f6ker till oss och funderar \u00f6ver sina studieval.<\/p>\n","protected":false},"author":1,"featured_media":0,"parent":115,"menu_order":0,"comment_status":"closed","ping_status":"closed","template":"","meta":{"footnotes":""},"_links":{"self":[{"href":"https:\/\/info.edu.turku.fi\/katedral\/wp-json\/wp\/v2\/pages\/2444"}],"collection":[{"href":"https:\/\/info.edu.turku.fi\/katedral\/wp-json\/wp\/v2\/pages"}],"about":[{"href":"https:\/\/info.edu.turku.fi\/katedral\/wp-json\/wp\/v2\/types\/page"}],"author":[{"embeddable":true,"href":"https:\/\/info.edu.turku.fi\/katedral\/wp-json\/wp\/v2\/users\/1"}],"replies":[{"embeddable":true,"href":"https:\/\/info.edu.turku.fi\/katedral\/wp-json\/wp\/v2\/comments?post=2444"}],"version-history":[{"count":31,"href":"https:\/\/info.edu.turku.fi\/katedral\/wp-json\/wp\/v2\/pages\/2444\/revisions"}],"predecessor-version":[{"id":3896,"href":"https:\/\/info.edu.turku.fi\/katedral\/wp-json\/wp\/v2\/pages\/2444\/revisions\/3896"}],"up":[{"embeddable":true,"href":"https:\/\/info.edu.turku.fi\/katedral\/wp-json\/wp\/v2\/pages\/115"}],"wp:attachment":[{"href":"https:\/\/info.edu.turku.fi\/katedral\/wp-json\/wp\/v2\/media?parent=2444"}],"curies":[{"name":"wp","href":"https:\/\/api.w.org\/{rel}","templated":true}]}}