{"id":210,"date":"2017-03-29T11:37:13","date_gmt":"2017-03-29T09:37:13","guid":{"rendered":"https:\/\/info.edu.turku.fi\/katedral\/?page_id=210"},"modified":"2021-09-24T12:25:57","modified_gmt":"2021-09-24T10:25:57","slug":"historik","status":"publish","type":"page","link":"https:\/\/info.edu.turku.fi\/katedral\/om-oss\/historik\/","title":{"rendered":"Historik"},"content":{"rendered":"<h2 class=\"p1\">Katedralskolan i tidsperspektiv<\/h2>\n<p class=\"p1\"><span class=\"s1\">Man antar att Katedralskolan i \u00c5bo grundlagts \u00e5r 1276 f\u00f6r att utbilda pojkar f\u00f6r kyrkans tj\u00e4nst. Skolhuset fanns fr\u00e5n slutet av 1400-talet i domkyrkans ringmur och skolm\u00e4staren h\u00f6ll str\u00e4ng ordning.<\/span><\/p>\n<figure id=\"attachment_350\" aria-describedby=\"caption-attachment-350\" style=\"width: 300px\" class=\"wp-caption alignleft\"><img decoding=\"async\" loading=\"lazy\" class=\"wp-image-350 size-medium\" src=\"https:\/\/info.edu.turku.fi\/katedral\/wp-content\/uploads\/2017\/03\/Domkyrkan-1630-300x300.jpg\" alt=\"\u00c5bo domkyrka med ringmur och byggnader i muren sett fr\u00e5n luften\" width=\"300\" height=\"300\" srcset=\"https:\/\/info.edu.turku.fi\/katedral\/wp-content\/uploads\/2017\/03\/Domkyrkan-1630-300x300.jpg 300w, https:\/\/info.edu.turku.fi\/katedral\/wp-content\/uploads\/2017\/03\/Domkyrkan-1630-150x150.jpg 150w, https:\/\/info.edu.turku.fi\/katedral\/wp-content\/uploads\/2017\/03\/Domkyrkan-1630-270x270.jpg 270w, https:\/\/info.edu.turku.fi\/katedral\/wp-content\/uploads\/2017\/03\/Domkyrkan-1630.jpg 700w\" sizes=\"(max-width: 300px) 100vw, 300px\" \/><figcaption id=\"caption-attachment-350\" class=\"wp-caption-text\">Domkyrkan med ringmur c 1630<\/figcaption><\/figure>\n<h3 class=\"p1\">Skolvardagen<\/h3>\n<p class=\"p1\"><span class=\"s1\">Katedralskolan har enligt f\u00f6rmodande grundlagts i anslutning till domkapitlet i \u00c5bo \u00e5r 1276. Skolan var, som andra domkyrkoskolor, avsedd att utbilda pojkar som skulle g\u00f6ra tj\u00e4nst i kyrkan. Skolhuset fanns i ringmuren som omgav domkyrkan fr\u00e5n slutet av 1400-talet. Skolm\u00e4staren, rektor, hade i uppdrag att l\u00e4ra gossarna latin, grammatik och retorik. Man kan anta att disciplinen var str\u00e4ng. Pojkarna satt p\u00e5 golvet d\u00e4r de hade placerat halm som sittplats. Vid katedern stod l\u00e4raren och dikterade medan eleverna skrev p\u00e5 sina griffeltavlor. N\u00e4r det var l\u00e4xf\u00f6rh\u00f6r kunde en elev som inte hade l\u00e4rt sig l\u00e4xan kallas upp till katedern d\u00e4r han m\u00e5ste r\u00e4cka fram h\u00e4nderna. L\u00e4raren tog f\u00e4rlan, en kort piska med flera remmar, och slog n\u00e5gra slag \u00f6ver fingrarna. D\u00e4refter kunde eleven g\u00e5 tillbaka till sin plats, d\u00e4r halmen f\u00e4rgades r\u00f6d av blod som droppade fr\u00e5n h\u00e4nderna.<\/span><span class=\"s2\"><br \/>\n<\/span><span class=\"s1\">Eleverna kallades dj\u00e4knar och kom fr\u00e5n olika delar av landet.<\/span><\/p>\n<h3 class=\"p1\"><span class=\"s1\">Dj\u00e4kneg\u00e5ngen<\/span><\/h3>\n<p class=\"p1\"><span class=\"s1\">Eleverna i katedralskolan kallades dj\u00e4knar. Dj\u00e4knarna kom fr\u00e5n olika delar av landet, inte s\u00e4llan fr\u00e5n enkla f\u00f6rh\u00e5llanden. F\u00f6r att f\u00e5 r\u00e5d att g\u00e5 i skola i \u00c5bo utnyttjade dj\u00e4knarna loven till att vandra runt i socknarna kring \u00c5bo eller p\u00e5 hemorten f\u00f6r att upptr\u00e4da med s\u00e5ng. Som bel\u00f6ning f\u00f6r upptr\u00e4dandena kunde de f\u00e5 mat och dryck och kanske n\u00e5gra kl\u00e4desplagg. S\u00e5ngerna som sj\u00f6ngs under dj\u00e4kneg\u00e5ngen finns upptecknade i s\u00e5ngboken Pi\u00e6 Cantiones.<\/span><\/p>\n<p class=\"p1\"><span class=\"s1\">Det var inte alltid l\u00e4tt f\u00f6r de kyrkliga myndigheterna att h\u00e5lla reda p\u00e5 katedralskolans elever.<\/span><\/p>\n<h3 class=\"p1\"><span class=\"s1\">Ordningsfr\u00e5gor<\/span><\/h3>\n<p class=\"p1\"><span class=\"s1\">Dj\u00e4knarnas sockeng\u00e5ng urartade ofta p\u00e5 grund av dryckenskap och slagsm\u00e5l. N\u00e4r Finlands reformator Mikael Agricola blev rektor f\u00f6r katedralskolan 1539 motsatte han sig d\u00e4rf\u00f6r dj\u00e4kneg\u00e5ngen. Redan tidigare var det en av biskoparna i \u00c5bo som hade f\u00f6rbjudit verksamheten. F\u00f6rbudet hade \u00e4nd\u00e5 inte \u00f6nskad verkan. Ocks\u00e5 i andra sammanhang l\u00e4mnade elevernas leverne mycket \u00f6vrigt att \u00f6nska. Sederna p\u00e5 denna tid var inte alltid f\u00f6rfinade, men helt vanliga stadsbor f\u00f6rargades \u00e4nd\u00e5 s\u00e4rskilt \u00f6ver dj\u00e4knarnas v\u00e4snande n\u00e4r de var ute p\u00e5 stan. En ordningsstadga fr\u00e5n ungef\u00e4r \u00e5r 1600, som troligen g\u00e4llt skolan, har bevarats och enligt den fick gossarna inte v\u00e4snas under mellantimmarna och de fick heller inte riva mossa fr\u00e5n v\u00e4ggarna. Statsarkeolog C. J. Gardberg, som \u00e4gnat katedralskolans historia stort intresse, s\u00e4ger att f\u00f6rbudet tyder p\u00e5 att \u00e5tminstone en del av skolhuset var byggt av tr\u00e4. Det var inte heller till\u00e5tet att sk\u00e4ra med kniv i l\u00e4rarstolen.<\/span><\/p>\n<figure id=\"attachment_359\" aria-describedby=\"caption-attachment-359\" style=\"width: 482px\" class=\"wp-caption alignright\"><img decoding=\"async\" loading=\"lazy\" class=\"wp-image-359 size-full\" src=\"https:\/\/info.edu.turku.fi\/katedral\/wp-content\/uploads\/2017\/03\/Abo-brand.jpg\" alt=\"illustration av \u00c5bo efter branden med husruiner och m\u00e4nskor p\u00e5 v\u00e4g efter vatten\" width=\"482\" height=\"353\" srcset=\"https:\/\/info.edu.turku.fi\/katedral\/wp-content\/uploads\/2017\/03\/Abo-brand.jpg 482w, https:\/\/info.edu.turku.fi\/katedral\/wp-content\/uploads\/2017\/03\/Abo-brand-300x220.jpg 300w, https:\/\/info.edu.turku.fi\/katedral\/wp-content\/uploads\/2017\/03\/Abo-brand-360x264.jpg 360w\" sizes=\"(max-width: 482px) 100vw, 482px\" \/><figcaption id=\"caption-attachment-359\" class=\"wp-caption-text\">Skolan framf\u00f6r kyrkan efter branden 1827.<\/figcaption><\/figure>\n<p class=\"p1\"><span class=\"s1\">P\u00e5 1600-talet genomgick skolan olika reformer och inr\u00e4ttades p\u00e5 ett nytt st\u00e4lle i ringmuren. Efter \u00c5bo brand 1827 omorganiserades skolv\u00e4sendet i \u00c5bo.<\/span><\/p>\n<h3 class=\"p1\"><span class=\"s1\">Skolreformer<\/span><\/h3>\n<p class=\"p1\"><span class=\"s1\">I samband med utbildningsreformerna i det svenska riket ombildades katedralskolan 1630 till ett gymnasium, som tio \u00e5r senare, 1640, inr\u00e4ttades som h\u00f6gskola, \u00c5bo Akademi. Den gamla katedralskolan \u00e5teruppr\u00e4ttades f\u00f6r att f\u00f6rmedla den l\u00e4gre bildningen. Skolan kunde utexaminera sina elever direkt till universitetet. Den fick ett nytt skolhus i domkyrkomuren, snett framf\u00f6r kyrkans nuvarande huvuding\u00e5ng. Fram till \u00c5bo brand 1827 steg elevantalet till 300 och tr\u00e4ngseln var d\u00e4rf\u00f6r stor i skolhuset. Efter den stora branden flyttades skolans elever till Raumo d\u00e4r undervisningen fortsatte n\u00e5gra \u00e5r fram\u00e5t. \u00c5r 1830 omorganiserades skolv\u00e4sendet i \u00c5bo totalt. Man inr\u00e4ttade ett gymnasium f\u00f6rutom katedralskolan. Den sistn\u00e4mnda blev en trivialskola och \u00e5r 1841 omvandlades den med namnet H\u00f6gre elementarskolan. H\u00f6gre elementarskolan f\u00f6rberedde eleverna f\u00f6r gymnasiestudierna, som ledde till universitetet.<\/span><\/p>\n<p class=\"p1\"><span class=\"s1\">\u00c5bo gymnasium flyttade in i en byggnad vid Gamla Stortorget, d\u00e4r det verkade under domkapitlets ledning.<\/span><\/p>\n<h3 class=\"p1\"><span class=\"s1\">\u00c5bo gymnasium<\/span><\/h3>\n<figure id=\"attachment_363\" aria-describedby=\"caption-attachment-363\" style=\"width: 229px\" class=\"wp-caption alignright\"><img decoding=\"async\" loading=\"lazy\" class=\"wp-image-363 size-medium\" src=\"https:\/\/info.edu.turku.fi\/katedral\/wp-content\/uploads\/2017\/03\/gymnasister-229x300.jpg\" alt=\"en klunga unga m\u00e4n i uniformsliknande kappor\" width=\"229\" height=\"300\" srcset=\"https:\/\/info.edu.turku.fi\/katedral\/wp-content\/uploads\/2017\/03\/gymnasister-229x300.jpg 229w, https:\/\/info.edu.turku.fi\/katedral\/wp-content\/uploads\/2017\/03\/gymnasister-206x270.jpg 206w, https:\/\/info.edu.turku.fi\/katedral\/wp-content\/uploads\/2017\/03\/gymnasister.jpg 239w\" sizes=\"(max-width: 229px) 100vw, 229px\" \/><figcaption id=\"caption-attachment-363\" class=\"wp-caption-text\">Gymnasister 9.9.1864<\/figcaption><\/figure>\n<p class=\"p1\"><span class=\"s1\">Det nya gymnasiet anvisades en byggnad vid det gamla R\u00e5dhustorget som skolbyggnad. Det huset hade tidigare tj\u00e4nat som hovr\u00e4ttshus. P\u00e5 grund av att man ville ha ett monumentalt byggnadsverk i bakgrunden till Nikolaitorget som anlagts i samband med r\u00e5dhustorget, f\u00f6renades hovr\u00e4ttshuset med bredvidliggande byggnad i riktning mot \u00e5n med en enhetlig fasad p\u00e5 1830-talet. I den andra byggnaden inhystes senare H\u00f6gre elementarskolan. <\/span><span class=\"s2\"><br \/>\n<\/span><span class=\"s1\">Skolvardagen i \u00c5bo gymnasium var f\u00e4rgstark. F\u00f6rh\u00e5llandet mellan l\u00e4rare och elever var ofta sp\u00e4nt och historiken ber\u00e4ttar om m\u00e5nga incidenter och kriser. Den talarstol med tv\u00e5 avdelningar som \u00e4nnu st\u00e5r i Katedralskolans festsal anv\u00e4ndes n\u00e4r domkapitlet anordnade disputationer kring s.k. pastoralteser. Den unge pr\u00e4stman som skulle f\u00f6rsvara sina teser stod fr\u00e4mst i talarstolen, medan kustos satt i den bakre delen. Publiken bestod av bl.a. gymnasisterna och en av dem som kunde latin fick st\u00e4lla fr\u00e5gor, ofta utan n\u00e5gon insikt i vad saken egentligen g\u00e4llde.<\/span><\/p>\n<p class=\"p2\"><span class=\"s2\">\u00c5r 1872 inr\u00e4ttades Svenska klassiska lyceum i \u00c5bo, i vilket gymnasiet och H\u00f6gre elementarskolan uppgick. Senare sm\u00e4lte Reallyceet i \u00c5bo samman med Classicum.<\/span><\/p>\n<figure id=\"attachment_360\" aria-describedby=\"caption-attachment-360\" style=\"width: 242px\" class=\"wp-caption alignleft\"><img decoding=\"async\" loading=\"lazy\" class=\"wp-image-360 size-medium\" src=\"https:\/\/info.edu.turku.fi\/katedral\/wp-content\/uploads\/2017\/03\/Acr-11_1-242x300.jpg\" alt=\"En gammal d\u00f6rr med tr\u00e4detaljer och dekorationer\" width=\"242\" height=\"300\" srcset=\"https:\/\/info.edu.turku.fi\/katedral\/wp-content\/uploads\/2017\/03\/Acr-11_1-242x300.jpg 242w, https:\/\/info.edu.turku.fi\/katedral\/wp-content\/uploads\/2017\/03\/Acr-11_1-218x270.jpg 218w, https:\/\/info.edu.turku.fi\/katedral\/wp-content\/uploads\/2017\/03\/Acr-11_1.jpg 500w\" sizes=\"(max-width: 242px) 100vw, 242px\" \/><figcaption id=\"caption-attachment-360\" class=\"wp-caption-text\">Gymnasiets ing\u00e5ng, tidigare hovr\u00e4ttens huvudd\u00f6rr<\/figcaption><\/figure>\n<h3 class=\"p1\"><span class=\"s1\">Classicum<\/span><\/h3>\n<p class=\"p1\"><span class=\"s1\">1869 skildes skolv\u00e4sendet i Finland fr\u00e5n kyrkan. \u00c5r 1872 utgavs en skolordning och f\u00f6r H\u00f6gre elementarskolans och gymnasiets del medf\u00f6rde reformerna en sammanslagning och inr\u00e4ttandet av Svenska klassiska lyceum i \u00c5bo. Eleverna var i \u00e5ldern 11-18 \u00e5r och antalet uppgick nu till ca 450, men det sj\u00f6nk snart betydligt genom att det med tiden fanns fem svenska l\u00e4roverk i staden. P\u00e5 1930-talet minskade det sammanlagda elevantalet s\u00e5 mycket att det blev uppenbart att n\u00e5gon av skolorna m\u00e5ste indras. Klassiska lyceet, Classicum, hade l\u00e4s\u00e5ret 1937-38 endast 127 elever. Det blev Reallyceet i \u00c5bo som indrogs och skolan uppgick i Classicum successivt fr\u00e5n och med 1938.<\/span><\/p>\n<p class=\"p2\"><span class=\"s1\">Classicums skollokaler utnyttjades av F\u00f6rsvarsmakten under Finlands tv\u00e5 krig.<\/span><\/p>\n<h3 class=\"p1\"><span class=\"s1\">Classicum under krigen<\/span><\/h3>\n<p class=\"p1\"><span class=\"s1\">H\u00f6sten 1939 inleddes andra v\u00e4rldskriget och i slutet av november drogs Finlands med i det i kamp mot Sovjetunionen. Classicums skollokaler anv\u00e4ndes av milit\u00e4rf\u00f6rband och utnyttjades bland annat som logement f\u00f6r arbetskompanier av vapenv\u00e4grare. Ocks\u00e5 de \u00e4ldre eleverna m\u00e5ste under Finlands tv\u00e5 krig utf\u00f6ra milit\u00e4rtj\u00e4nstg\u00f6ring och tung arbetsplikt. I samband med flygangreppen p\u00e5 \u00c5bo m\u00e5ste skolan h\u00e5llas st\u00e4ngd.<\/span><\/p>\n<p class=\"p1\"><span class=\"s1\">P\u00e5 1970-talet sammanslogs Svenska klassiska lyceum med \u00c5bo svenska flicklyceum och det gamla skolnamnet Katedralskolan i \u00c5bo togs p\u00e5 nytt i anv\u00e4ndning. 1977 \u00f6vergick namnet till att st\u00e5 f\u00f6r det nya gymnasiet vid Gamla Stortorget 1.<\/span><\/p>\n<h3 class=\"p1\"><span class=\"s1\">Gymnasiet Katedralskolan i \u00c5bo<\/span><\/h3>\n<p><img decoding=\"async\" loading=\"lazy\" class=\"alignright wp-image-366 size-medium\" src=\"https:\/\/info.edu.turku.fi\/katedral\/wp-content\/uploads\/2017\/03\/Boboll-Classicum-1961-300x212.jpg\" alt=\"n\u00e5gra killar spelar boll p\u00e5 skolg\u00e5rden\" width=\"300\" height=\"212\" srcset=\"https:\/\/info.edu.turku.fi\/katedral\/wp-content\/uploads\/2017\/03\/Boboll-Classicum-1961-300x212.jpg 300w, https:\/\/info.edu.turku.fi\/katedral\/wp-content\/uploads\/2017\/03\/Boboll-Classicum-1961-360x254.jpg 360w, https:\/\/info.edu.turku.fi\/katedral\/wp-content\/uploads\/2017\/03\/Boboll-Classicum-1961.jpg 600w\" sizes=\"(max-width: 300px) 100vw, 300px\" \/><\/p>\n<p class=\"p1\"><span class=\"s1\">Finlands riksdag beslutade att Svenska klassiska lyceum i \u00c5bo och \u00c5bo svenska flicklyceum fr\u00e5n och med h\u00f6stterminen 1971 skulle ombildas till ett samlyceum. \u00d6verg\u00e5ngstiden varade till \u00e5r 1975 och efter detta gick alla l\u00e4roverksklasser under namnet Katedralskolan i \u00c5bo. N\u00e4r grundskolan inf\u00f6rdes i \u00c5bo fr\u00e5n och med l\u00e4s\u00e5ret 1976-77 avskildes gymnasiet till sin egen skolenhet med samma namn. Gymnasiet Katedralskolan i \u00c5bo kunde i b\u00f6rjan av f\u00f6ljande l\u00e4s\u00e5r flytta in i det nyrenoverade skolhuset med den f\u00f6rn\u00e4ma adressen Gamla Stortorget 1. Katedralskolan i \u00c5bo har varit en f\u00f6reg\u00e5ngare i fr\u00e5ga om \u00e5rskursl\u00f6s undervisning.<\/span><\/p>\n<h3 class=\"p1\"><span class=\"s1\">Dagens Katedralskola<\/span><\/h3>\n<p class=\"p1\"><span class=\"s1\">\u00c5r 1989 blev Katedralskolan f\u00f6rs\u00f6ksgymnasium med \u00e5rskursl\u00f6s undervisning och var med om att utveckla det \u00e5rskursl\u00f6sa systemet och valfriheten i studierna. Sedan slutet av 80-talet till i dag har elevantalet stigit fr\u00e5n 180 till ca 280.<\/span><\/p>\n<p class=\"p1\"><img decoding=\"async\" loading=\"lazy\" class=\"alignnone wp-image-203 size-large\" src=\"https:\/\/info.edu.turku.fi\/katedral\/wp-content\/uploads\/2017\/03\/grupp1-skolan4-1024x681.jpg\" alt=\"n\u00e5gra studerande vid huvuding\u00e5ngen till skolan\" width=\"640\" height=\"426\" srcset=\"https:\/\/info.edu.turku.fi\/katedral\/wp-content\/uploads\/2017\/03\/grupp1-skolan4-1024x681.jpg 1024w, https:\/\/info.edu.turku.fi\/katedral\/wp-content\/uploads\/2017\/03\/grupp1-skolan4-300x200.jpg 300w, https:\/\/info.edu.turku.fi\/katedral\/wp-content\/uploads\/2017\/03\/grupp1-skolan4-768x511.jpg 768w, https:\/\/info.edu.turku.fi\/katedral\/wp-content\/uploads\/2017\/03\/grupp1-skolan4-360x240.jpg 360w, https:\/\/info.edu.turku.fi\/katedral\/wp-content\/uploads\/2017\/03\/grupp1-skolan4.jpg 1420w\" sizes=\"(max-width: 640px) 100vw, 640px\" \/><\/p>\n","protected":false},"excerpt":{"rendered":"<p>Katedralskolan i tidsperspektiv Man antar att Katedralskolan i \u00c5bo grundlagts \u00e5r 1276 f\u00f6r att utbilda pojkar f\u00f6r kyrkans tj\u00e4nst. Skolhuset fanns fr\u00e5n slutet av 1400-talet i domkyrkans ringmur och skolm\u00e4staren h\u00f6ll str\u00e4ng ordning. Skolvardagen Katedralskolan har enligt f\u00f6rmodande grundlagts i <a href=\"https:\/\/info.edu.turku.fi\/katedral\/om-oss\/historik\/\" class=\"read-more\">L\u00e4s mera &#8230;<\/a><\/p>\n","protected":false},"author":1,"featured_media":23,"parent":17,"menu_order":0,"comment_status":"closed","ping_status":"closed","template":"","meta":{"footnotes":""},"_links":{"self":[{"href":"https:\/\/info.edu.turku.fi\/katedral\/wp-json\/wp\/v2\/pages\/210"}],"collection":[{"href":"https:\/\/info.edu.turku.fi\/katedral\/wp-json\/wp\/v2\/pages"}],"about":[{"href":"https:\/\/info.edu.turku.fi\/katedral\/wp-json\/wp\/v2\/types\/page"}],"author":[{"embeddable":true,"href":"https:\/\/info.edu.turku.fi\/katedral\/wp-json\/wp\/v2\/users\/1"}],"replies":[{"embeddable":true,"href":"https:\/\/info.edu.turku.fi\/katedral\/wp-json\/wp\/v2\/comments?post=210"}],"version-history":[{"count":14,"href":"https:\/\/info.edu.turku.fi\/katedral\/wp-json\/wp\/v2\/pages\/210\/revisions"}],"predecessor-version":[{"id":2868,"href":"https:\/\/info.edu.turku.fi\/katedral\/wp-json\/wp\/v2\/pages\/210\/revisions\/2868"}],"up":[{"embeddable":true,"href":"https:\/\/info.edu.turku.fi\/katedral\/wp-json\/wp\/v2\/pages\/17"}],"wp:featuredmedia":[{"embeddable":true,"href":"https:\/\/info.edu.turku.fi\/katedral\/wp-json\/wp\/v2\/media\/23"}],"wp:attachment":[{"href":"https:\/\/info.edu.turku.fi\/katedral\/wp-json\/wp\/v2\/media?parent=210"}],"curies":[{"name":"wp","href":"https:\/\/api.w.org\/{rel}","templated":true}]}}