{"id":1804,"date":"2019-08-11T12:17:15","date_gmt":"2019-08-11T10:17:15","guid":{"rendered":"https:\/\/info.edu.turku.fi\/katedral\/?page_id=1804"},"modified":"2023-09-19T15:38:02","modified_gmt":"2023-09-19T13:38:02","slug":"nationella-skolutvecklingsprojekt","status":"publish","type":"page","link":"https:\/\/info.edu.turku.fi\/katedral\/utvecklingsprojekt\/nationella-skolutvecklingsprojekt\/","title":{"rendered":"Nationella skolutvecklingsprojekt"},"content":{"rendered":"\n<h2 class=\"wp-block-heading\">Erityisesti lukiossa<\/h2>\n\n\n\n<p>Katedralskolan har deltagit i projektet<a rel=\"noreferrer noopener\" href=\"https:\/\/www.oph.fi\/sites\/default\/files\/documents\/20_11_ohjaus_OPH%20Lukion%20erityisopetus%20ja%20Erityisesti%20lukiossa%20%E2%80%93hanke%2C%20LEO%20Heli%20Ketovuori.pdf\" target=\"_blank\"> Erityisesti lukiossa<\/a>, som hade som m\u00e5l att utveckla modeller f\u00f6r tidigt ingripande samt f\u00f6r st\u00f6d- och handlednings\u00e5tg\u00e4rder i gymnasierna f\u00f6r studerande och undervisningspersonal.<\/p>\n\n\n\n<h2 class=\"wp-block-heading\">Arbetslivssamarbete<\/h2>\n\n\n\n<p>V\u00e5ren 2019 startade projektet Lukion ty\u00f6el\u00e4m\u00e4kumppanit, som hade som syfte att fr\u00e4mja samarbetet mellan arbetslivet och gymnasierna samt att skapa n\u00e4tverk mellan f\u00f6retag och studerande f\u00f6r att m\u00f6jligg\u00f6ra en mjuk \u00f6verg\u00e5ng fr\u00e5n gymnasiet till fortsatta studier och arbetslivet. F\u00f6r Katedralskolans del ledde projektet till nuvarande samarbete med \u00c5bo Svenska Teater kring musikalen och manuskriptskrivande.<\/p>\n\n\n\n<p>Katedralskolan samarbetar ocks\u00e5 med bioteknologif\u00f6retaget Bonalive.<br><\/p>\n\n\n\n<div class=\"wp-block-image\"><figure class=\"alignright is-resized\"><img decoding=\"async\" loading=\"lazy\" src=\"https:\/\/info.edu.turku.fi\/katedral\/wp-content\/uploads\/2019\/08\/ov.png\" alt=\"\" class=\"wp-image-1813\" width=\"177\" height=\"151\" srcset=\"https:\/\/info.edu.turku.fi\/katedral\/wp-content\/uploads\/2019\/08\/ov.png 432w, https:\/\/info.edu.turku.fi\/katedral\/wp-content\/uploads\/2019\/08\/ov-300x256.png 300w, https:\/\/info.edu.turku.fi\/katedral\/wp-content\/uploads\/2019\/08\/ov-317x270.png 317w\" sizes=\"(max-width: 177px) 100vw, 177px\" \/><\/figure><\/div>\n\n\n\n<h2 class=\"wp-block-heading\">Oppiva verkosto<\/h2>\n\n\n\n<p>I Oppiva verkosto samarbetar skolledning \u00f6ver kommungr\u00e4nserna i syfte att utveckla djupinl\u00e4rningen i skolorna.<\/p>\n\n\n\n<h2 class=\"wp-block-heading\">H\u00f6gskolesamarbete<\/h2>\n\n\n\n<h3 class=\"wp-block-heading\">H\u00f6gskole- och arbetslivsprojekt inom \u00c5bogymnasierna<\/h3>\n\n\n\n<p>Under gymnasiestudierna har studerande i gymnasierna i \u00c5bo m\u00f6jlighet att avl\u00e4gga en del av studierna i samarbete med h\u00f6gskolorna och samtidigt bekanta sig med utbudet av h\u00f6gskoleutbildning med tanke p\u00e5 fortsatta studier.<\/p>\n\n\n\n<p>P\u00e5 <a href=\"https:\/\/blog.edu.turku.fi\/korkeakoulu-ja-tyoelamayhteistyo-turun-lukioissa\/sv_SE\/yhteinen-toiminta\/\">de h\u00e4r sidorna<\/a> kan du l\u00e4sa mera om STEAM, prao, h\u00f6gskolesamarbete, \u00f6ppna universitetsleden, gymnasiernas och f\u00f6retagens gemensamma utvecklingsarbete samt om samarbetet MyTech.<\/p>\n\n\n\n<h3 class=\"wp-block-heading\">Naturvetenskapliga projektet St\u00c5T<\/h3>\n\n\n\n<p>Den naturvetenskapliga konferensen \u00e4r ett samarbete mellan Blackebergs gymnasium, Katedralskolan i \u00c5bo och Mustam\u00e4en g\u00fcmnaasium i Tallinn<\/p>\n\n\n\n<h3 class=\"wp-block-heading\"><\/h3>\n\n\n\n<p><\/p>\n","protected":false},"excerpt":{"rendered":"<p>Erityisesti lukiossa Katedralskolan har deltagit i projektet Erityisesti lukiossa, som hade som m\u00e5l att utveckla modeller f\u00f6r tidigt ingripande samt f\u00f6r st\u00f6d- och handlednings\u00e5tg\u00e4rder i gymnasierna f\u00f6r studerande och undervisningspersonal. Arbetslivssamarbete V\u00e5ren 2019 startade projektet Lukion ty\u00f6el\u00e4m\u00e4kumppanit, som hade som <a href=\"https:\/\/info.edu.turku.fi\/katedral\/utvecklingsprojekt\/nationella-skolutvecklingsprojekt\/\" class=\"read-more\">L\u00e4s mera &#8230;<\/a><\/p>\n","protected":false},"author":1,"featured_media":0,"parent":1375,"menu_order":0,"comment_status":"closed","ping_status":"closed","template":"","meta":{"footnotes":""},"_links":{"self":[{"href":"https:\/\/info.edu.turku.fi\/katedral\/wp-json\/wp\/v2\/pages\/1804"}],"collection":[{"href":"https:\/\/info.edu.turku.fi\/katedral\/wp-json\/wp\/v2\/pages"}],"about":[{"href":"https:\/\/info.edu.turku.fi\/katedral\/wp-json\/wp\/v2\/types\/page"}],"author":[{"embeddable":true,"href":"https:\/\/info.edu.turku.fi\/katedral\/wp-json\/wp\/v2\/users\/1"}],"replies":[{"embeddable":true,"href":"https:\/\/info.edu.turku.fi\/katedral\/wp-json\/wp\/v2\/comments?post=1804"}],"version-history":[{"count":5,"href":"https:\/\/info.edu.turku.fi\/katedral\/wp-json\/wp\/v2\/pages\/1804\/revisions"}],"predecessor-version":[{"id":3898,"href":"https:\/\/info.edu.turku.fi\/katedral\/wp-json\/wp\/v2\/pages\/1804\/revisions\/3898"}],"up":[{"embeddable":true,"href":"https:\/\/info.edu.turku.fi\/katedral\/wp-json\/wp\/v2\/pages\/1375"}],"wp:attachment":[{"href":"https:\/\/info.edu.turku.fi\/katedral\/wp-json\/wp\/v2\/media?parent=1804"}],"curies":[{"name":"wp","href":"https:\/\/api.w.org\/{rel}","templated":true}]}}