{"id":18,"date":"2017-02-22T12:41:40","date_gmt":"2017-02-22T11:41:40","guid":{"rendered":"https:\/\/info.edu.turku.fi\/katedral\/?page_id=18"},"modified":"2026-02-13T08:11:01","modified_gmt":"2026-02-13T07:11:01","slug":"kontakta-oss","status":"publish","type":"page","link":"https:\/\/info.edu.turku.fi\/katedral\/kontakta-oss\/","title":{"rendered":"Personal"},"content":{"rendered":"\n<figure class=\"wp-block-image size-full\"><img decoding=\"async\" loading=\"lazy\" width=\"700\" height=\"458\" src=\"https:\/\/info.edu.turku.fi\/katedral\/wp-content\/uploads\/2025\/10\/lararfoto2025.jpg\" alt=\"\" class=\"wp-image-4888\" srcset=\"https:\/\/info.edu.turku.fi\/katedral\/wp-content\/uploads\/2025\/10\/lararfoto2025.jpg 700w, https:\/\/info.edu.turku.fi\/katedral\/wp-content\/uploads\/2025\/10\/lararfoto2025-300x196.jpg 300w, https:\/\/info.edu.turku.fi\/katedral\/wp-content\/uploads\/2025\/10\/lararfoto2025-360x236.jpg 360w\" sizes=\"(max-width: 700px) 100vw, 700px\" \/><figcaption class=\"wp-element-caption\">L\u00e4rark\u00e5ren h\u00f6sten 2025<\/figcaption><\/figure>\n\n\n<h2>\u00a0<\/h2>\n<h2>PERSONAL<\/h2>\n<p><strong>Rektor:<\/strong> Marianne P\u00e4rn\u00e4nen. Tfn 040 1713889<\/p>\n<p><strong>Bitr\u00e4dande rektor:<\/strong>\u00a0Lena Malmio. Tfn 040 1907008<\/p>\n<p><strong>Studiehandledare:<\/strong> Inka Halkivaha. Tfn 040 1385299, som bl.a. sk\u00f6ter om ans\u00f6kningar om studiest\u00f6d.\u00a0<\/p>\n<p><strong>Speciall\u00e4rare: <\/strong>Michaela Nordling. Tfn 044 9074264<\/p>\n<p><strong>Skolkurator: <\/strong>Siri Nyberg, \u00e4r p\u00e5 plats i skolan onsdagar-fredagar.<\/p>\n<p>N\u00e5s via Wilma, eller per telefon p\u00e5 nummer: 044 9021444.<br \/>e-post; fornamn.efternamn@varha.fi<\/p>\n<p><strong>Studiepsykolog:<\/strong> Rebecca Karlsson \u00e4r p\u00e5 plats i skolan m\u00e5ndagar och tisdagar.<\/p>\n<p>N\u00e5s via Wilma, per e-post (fornamn.efternamn@varha.fi), eller via telefon p\u00e5 nummer: 0406149869.<\/p>\n<p><strong>H\u00e4lsov\u00e5rdare:<\/strong> Jennifer Gr\u00f6nholm \u00e4r p\u00e5 plats m\u00e5ndag-fredag. H\u00e4lsov\u00e5rdaren har \u00f6ppen mottagning varje dag kl 8:00-8:30 och 11:00-11:30 (fredagar endast kl 11:00-11:30), d\u00e5 man kan komma till mottagningen utan tidsbokning.\u00a0<br \/>H\u00e4lsov\u00e5rdaren n\u00e5s via Wilma, per e-post, eller via telefon p\u00e5 nummer: 040 5409726. Telefontid 13:00-13:30, man kan \u00e4ven l\u00e4mna ringbud per sms.\u00a0<br \/>e-post; fornamn.efternamn@varha.fi<\/p>\n<p><strong>Kansliet<\/strong>: Skolsekreterare Anna Nyman. Tfn 040 8098210<\/p>\n<p>L\u00e4rarnas e-post adresser: fornamn.efternamn@edu.turku.fi<\/p>\n<h3>L\u00e4rare\u00a0<\/h3>\n\n\n<figure class=\"wp-block-table\"><table><tbody><tr><td><strong>Efternamn<\/strong><\/td><td><strong>Tilltalsnamn <\/strong><\/td><td><strong>L\u00e4ro\u00e4mne<\/strong><\/td><\/tr><tr><td>Brink <\/td><td>Maria <\/td><td>kemi, matematik<\/td><\/tr><tr><td>Ekblad <\/td><td>Kristina <\/td><td>engelska<\/td><\/tr><tr><td>Engblom<\/td><td>Melker<\/td><td>matematik<\/td><\/tr><tr><td>Enstr\u00f6m <\/td><td>Christoffer <\/td><td>historia, samh\u00e4llsl\u00e4ra<\/td><\/tr><tr><td>Gustafsson<\/td><td>Ylva<\/td><td>filosofi och livs\u00e5sk\u00e5dningskunskap<\/td><\/tr><tr><td>Halkivaha<\/td><td>Inka<\/td><td>studiehandledning&nbsp;<\/td><\/tr><tr><td>H\u00e5kans<\/td><td>Frida<\/td><td>modersm\u00e5l och litteratur<\/td><\/tr><tr><td>Jutila<\/td><td>Riikka<\/td><td>finska, musik<\/td><\/tr><tr><td>Karhunen<\/td><td>Jasper<\/td><td>historia, samh\u00e4llsl\u00e4ra, filosofi<\/td><\/tr><tr><td>Korin-Niemi<\/td><td>Mikaela<\/td><td>biologi, geografi<\/td><\/tr><tr><td>Korkiala<\/td><td>Matilda Bei<\/td><td>finska<\/td><\/tr><tr><td>Lindblad<\/td><td>Annika<\/td><td>matematik<\/td><\/tr><tr><td>Lindstr\u00f6m*)<\/td><td>Benita<\/td><td>tyska, franska<\/td><\/tr><tr><td>Lundstr\u00f6m <\/td><td>Maria<\/td><td>modersm\u00e5l och litteratur<\/td><\/tr><tr><td>Malmio<\/td><td>Lena<\/td><td>bildkonst, data f\u00f6r ettor<\/td><\/tr><tr><td>Myrskog<\/td><td>Carolina<\/td><td>religion<\/td><\/tr><tr><td>Myrttinen <\/td><td>Jutta<\/td><td>engelska<\/td><\/tr><tr><td>Nordling<\/td><td>Michaela<\/td><td>specialundervisning, Studera STARKT<\/td><\/tr><tr><td>Norrgrann<\/td><td>Herman<\/td><td>fysik, matematik, data f\u00f6r ettor<\/td><\/tr><tr><td>Rancken<\/td><td>Emelie<\/td><td>h\u00e4lsokunskap, gymnastik och studiehandledning (tj\u00e4nstledig)<\/td><\/tr><tr><td>Sandell<\/td><td>Synn\u00f6ve<\/td><td>religion, psykologi<\/td><\/tr><tr><td>Sandqvist <\/td><td>Katja<\/td><td>modersm\u00e5l och litteratur<\/td><\/tr><tr><td>Simons<\/td><td>Henrika<\/td><td>modersm\u00e5l och litteratur (tj\u00e4nstledig)<\/td><\/tr><tr><td>Sj\u00f6str\u00f6m<\/td><td>Marikki<\/td><td>finska<\/td><\/tr><tr><td>Stenvall<\/td><td>Carl-Gustaf<\/td><td>biologi och geografi<\/td><\/tr><tr><td>Kuusisto<\/td><td>Aku<\/td><td>koordinator f\u00f6r \u00c5boregionens Idrottsakademi<\/td><\/tr><\/tbody><\/table><figcaption class=\"wp-element-caption\">*) handhar internationella \u00e4renden som g\u00e4ller intyg f\u00f6r utlandet och t.ex. rekommendationer f\u00f6r ans\u00f6kan om utlandsstipendium<\/figcaption><\/figure>\n\n\n\n<h3 class=\"wp-block-heading\">Grupphandledare l\u00e4s\u00e5ret 2025-2026<\/h3>\n\n\n\n<p><strong>1a <\/strong>Annika Lindblad<\/p>\n\n\n\n<p><strong>1b<\/strong> Benita Lindstr\u00f6m<\/p>\n\n\n\n<p><strong>1c<\/strong> Christoffer Enstr\u00f6m<\/p>\n\n\n\n<p><strong>1d<\/strong> Frida H\u00e5kans<\/p>\n\n\n\n<p><strong>1e<\/strong> Emelie Rancken (vikarieras av Kristina Ekblad)<\/p>\n\n\n\n<p><strong>2a<\/strong> Marikki Sj\u00f6str\u00f6m<\/p>\n\n\n\n<p><strong>2b<\/strong> Maria Brink<\/p>\n\n\n\n<p><strong>2c<\/strong> Jutta Myrttinen<\/p>\n\n\n\n<p><strong>2d <\/strong>Herman Norrgrann<\/p>\n\n\n\n<p><strong>3a<\/strong> Mikaela Korin-Niemi<\/p>\n\n\n\n<p><strong>3b<\/strong> Maria Lundstr\u00f6m<\/p>\n\n\n\n<p><strong>3c<\/strong> Jasper Karhunen<\/p>\n\n\n\n<p><strong>3d <\/strong>Riikka Jutila<\/p>\n\n\n\n<p><strong>3f<\/strong> Kristina Ekblad<\/p>\n","protected":false},"excerpt":{"rendered":"<p>\u00a0 PERSONAL Rektor: Marianne P\u00e4rn\u00e4nen. Tfn 040 1713889 Bitr\u00e4dande rektor:\u00a0Lena Malmio. Tfn 040 1907008 Studiehandledare: Inka Halkivaha. Tfn 040 1385299, som bl.a. sk\u00f6ter om ans\u00f6kningar om studiest\u00f6d.\u00a0 Speciall\u00e4rare: Michaela Nordling. Tfn 044 9074264 Skolkurator: Siri Nyberg, \u00e4r p\u00e5 plats i <a href=\"https:\/\/info.edu.turku.fi\/katedral\/kontakta-oss\/\" class=\"read-more\">L\u00e4s mera &#8230;<\/a><\/p>\n","protected":false},"author":1,"featured_media":0,"parent":0,"menu_order":0,"comment_status":"closed","ping_status":"closed","template":"","meta":{"footnotes":""},"_links":{"self":[{"href":"https:\/\/info.edu.turku.fi\/katedral\/wp-json\/wp\/v2\/pages\/18"}],"collection":[{"href":"https:\/\/info.edu.turku.fi\/katedral\/wp-json\/wp\/v2\/pages"}],"about":[{"href":"https:\/\/info.edu.turku.fi\/katedral\/wp-json\/wp\/v2\/types\/page"}],"author":[{"embeddable":true,"href":"https:\/\/info.edu.turku.fi\/katedral\/wp-json\/wp\/v2\/users\/1"}],"replies":[{"embeddable":true,"href":"https:\/\/info.edu.turku.fi\/katedral\/wp-json\/wp\/v2\/comments?post=18"}],"version-history":[{"count":96,"href":"https:\/\/info.edu.turku.fi\/katedral\/wp-json\/wp\/v2\/pages\/18\/revisions"}],"predecessor-version":[{"id":5081,"href":"https:\/\/info.edu.turku.fi\/katedral\/wp-json\/wp\/v2\/pages\/18\/revisions\/5081"}],"wp:attachment":[{"href":"https:\/\/info.edu.turku.fi\/katedral\/wp-json\/wp\/v2\/media?parent=18"}],"curies":[{"name":"wp","href":"https:\/\/api.w.org\/{rel}","templated":true}]}}