{"id":16,"date":"2017-02-22T12:41:40","date_gmt":"2017-02-22T11:41:40","guid":{"rendered":"https:\/\/info.edu.turku.fi\/katedral\/?page_id=16"},"modified":"2022-12-09T07:43:52","modified_gmt":"2022-12-09T06:43:52","slug":"startsida","status":"publish","type":"page","link":"https:\/\/info.edu.turku.fi\/katedral\/","title":{"rendered":"Startsida"},"content":{"rendered":"<h2>V\u00e4lkommen till Katedralskolans webbsida.<\/h2>\n<p><img decoding=\"async\" loading=\"lazy\" class=\"size-medium wp-image-712 alignright\" src=\"https:\/\/info.edu.turku.fi\/katedral\/wp-content\/uploads\/2017\/02\/hblfreja-258x300.jpg\" alt=\"\" width=\"258\" height=\"300\" srcset=\"https:\/\/info.edu.turku.fi\/katedral\/wp-content\/uploads\/2017\/02\/hblfreja-258x300.jpg 258w, https:\/\/info.edu.turku.fi\/katedral\/wp-content\/uploads\/2017\/02\/hblfreja-768x892.jpg 768w, https:\/\/info.edu.turku.fi\/katedral\/wp-content\/uploads\/2017\/02\/hblfreja-882x1024.jpg 882w, https:\/\/info.edu.turku.fi\/katedral\/wp-content\/uploads\/2017\/02\/hblfreja-233x270.jpg 233w, https:\/\/info.edu.turku.fi\/katedral\/wp-content\/uploads\/2017\/02\/hblfreja.jpg 1395w\" sizes=\"(max-width: 258px) 100vw, 258px\" \/><\/p>\n<p>H\u00e4r kan du l\u00e4sa om aktuella h\u00e4ndelser, vilka tj\u00e4nster vi erbjuder i dagens moderna gymnasium och vad vi f\u00f6rv\u00e4ntar oss av dig som studerande i ett av Svenskfinlands mest framg\u00e5ngsrika gymnasier. Vi v\u00e4rdes\u00e4tter inte enbart kunskap, utan \u00e4ven &#8221;<em>f\u00f6rm\u00e5gan att kunna reflektera, se sammanhang och dra slutsatser fr\u00e5n den kunskap som f\u00f6rv\u00e4rvats samt vilja att v\u00e5ga t\u00e4nka sj\u00e4lvst\u00e4ndigt och handla p\u00e5 ett etiskt, empatiskt och konstruktivt s\u00e4tt.&#8221; <\/em>(ur L\u00e4roplanen f\u00f6r Katedralskolan i \u00c5bo)<\/p>\n<p>Katedralskolan i \u00c5bo \u00e4r Finlands \u00e4ldsta skola med anor fr\u00e5n medeltiden och stadens enda svenskspr\u00e5kiga gymnasium med ca 310 studerande och ett 20-tal l\u00e4rare.<\/p>\n<p>Kan du t\u00e4nka dig en mera inspirerande milj\u00f6 \u00e4n den som Kattan f\u00f6rfogar \u00f6ver? Nyrenoverad skolbyggnad med moderna studiemilj\u00f6er strax intill Gamla Stortorget, och endast ett stenkast fr\u00e5n universiteten och h\u00f6gskolorna.<\/p>\n","protected":false},"excerpt":{"rendered":"<p>V\u00e4lkommen till Katedralskolans webbsida. H\u00e4r kan du l\u00e4sa om aktuella h\u00e4ndelser, vilka tj\u00e4nster vi erbjuder i dagens moderna gymnasium och vad vi f\u00f6rv\u00e4ntar oss av dig som studerande i ett av Svenskfinlands mest framg\u00e5ngsrika gymnasier. Vi v\u00e4rdes\u00e4tter inte enbart kunskap, <a href=\"https:\/\/info.edu.turku.fi\/katedral\/\" class=\"read-more\">L\u00e4s mera &#8230;<\/a><\/p>\n","protected":false},"author":1,"featured_media":0,"parent":0,"menu_order":0,"comment_status":"closed","ping_status":"closed","template":"","meta":{"footnotes":""},"_links":{"self":[{"href":"https:\/\/info.edu.turku.fi\/katedral\/wp-json\/wp\/v2\/pages\/16"}],"collection":[{"href":"https:\/\/info.edu.turku.fi\/katedral\/wp-json\/wp\/v2\/pages"}],"about":[{"href":"https:\/\/info.edu.turku.fi\/katedral\/wp-json\/wp\/v2\/types\/page"}],"author":[{"embeddable":true,"href":"https:\/\/info.edu.turku.fi\/katedral\/wp-json\/wp\/v2\/users\/1"}],"replies":[{"embeddable":true,"href":"https:\/\/info.edu.turku.fi\/katedral\/wp-json\/wp\/v2\/comments?post=16"}],"version-history":[{"count":18,"href":"https:\/\/info.edu.turku.fi\/katedral\/wp-json\/wp\/v2\/pages\/16\/revisions"}],"predecessor-version":[{"id":3459,"href":"https:\/\/info.edu.turku.fi\/katedral\/wp-json\/wp\/v2\/pages\/16\/revisions\/3459"}],"wp:attachment":[{"href":"https:\/\/info.edu.turku.fi\/katedral\/wp-json\/wp\/v2\/media?parent=16"}],"curies":[{"name":"wp","href":"https:\/\/api.w.org\/{rel}","templated":true}]}}