{"id":1418,"date":"2019-01-09T12:36:15","date_gmt":"2019-01-09T11:36:15","guid":{"rendered":"https:\/\/info.edu.turku.fi\/katedral\/?page_id=1418"},"modified":"2019-08-15T11:18:52","modified_gmt":"2019-08-15T09:18:52","slug":"internationell-verksamhet","status":"publish","type":"page","link":"https:\/\/info.edu.turku.fi\/katedral\/utvecklingsprojekt\/internationell-verksamhet\/","title":{"rendered":"Internationell verksamhet"},"content":{"rendered":"\n<div class=\"wp-block-image\"><figure class=\"aligncenter is-resized\"><img decoding=\"async\" loading=\"lazy\" src=\"https:\/\/info.edu.turku.fi\/katedral\/wp-content\/uploads\/2019\/08\/final_logo2.png\" alt=\"\" class=\"wp-image-1809\" width=\"302\" height=\"119\" srcset=\"https:\/\/info.edu.turku.fi\/katedral\/wp-content\/uploads\/2019\/08\/final_logo2.png 724w, https:\/\/info.edu.turku.fi\/katedral\/wp-content\/uploads\/2019\/08\/final_logo2-300x119.png 300w, https:\/\/info.edu.turku.fi\/katedral\/wp-content\/uploads\/2019\/08\/final_logo2-360x142.png 360w\" sizes=\"(max-width: 302px) 100vw, 302px\" \/><\/figure><\/div>\n\n\n\n<h3 class=\"wp-block-heading\">FINAL 2.0<\/h3>\n\n\n\n<p>Katedralskolan i \u00c5bo ing\u00e5r tillsammans med 5 andra gymnasier i Finland i projektet FINAL 2.0, som \u00e4r ett samarbetsprojekt mellan de h\u00e4r 6 gymnasierna i Finland och gymnasier i Alberta, Kanada. De finl\u00e4ndska gymnasierna som ing\u00e5r i samarbetsn\u00e4tverket ut\u00f6ver Katedralskolan i \u00c5bo \u00e4r Hatanp\u00e4\u00e4n lukio (Tammerfors), Ivalon lukio (Inare kommun), Joensuun yhteiskoulun lukio, Pihtiputaan lukio och Rauman Lyseon lukio.<\/p>\n\n\n\n<p>Syftet med projektet \u00e4r att st\u00f6da skolutvecklingen i Finland och Kanada, och det som lyfts fram som centrala utvecklingsomr\u00e5den \u00e4r implementeringen av l\u00e4roplanen i undervisningen, studerandenas delaktighet och bed\u00f6mningen. Verksamhetskulturen lyfts ocks\u00e5 fram.<\/p>\n\n\n\n<div class=\"wp-block-image\"><figure class=\"aligncenter\"><img decoding=\"async\" loading=\"lazy\" width=\"300\" height=\"61\" src=\"https:\/\/info.edu.turku.fi\/katedral\/wp-content\/uploads\/2017\/10\/logo-erasmus-plus-sm.png\" alt=\"\" class=\"wp-image-848\"\/><\/figure><\/div>\n\n\n\n<h3 class=\"wp-block-heading\">ERASMUS+ e-team<\/h3>\n\n\n\n<p>Syftet \u00e4r att utveckla kollaborativa arbetss\u00e4tt och i projektet deltar f\u00f6rutom Katedralskolan i \u00c5bo Zandvlietcollege, den Haag, Nederl\u00e4nderna, Katolickie Liceum SW Tomasza Z Akvinu, Polen, H\u00f6lderlin-Gymnasium, N\u00fcrtingen, Tyskland och Centre Scolaire St. Thomas D&#8217;Aquin-Veritas, Frankrike.<\/p>\n\n\n\n<p>Webbsidan f\u00f6r Eramus+ e-team publiceras v\u00e5ren 2019<\/p>\n\n\n\n<h3 class=\"wp-block-heading\">UNGERN<\/h3>\n\n\n\n<p>Utbyte mellan Katedralskolan och Miklos Radnoti gymnasium i Szeged Ungern.<\/p>\n\n\n\n<p>Katedralskolan i \u00c5bo \u00e5terupptog kontakten med den ungerska skolan l\u00e4s\u00e5ret 2017-2018 och en grupp studerande och l\u00e4rare kommer att bes\u00f6ka \u00c5bo och Katedralskolan v\u00e5ren 2019. Gemensamt f\u00f6r skolorna \u00e4r att b\u00e5da h\u00f6r till n\u00e4tverket av Unesco\/Aspro-skolor.<\/p>\n\n\n\n<h3 class=\"wp-block-heading\">CERN<\/h3>\n\n\n\n<p>En resa till M\u00fcnchen f\u00f6r de abiturienter som l\u00e4ser fysik f\u00f6r att bes\u00f6ka olika bes\u00f6ksm\u00e5l med anknytning till fysik bland annat Deutsches museum, Max-Planck-Institut, Das Deutsche Zentrum f\u00fcr Luft- und Raumfahrt (DLR), BMW.<\/p>\n\n\n\n<h3 class=\"wp-block-heading\">VUK &#8211; Samarbete med v\u00e4norterna i Norden: V\u00e4norternas ungdomskonferens<\/h3>\n\n\n\n<p>Katedralskolan \u00e4r ibland som enda deltagare eller tillsammans med n\u00e5gra andra skolor p\u00e5 andra stadiet i \u00c5bo med i ett samarbete med \u00c5bos v\u00e4norter i Norden samt den danska minoriteten i Flensburg\/Schleswig. Varje \u00e5r skickas 6 gymnasiestuderande, varav minst 2 fr\u00e5n Katedralskolan, till en veckol\u00e5ng ungdomskonferens d\u00e4r studerandena och l\u00e4rarna arbetar i 3 olika projektgrupper och d\u00e4r resultaten redovisas i slutet av veckan.<\/p>\n\n\n\n<p>Lektor Maria Lundstr\u00f6m \u00e4r koordinator f\u00f6r VUK f\u00f6r alla gymnasier i \u00c5bo<\/p>\n\n\n\n<h3 class=\"wp-block-heading\">Katedralskolans spr\u00e5k- och kulturresa till Nice och Provence.<\/h3>\n\n\n\n<p>En spr\u00e5k- och kulturresa till la C\u00f4te d\u2019Azur med studerande och l\u00e4rare i franska.<\/p>\n","protected":false},"excerpt":{"rendered":"<p>FINAL 2.0 Katedralskolan i \u00c5bo ing\u00e5r tillsammans med 5 andra gymnasier i Finland i projektet FINAL 2.0, som \u00e4r ett samarbetsprojekt mellan de h\u00e4r 6 gymnasierna i Finland och gymnasier i Alberta, Kanada. De finl\u00e4ndska gymnasierna som ing\u00e5r i samarbetsn\u00e4tverket <a href=\"https:\/\/info.edu.turku.fi\/katedral\/utvecklingsprojekt\/internationell-verksamhet\/\" class=\"read-more\">L\u00e4s mera &#8230;<\/a><\/p>\n","protected":false},"author":1,"featured_media":0,"parent":1375,"menu_order":0,"comment_status":"closed","ping_status":"closed","template":"","meta":{"footnotes":""},"_links":{"self":[{"href":"https:\/\/info.edu.turku.fi\/katedral\/wp-json\/wp\/v2\/pages\/1418"}],"collection":[{"href":"https:\/\/info.edu.turku.fi\/katedral\/wp-json\/wp\/v2\/pages"}],"about":[{"href":"https:\/\/info.edu.turku.fi\/katedral\/wp-json\/wp\/v2\/types\/page"}],"author":[{"embeddable":true,"href":"https:\/\/info.edu.turku.fi\/katedral\/wp-json\/wp\/v2\/users\/1"}],"replies":[{"embeddable":true,"href":"https:\/\/info.edu.turku.fi\/katedral\/wp-json\/wp\/v2\/comments?post=1418"}],"version-history":[{"count":4,"href":"https:\/\/info.edu.turku.fi\/katedral\/wp-json\/wp\/v2\/pages\/1418\/revisions"}],"predecessor-version":[{"id":1816,"href":"https:\/\/info.edu.turku.fi\/katedral\/wp-json\/wp\/v2\/pages\/1418\/revisions\/1816"}],"up":[{"embeddable":true,"href":"https:\/\/info.edu.turku.fi\/katedral\/wp-json\/wp\/v2\/pages\/1375"}],"wp:attachment":[{"href":"https:\/\/info.edu.turku.fi\/katedral\/wp-json\/wp\/v2\/media?parent=1418"}],"curies":[{"name":"wp","href":"https:\/\/api.w.org\/{rel}","templated":true}]}}