{"id":1388,"date":"2019-01-09T11:54:42","date_gmt":"2019-01-09T10:54:42","guid":{"rendered":"https:\/\/info.edu.turku.fi\/katedral\/?page_id=1388"},"modified":"2023-09-12T13:41:42","modified_gmt":"2023-09-12T11:41:42","slug":"unesco-skola","status":"publish","type":"page","link":"https:\/\/info.edu.turku.fi\/katedral\/om-oss\/unesco-skola\/","title":{"rendered":"Unesco Aspnet skola"},"content":{"rendered":"\n<div class=\"wp-block-image\"><figure class=\"alignleft size-large is-resized\"><img decoding=\"async\" loading=\"lazy\" src=\"https:\/\/info.edu.turku.fi\/katedral\/wp-content\/uploads\/2022\/09\/UnescoLogo2022asp_member-kopiera.jpg\" alt=\"Logo f\u00f6r aspnet skolor\" class=\"wp-image-3351\" width=\"187\" height=\"176\" srcset=\"https:\/\/info.edu.turku.fi\/katedral\/wp-content\/uploads\/2022\/09\/UnescoLogo2022asp_member-kopiera.jpg 749w, https:\/\/info.edu.turku.fi\/katedral\/wp-content\/uploads\/2022\/09\/UnescoLogo2022asp_member-kopiera-300x282.jpg 300w, https:\/\/info.edu.turku.fi\/katedral\/wp-content\/uploads\/2022\/09\/UnescoLogo2022asp_member-kopiera-288x270.jpg 288w\" sizes=\"(max-width: 187px) 100vw, 187px\" \/><\/figure><\/div>\n\n\n\n<p>Katedralskolan i \u00c5bo h\u00f6r till Unescos internationella Aspnet skoln\u00e4tverk som best\u00e5r av skolor fr\u00e5n hela v\u00e4rlden. Det h\u00e4r \u00e5terspeglas i v\u00e5r verksamhet bland annat genom att vi l\u00e4gger fokus p\u00e5 en h\u00e5llbar framtid, global fostran och jobbar med Unescos globala m\u00e5l &#8211; Agenda 2030. <\/p>\n\n\n\n<p>Vi samarbetar ocks\u00e5 med andra Aspnet skolor av vilka kan n\u00e4mnas v\u00e5r v\u00e4nskola Mikl\u00f3s Radn\u00f3ti gymnasium i Ungern. V\u00e5ra studerande med tv\u00e5 l\u00e4rare bes\u00f6kte skolan h\u00f6sten 2023 och \u00e5r 2024 \u00e4r det ungrarnas tur att bes\u00f6ka oss. H\u00e4r kan du l\u00e4sa mera om bes\u00f6ket:<\/p>\n\n\n\n<figure class=\"wp-block-embed-wordpress wp-block-embed is-type-wp-embed is-provider-katedralskolan-i-abo\"><div class=\"wp-block-embed__wrapper\">\n<blockquote class=\"wp-embedded-content\" data-secret=\"k9Fzd1I6iL\"><a href=\"https:\/\/info.edu.turku.fi\/katedral\/2023\/09\/12\/en-vecka-i-szeged\/\">En vecka i Szeged<\/a><\/blockquote><iframe class=\"wp-embedded-content\" sandbox=\"allow-scripts\" security=\"restricted\" style=\"position: absolute; clip: rect(1px, 1px, 1px, 1px);\" title=\"&#8221;En vecka i Szeged&#8221; &#8212; KATEDRALSKOLAN\u00a0I\u00a0\u00c5BO\" src=\"https:\/\/info.edu.turku.fi\/katedral\/2023\/09\/12\/en-vecka-i-szeged\/embed\/#?secret=k9Fzd1I6iL\" data-secret=\"k9Fzd1I6iL\" width=\"600\" height=\"338\" frameborder=\"0\" marginwidth=\"0\" marginheight=\"0\" scrolling=\"no\"><\/iframe>\n<\/div><\/figure>\n\n\n\n<figure class=\"wp-block-image size-large\"><img decoding=\"async\" loading=\"lazy\" width=\"1024\" height=\"876\" src=\"https:\/\/info.edu.turku.fi\/katedral\/wp-content\/uploads\/2023\/09\/0350-1024x876.jpg\" alt=\"ungdomar st\u00e5r vid ett textskylt med stadsnamnet\" class=\"wp-image-3860\" srcset=\"https:\/\/info.edu.turku.fi\/katedral\/wp-content\/uploads\/2023\/09\/0350-1024x876.jpg 1024w, https:\/\/info.edu.turku.fi\/katedral\/wp-content\/uploads\/2023\/09\/0350-300x257.jpg 300w, https:\/\/info.edu.turku.fi\/katedral\/wp-content\/uploads\/2023\/09\/0350-768x657.jpg 768w, https:\/\/info.edu.turku.fi\/katedral\/wp-content\/uploads\/2023\/09\/0350-316x270.jpg 316w, https:\/\/info.edu.turku.fi\/katedral\/wp-content\/uploads\/2023\/09\/0350.jpg 1440w\" sizes=\"(max-width: 1024px) 100vw, 1024px\" \/><figcaption>Kattan studerande p\u00e5 bes\u00f6k i Szeged, Ungern september 2023<\/figcaption><\/figure>\n\n\n\n<p>Till Aspnet verksamheten h\u00f6r ocks\u00e5 att uppm\u00e4rksamma FN:s internationella temadagar. Det varierar fr\u00e5n \u00e5r till \u00e5r, och 2021 p\u00e5 dagen f\u00f6r m\u00e4nskliga r\u00e4ttigheter ber\u00e4ttade studerande Helena Gualinga-Siren om sin verksamhet i Amazonas f\u00f6r att r\u00e4dda hembyn och regnskogarna ifr\u00e5n ekonomisk exploatering. <\/p>\n\n\n\n<div class=\"wp-block-image\"><figure class=\"aligncenter is-resized\"><img decoding=\"async\" loading=\"lazy\" src=\"https:\/\/info.edu.turku.fi\/katedral\/wp-content\/uploads\/2019\/01\/glob-malen.jpeg\" alt=\"\" class=\"wp-image-1403\" width=\"460\" height=\"225\" srcset=\"https:\/\/info.edu.turku.fi\/katedral\/wp-content\/uploads\/2019\/01\/glob-malen.jpeg 1000w, https:\/\/info.edu.turku.fi\/katedral\/wp-content\/uploads\/2019\/01\/glob-malen-300x147.jpeg 300w, https:\/\/info.edu.turku.fi\/katedral\/wp-content\/uploads\/2019\/01\/glob-malen-768x377.jpeg 768w, https:\/\/info.edu.turku.fi\/katedral\/wp-content\/uploads\/2019\/01\/glob-malen-360x177.jpeg 360w\" sizes=\"(max-width: 460px) 100vw, 460px\" \/><figcaption><a rel=\"noreferrer noopener\" href=\"https:\/\/um.fi\/agenda-2030-de-globala-malen-for-hallbar-utveckling\" target=\"_blank\">Agenda 2030 De globala m\u00e5len f\u00f6r h\u00e5llbar utveckling<\/a><\/figcaption><\/figure><\/div>\n\n\n\n<figure class=\"wp-block-image size-large\"><img decoding=\"async\" loading=\"lazy\" width=\"1024\" height=\"712\" src=\"https:\/\/info.edu.turku.fi\/katedral\/wp-content\/uploads\/2021\/08\/framtidsdag20-1024x712.jpg\" alt=\"\" class=\"wp-image-2829\" srcset=\"https:\/\/info.edu.turku.fi\/katedral\/wp-content\/uploads\/2021\/08\/framtidsdag20-1024x712.jpg 1024w, https:\/\/info.edu.turku.fi\/katedral\/wp-content\/uploads\/2021\/08\/framtidsdag20-300x209.jpg 300w, https:\/\/info.edu.turku.fi\/katedral\/wp-content\/uploads\/2021\/08\/framtidsdag20-768x534.jpg 768w, https:\/\/info.edu.turku.fi\/katedral\/wp-content\/uploads\/2021\/08\/framtidsdag20-360x250.jpg 360w, https:\/\/info.edu.turku.fi\/katedral\/wp-content\/uploads\/2021\/08\/framtidsdag20.jpg 1209w\" sizes=\"(max-width: 1024px) 100vw, 1024px\" \/><figcaption>Framtidsdagen 2020 med g\u00e4stinspirat\u00f6r Thomas Westerholm<\/figcaption><\/figure>\n\n\n\n<p>Framtidsdagen h\u00f6r till v\u00e5ra \u00e5rligen \u00e5terkommande traditioner i syfte att jobba f\u00f6r en h\u00e5llbar framtid, ge studerande f\u00e4rdigheter f\u00f6r framtiden och hj\u00e4lpa dem att utveckla ett framtidsperspektiv. Den internationella framtidsdagen firas f\u00f6rsta fredagen i mars. Framtidsdagens teman anknyter till en h\u00e5llbar framtid och hur vi genom v\u00e5ra val och g\u00e4rningar kan p\u00e5verka allas v\u00e5r framtid.<\/p>\n\n\n\n<figure class=\"wp-block-image size-large is-resized\"><img decoding=\"async\" loading=\"lazy\" src=\"https:\/\/info.edu.turku.fi\/katedral\/wp-content\/uploads\/2021\/08\/framtidsloften-1024x949.jpg\" alt=\"\" class=\"wp-image-2825\" width=\"452\" height=\"418\" srcset=\"https:\/\/info.edu.turku.fi\/katedral\/wp-content\/uploads\/2021\/08\/framtidsloften-1024x949.jpg 1024w, https:\/\/info.edu.turku.fi\/katedral\/wp-content\/uploads\/2021\/08\/framtidsloften-300x278.jpg 300w, https:\/\/info.edu.turku.fi\/katedral\/wp-content\/uploads\/2021\/08\/framtidsloften-768x712.jpg 768w, https:\/\/info.edu.turku.fi\/katedral\/wp-content\/uploads\/2021\/08\/framtidsloften-1536x1424.jpg 1536w, https:\/\/info.edu.turku.fi\/katedral\/wp-content\/uploads\/2021\/08\/framtidsloften-291x270.jpg 291w, https:\/\/info.edu.turku.fi\/katedral\/wp-content\/uploads\/2021\/08\/framtidsloften.jpg 1575w\" sizes=\"(max-width: 452px) 100vw, 452px\" \/><figcaption>Studerandes framtidsl\u00f6ften fr\u00e5n framtidsdagen 2019<\/figcaption><\/figure>\n\n\n\n<p><\/p>\n","protected":false},"excerpt":{"rendered":"<p>Katedralskolan i \u00c5bo h\u00f6r till Unescos internationella Aspnet skoln\u00e4tverk som best\u00e5r av skolor fr\u00e5n hela v\u00e4rlden. Det h\u00e4r \u00e5terspeglas i v\u00e5r verksamhet bland annat genom att vi l\u00e4gger fokus p\u00e5 en h\u00e5llbar framtid, global fostran och jobbar med Unescos globala <a href=\"https:\/\/info.edu.turku.fi\/katedral\/om-oss\/unesco-skola\/\" class=\"read-more\">L\u00e4s mera &#8230;<\/a><\/p>\n","protected":false},"author":1,"featured_media":0,"parent":17,"menu_order":0,"comment_status":"closed","ping_status":"closed","template":"","meta":{"footnotes":""},"_links":{"self":[{"href":"https:\/\/info.edu.turku.fi\/katedral\/wp-json\/wp\/v2\/pages\/1388"}],"collection":[{"href":"https:\/\/info.edu.turku.fi\/katedral\/wp-json\/wp\/v2\/pages"}],"about":[{"href":"https:\/\/info.edu.turku.fi\/katedral\/wp-json\/wp\/v2\/types\/page"}],"author":[{"embeddable":true,"href":"https:\/\/info.edu.turku.fi\/katedral\/wp-json\/wp\/v2\/users\/1"}],"replies":[{"embeddable":true,"href":"https:\/\/info.edu.turku.fi\/katedral\/wp-json\/wp\/v2\/comments?post=1388"}],"version-history":[{"count":22,"href":"https:\/\/info.edu.turku.fi\/katedral\/wp-json\/wp\/v2\/pages\/1388\/revisions"}],"predecessor-version":[{"id":3867,"href":"https:\/\/info.edu.turku.fi\/katedral\/wp-json\/wp\/v2\/pages\/1388\/revisions\/3867"}],"up":[{"embeddable":true,"href":"https:\/\/info.edu.turku.fi\/katedral\/wp-json\/wp\/v2\/pages\/17"}],"wp:attachment":[{"href":"https:\/\/info.edu.turku.fi\/katedral\/wp-json\/wp\/v2\/media?parent=1388"}],"curies":[{"name":"wp","href":"https:\/\/api.w.org\/{rel}","templated":true}]}}