{"id":1375,"date":"2019-01-07T12:26:47","date_gmt":"2019-01-07T11:26:47","guid":{"rendered":"https:\/\/info.edu.turku.fi\/katedral\/?page_id=1375"},"modified":"2020-01-09T12:48:23","modified_gmt":"2020-01-09T11:48:23","slug":"utvecklingsprojekt","status":"publish","type":"page","link":"https:\/\/info.edu.turku.fi\/katedral\/utvecklingsprojekt\/","title":{"rendered":"Samarbetsprojekt"},"content":{"rendered":"\n<p>Katedralskolan medverkar i flera olika utvecklingsprojekt. Vi deltar i internationella samarbetsprojekt, nationella skolutvecklingsprojekt och h\u00f6gskolesamarbete. H\u00e4r kan du l\u00e4sa mera om de olika projekten.<br><\/p>\n\n\n\n<div class=\"wp-block-image\"><figure class=\"alignleft is-resized\"><a href=\"https:\/\/info.edu.turku.fi\/katedral\/utvecklingsprojekt\/internationell-verksamhet\/\"><img decoding=\"async\" loading=\"lazy\" src=\"https:\/\/info.edu.turku.fi\/katedral\/wp-content\/uploads\/2019\/08\/internationell_verksamhet_thumb.jpg\" alt=\"Kanadas karta och v\u00e4ggdetaljer\" class=\"wp-image-1807\" width=\"300\" height=\"290\" srcset=\"https:\/\/info.edu.turku.fi\/katedral\/wp-content\/uploads\/2019\/08\/internationell_verksamhet_thumb.jpg 400w, https:\/\/info.edu.turku.fi\/katedral\/wp-content\/uploads\/2019\/08\/internationell_verksamhet_thumb-300x290.jpg 300w, https:\/\/info.edu.turku.fi\/katedral\/wp-content\/uploads\/2019\/08\/internationell_verksamhet_thumb-280x270.jpg 280w\" sizes=\"(max-width: 300px) 100vw, 300px\" \/><\/a><figcaption> <a href=\"https:\/\/info.edu.turku.fi\/katedral\/utvecklingsprojekt\/internationell-verksamhet\/\">Internationell verksamhet<\/a> <\/figcaption><\/figure><\/div>\n\n\n\n<div class=\"wp-block-image\"><figure class=\"alignright is-resized\"><a href=\"https:\/\/info.edu.turku.fi\/katedral\/utvecklingsprojekt\/nationella-skolutvecklingsprojekt\/\"><img decoding=\"async\" loading=\"lazy\" src=\"https:\/\/info.edu.turku.fi\/katedral\/wp-content\/uploads\/2019\/08\/nationella_utvecklingspro_thumb.jpg\" alt=\"Finlands karta och v\u00e4ggdetaljer\" class=\"wp-image-1808\" width=\"300\" height=\"290\" srcset=\"https:\/\/info.edu.turku.fi\/katedral\/wp-content\/uploads\/2019\/08\/nationella_utvecklingspro_thumb.jpg 400w, https:\/\/info.edu.turku.fi\/katedral\/wp-content\/uploads\/2019\/08\/nationella_utvecklingspro_thumb-300x290.jpg 300w, https:\/\/info.edu.turku.fi\/katedral\/wp-content\/uploads\/2019\/08\/nationella_utvecklingspro_thumb-280x270.jpg 280w\" sizes=\"(max-width: 300px) 100vw, 300px\" \/><\/a><figcaption><a href=\"https:\/\/info.edu.turku.fi\/katedral\/utvecklingsprojekt\/nationella-skolutvecklingsprojekt\/\">Nationella skolutvecklingsprojekt<\/a> <\/figcaption><\/figure><\/div>\n\n\n\n<p><\/p>\n\n\n<p><\/p>\n<h2>&nbsp;<\/h2>\n<p class=\"ms-core-pageTitle\">&nbsp;<\/p>","protected":false},"excerpt":{"rendered":"<p>Katedralskolan medverkar i flera olika utvecklingsprojekt. Vi deltar i internationella samarbetsprojekt, nationella skolutvecklingsprojekt och h\u00f6gskolesamarbete. H\u00e4r kan du l\u00e4sa mera om de olika projekten. &nbsp; &nbsp;<\/p>\n","protected":false},"author":1,"featured_media":0,"parent":0,"menu_order":0,"comment_status":"closed","ping_status":"closed","template":"","meta":{"footnotes":""},"_links":{"self":[{"href":"https:\/\/info.edu.turku.fi\/katedral\/wp-json\/wp\/v2\/pages\/1375"}],"collection":[{"href":"https:\/\/info.edu.turku.fi\/katedral\/wp-json\/wp\/v2\/pages"}],"about":[{"href":"https:\/\/info.edu.turku.fi\/katedral\/wp-json\/wp\/v2\/types\/page"}],"author":[{"embeddable":true,"href":"https:\/\/info.edu.turku.fi\/katedral\/wp-json\/wp\/v2\/users\/1"}],"replies":[{"embeddable":true,"href":"https:\/\/info.edu.turku.fi\/katedral\/wp-json\/wp\/v2\/comments?post=1375"}],"version-history":[{"count":41,"href":"https:\/\/info.edu.turku.fi\/katedral\/wp-json\/wp\/v2\/pages\/1375\/revisions"}],"predecessor-version":[{"id":1961,"href":"https:\/\/info.edu.turku.fi\/katedral\/wp-json\/wp\/v2\/pages\/1375\/revisions\/1961"}],"wp:attachment":[{"href":"https:\/\/info.edu.turku.fi\/katedral\/wp-json\/wp\/v2\/media?parent=1375"}],"curies":[{"name":"wp","href":"https:\/\/api.w.org\/{rel}","templated":true}]}}