{"id":1297,"date":"2018-11-27T12:29:04","date_gmt":"2018-11-27T11:29:04","guid":{"rendered":"https:\/\/info.edu.turku.fi\/katedral\/?page_id=1297"},"modified":"2019-03-27T11:49:44","modified_gmt":"2019-03-27T10:49:44","slug":"gymnastiksalen","status":"publish","type":"page","link":"https:\/\/info.edu.turku.fi\/katedral\/om-oss\/gymnastiksalen\/","title":{"rendered":"Arkeologiska utgr\u00e4vningar"},"content":{"rendered":"<p><img decoding=\"async\" loading=\"lazy\" class=\"alignnone size-large wp-image-1300\" src=\"https:\/\/info.edu.turku.fi\/katedral\/wp-content\/uploads\/2018\/11\/utgr_8155-1024x632.jpg\" alt=\"\" width=\"640\" height=\"395\" srcset=\"https:\/\/info.edu.turku.fi\/katedral\/wp-content\/uploads\/2018\/11\/utgr_8155-1024x632.jpg 1024w, https:\/\/info.edu.turku.fi\/katedral\/wp-content\/uploads\/2018\/11\/utgr_8155-300x185.jpg 300w, https:\/\/info.edu.turku.fi\/katedral\/wp-content\/uploads\/2018\/11\/utgr_8155-768x474.jpg 768w, https:\/\/info.edu.turku.fi\/katedral\/wp-content\/uploads\/2018\/11\/utgr_8155-360x222.jpg 360w, https:\/\/info.edu.turku.fi\/katedral\/wp-content\/uploads\/2018\/11\/utgr_8155.jpg 1400w\" sizes=\"(max-width: 640px) 100vw, 640px\" \/><br \/>\n<em>Katedralskolans gymnastiksal planerades 1902 av arkitekt Carl Armfelt<\/em><\/p>\n<p>I slutet av 2017 p\u00e5b\u00f6rjades arkeologiska utgr\u00e4vningar under golvet i Katedralskolans gymnastiksal. Omfattningen av ruinomr\u00e5det med sina unika fynd var en \u00f6verraskning, trots att arkeologerna var medvetna om den stora sannolikheten f\u00f6r fornfynd mitt i historiska \u00c5bo.<\/p>\n<p>Byggnadsresterna h\u00e4rstammar fr\u00e5n stadens grundande och de historiska skikten kunde sp\u00e5ras 700 \u00e5r bak\u00e5t i tiden. Fynden \u00e4r bara en br\u00e5kdel av den medeltida historiska stad som str\u00e4cker sig fr\u00e5n domkyrkan till Aura bron och f\u00f6rst\u00f6rdes i branden 1827 samt i tidigare br\u00e4nder p\u00e5 1600-talet. Kvarteren vid skolan kallades f\u00f6r \u201dKl\u00f6ster stadsdel\u201d och h\u00e4nvisar till klosterberget och det medeltida kloster som fanns i omr\u00e5det.<\/p>\n<p>I gymnastiksalen har arkeologerna hittat k\u00e4llargrunderna till tv\u00e5 v\u00e4rdefulla byggnader; Horns hus och M\u00e5\u00e5s hus.<\/p>\n<p><img decoding=\"async\" loading=\"lazy\" class=\"alignnone wp-image-1301\" src=\"https:\/\/info.edu.turku.fi\/katedral\/wp-content\/uploads\/2018\/11\/katedr_25_2.jpg\" alt=\"\" width=\"508\" height=\"360\" srcset=\"https:\/\/info.edu.turku.fi\/katedral\/wp-content\/uploads\/2018\/11\/katedr_25_2.jpg 709w, https:\/\/info.edu.turku.fi\/katedral\/wp-content\/uploads\/2018\/11\/katedr_25_2-300x212.jpg 300w, https:\/\/info.edu.turku.fi\/katedral\/wp-content\/uploads\/2018\/11\/katedr_25_2-360x255.jpg 360w\" sizes=\"(max-width: 508px) 100vw, 508px\" \/><\/p>\n<p><em>Foto av muuritutkimus<\/em> <a href=\"http:\/\/www.muuritutkimus.com\/\">http:\/\/www.muuritutkimus.com\/<\/a><\/p>\n<h4>Horns hus<\/h4>\n<p>1827 fanns tomten i tomtregistret som \u201dWelb\u00d6ffvertHornsg\u00e5rdh\u201d och \u00e4gdes av f\u00e4ltmarskalk Evert Horn som stupade i strid 1615.<\/p>\n<p>Evert Horn var en betydelsefull person i riket. Sl\u00e4kten Horn \u00e4gde ursprungligen hovr\u00e4ttshuset fr\u00e5n 1547 som fanns p\u00e5 den nuvarande skolbyggnadens plats och kallades \u201dKankais hus\u201d. Huset s\u00e5ldes 1671 av Gustaf Evertsson Horn till \u00c5bo hovr\u00e4tt men f\u00f6rst\u00f6rdes sv\u00e5rt i branden 1681. Efter branden byggde man upp huset igen och hovr\u00e4tten verkade i huset fram till branden 1827.<\/p>\n<p>Mera om Evert Horn kan man l\u00e4sa p\u00e5 <a href=\"https:\/\/sv.wikipedia.org\/wiki\/Evert_Horn_af_Kanckas\">Wikipedia<\/a><\/p>\n<p>Efter Horns tid \u00e4r husets \u00e4gandef\u00f6rh\u00e5llanden oklara, men man vet med s\u00e4kerhet att tomten \u00e4gdes av k\u00f6pman Henrik Withfooth i slutet av 1600-talet och \u00f6vergick 1712 till hans sv\u00e4rson Georg Haveman. Huset fortsatte i sl\u00e4ktens \u00e4go \u00e4nda tills kommerser\u00e5d Christian Trapp k\u00f6pte upp tomten 1822.<\/p>\n<p>I k\u00e4llarutrymmen f\u00f6rvarades mest v\u00e4rdesaker och de anv\u00e4ndes inte som bostadsutrymmen, det oaktat hittade arkeologerna grunden till en kakelugn i ett av rummen. De fann ocks\u00e5 delvis uppbr\u00e4nda rester av brev fr\u00e5n 1800-talet, skrivna p\u00e5 tyska.<\/p>\n<p><img decoding=\"async\" loading=\"lazy\" class=\"alignnone size-full wp-image-1302\" src=\"https:\/\/info.edu.turku.fi\/katedral\/wp-content\/uploads\/2018\/11\/katedr31_4.jpg\" alt=\"\" width=\"794\" height=\"446\" srcset=\"https:\/\/info.edu.turku.fi\/katedral\/wp-content\/uploads\/2018\/11\/katedr31_4.jpg 794w, https:\/\/info.edu.turku.fi\/katedral\/wp-content\/uploads\/2018\/11\/katedr31_4-300x169.jpg 300w, https:\/\/info.edu.turku.fi\/katedral\/wp-content\/uploads\/2018\/11\/katedr31_4-768x431.jpg 768w, https:\/\/info.edu.turku.fi\/katedral\/wp-content\/uploads\/2018\/11\/katedr31_4-360x202.jpg 360w\" sizes=\"(max-width: 794px) 100vw, 794px\" \/><\/p>\n<h4>M\u00e5\u00e5s hus<\/h4>\n<p>I slutet av 1500-talet \u00e4gde k\u00f6pman David M\u00e5\u00e5s tomten. \u00c5r 1616 kallades tomten f\u00f6r \u201dDavidhMosesg\u00e5rd\u201d. 1641 \u00f6vergick tomten till grundaren av Fiskars bruk Peter Thorw\u00f6st och sedan vidare till hans son Johan Thorw\u00f6st 1671. Sl\u00e4kten Thorw\u00f6st \u00e4gde ocks\u00e5 andra byggnader i kvarteren bland annat under v\u00e5r nuvarande skolg\u00e5rd.<br \/>\n1725 s\u00e5lde k\u00f6pman Gustaf Withfooths stenhuset p\u00e5 tomten till apotekare Johan Synnerberg som \u00e4gde tomten i 40 \u00e5r och bedrev apoteksverksamhet.<\/p>\n<p>P\u00e5 1827 \u00e4gdes tomten av kapten Christian Forsmans arvingar och i ett av husen fanns ocks\u00e5 f\u00f6rsta Sparbanken i \u00c5bo som \u00f6ppnades 1823. Som kuriositet kan n\u00e4mnas att enligt s\u00e4gen har Runeberg och Topelius lyft studiel\u00e5n i banken.<\/p>\n<p>Efter \u00c5bo brand 1827 rasade byggnadsresterna ned i k\u00e4llarna och marken j\u00e4mnades f\u00f6r att ge plats \u00e5t nytt byggande.<\/p>\n<p>En av medeltida \u00c5bos huvudgator Kloster\u00e5gatan har g\u00e5tt delvis genom gymnastiksalen och husen har legat l\u00e4ngs med gatan. Gatans forts\u00e4ttning finns framgr\u00e4vd i Aboa Vetus.<\/p>\n<p>Utfyllnadsmassorna i salen gr\u00e4vdes ut f\u00f6r hand och bars ut i hinkar, bland massorna hittades glaserade golvtegel, gr\u00f6na kakel, f\u00f6rkolnade bitar ur brev, foten till en j\u00e4rnugn och dess lucka &nbsp;samt olika f\u00f6rem\u00e5l som h\u00f6rt ihop med m\u00e4nskorna som bott i husen.<\/p>\n<p>Utgr\u00e4vningarna avslutades sommaren 2018 och nu har ruinerna t\u00e4ckts av ifyllnadsmaterial f\u00f6r att bevara dem s\u00e5 v\u00e4l som m\u00f6jligt f\u00f6r kommande generationer. Under sommaren 2018 ordnades ett PopUp museum \u201dTurku goes underground\u201d i salen och det bes\u00f6ktes av 4500 personer under 5 veckor.<\/p>\n<h4>L\u00e4nkar och k\u00e4llor<\/h4>\n<p>Muuritutkimus 2017-2018<\/p>\n<p><a href=\"http:\/\/www.muuritutkimus.com\/arkeologia\/index.html\">http:\/\/www.muuritutkimus.com\/arkeologia\/index.html<\/a><\/p>\n<p>Turun sanomat 17.5 2018<\/p>\n<p><a href=\"https:\/\/www.ts.fi\/uutiset\/paikalliset\/3951922\/Katedralskolanin+arkeologiset+kaivaukset+esitellaan+yleisolle+kesakuussa?utm_source=Katedralskolanin+arkeologiset+kaivaukset+avautuvat+yleis%C3%B6lle+%2F++Maastoa+palanut+taas+Varsinais-Suomessa&amp;utm_medium=email&amp;utm_campaign\">https:\/\/www.ts.fi\/uutiset\/paikalliset\/3951922\/Katedralskolanin+arkeologiset+kaivaukset+esitellaan+yleisolle+kesakuussa?utm_source=Katedralskolanin+arkeologiset+kaivaukset+avautuvat+yleis%C3%B6lle+%2F++Maastoa+palanut+taas+Varsinais-Suomessa&amp;utm_medium=email&amp;utm_campaign<\/a>=<\/p>\n<p>Suomen kuvalehti 9.7 2018<\/p>\n<p><a href=\"https:\/\/suomenkuvalehti.fi\/jutut\/kotimaa\/kulttuurikatastrofi-vai-jarkiteko-turun-jumppasali-pompeiji-haudataan-pian-takaisin-maahan\/?shared=1029750-f3ba8ae5-500\">https:\/\/suomenkuvalehti.fi\/jutut\/kotimaa\/kulttuurikatastrofi-vai-jarkiteko-turun-jumppasali-pompeiji-haudataan-pian-takaisin-maahan\/?shared=1029750-f3ba8ae5-500<\/a><\/p>\n<p>Yle 13.7<\/p>\n<p><a href=\"https:\/\/yle.fi\/uutiset\/3-10303104\">https:\/\/yle.fi\/uutiset\/3-10303104<\/a><\/p>\n<p>Mtv 23.7<\/p>\n<p><a href=\"https:\/\/www.mtv.fi\/uutiset\/kotimaa\/artikkeli\/viimeksi-tassa-on-kavelty-ennen-turun-paloa-rauniokaivaukset-kertovat-suomalaiselamasta-700-vuoden-ajalta\/6999262#gs.05EIg54\">https:\/\/www.mtv.fi\/uutiset\/kotimaa\/artikkeli\/viimeksi-tassa-on-kavelty-ennen-turun-paloa-rauniokaivaukset-kertovat-suomalaiselamasta-700-vuoden-ajalta\/6999262#gs.05EIg54<\/a><\/p>\n<p>&nbsp;<\/p>\n<p>&nbsp;<\/p>\n","protected":false},"excerpt":{"rendered":"<p>Katedralskolans gymnastiksal planerades 1902 av arkitekt Carl Armfelt I slutet av 2017 p\u00e5b\u00f6rjades arkeologiska utgr\u00e4vningar under golvet i Katedralskolans gymnastiksal. Omfattningen av ruinomr\u00e5det med sina unika fynd var en \u00f6verraskning, trots att arkeologerna var medvetna om den stora sannolikheten f\u00f6r <a href=\"https:\/\/info.edu.turku.fi\/katedral\/om-oss\/gymnastiksalen\/\" class=\"read-more\">L\u00e4s mera &#8230;<\/a><\/p>\n","protected":false},"author":1,"featured_media":0,"parent":17,"menu_order":0,"comment_status":"closed","ping_status":"closed","template":"","meta":{"footnotes":""},"_links":{"self":[{"href":"https:\/\/info.edu.turku.fi\/katedral\/wp-json\/wp\/v2\/pages\/1297"}],"collection":[{"href":"https:\/\/info.edu.turku.fi\/katedral\/wp-json\/wp\/v2\/pages"}],"about":[{"href":"https:\/\/info.edu.turku.fi\/katedral\/wp-json\/wp\/v2\/types\/page"}],"author":[{"embeddable":true,"href":"https:\/\/info.edu.turku.fi\/katedral\/wp-json\/wp\/v2\/users\/1"}],"replies":[{"embeddable":true,"href":"https:\/\/info.edu.turku.fi\/katedral\/wp-json\/wp\/v2\/comments?post=1297"}],"version-history":[{"count":8,"href":"https:\/\/info.edu.turku.fi\/katedral\/wp-json\/wp\/v2\/pages\/1297\/revisions"}],"predecessor-version":[{"id":1603,"href":"https:\/\/info.edu.turku.fi\/katedral\/wp-json\/wp\/v2\/pages\/1297\/revisions\/1603"}],"up":[{"embeddable":true,"href":"https:\/\/info.edu.turku.fi\/katedral\/wp-json\/wp\/v2\/pages\/17"}],"wp:attachment":[{"href":"https:\/\/info.edu.turku.fi\/katedral\/wp-json\/wp\/v2\/media?parent=1297"}],"curies":[{"name":"wp","href":"https:\/\/api.w.org\/{rel}","templated":true}]}}