{"id":120,"date":"2017-03-23T09:36:15","date_gmt":"2017-03-23T08:36:15","guid":{"rendered":"https:\/\/info.edu.turku.fi\/katedral\/?page_id=120"},"modified":"2024-08-08T12:18:07","modified_gmt":"2024-08-08T10:18:07","slug":"studiegangen","status":"publish","type":"page","link":"https:\/\/info.edu.turku.fi\/katedral\/en-hemsides-sektion\/studiegangen\/","title":{"rendered":"Studieg\u00e5ngen"},"content":{"rendered":"<h2>\u00c4mnesval<\/h2>\n<h3>Hur m\u00e5nga studiepo\u00e4ng ska jag avl\u00e4gga per l\u00e4s\u00e5r?<\/h3>\n<p>Enligt l\u00e4roplanen (GLP 2021) omfattar gymnasiets l\u00e4rokurs 150 studiepo\u00e4ng och gymnasiestudierna delas in i obligatoriska och valfria studier.<\/p>\n<p class=\"p1\">F\u00f6r att avl\u00e4gga gymnasiet p\u00e5 tre \u00e5r rekommenderas en studietakt p\u00e5 ca 60 sp + 60 sp + 30 sp, vilket betyder att du avl\u00e4gger ca 60 sp det f\u00f6rsta \u00e5ret, ca 60 sp det andra och ca 30 sp det sista studie\u00e5ret. Vi rekommenderar <div id=\"post-link-120\" class=\"sh-link post-link sh-hide\"><a href=\"#\" onclick=\"showhide_toggle('post', 120, 'L\u00e4s mera...', 'Visa mindre...'); return false;\" aria-expanded=\"false\"><span id=\"post-toggle-120\">L\u00e4s mera...<\/span><\/a><\/div><div id=\"post-content-120\" class=\"sh-content post-content sh-hide\" style=\"display: none;\">&#8230; i alla fall att du avl\u00e4gger lite flera studiepo\u00e4ng \u00e4n s\u00e5 de tv\u00e5 f\u00f6rsta \u00e5ren, s\u00e5 hinner du koncentrera dig b\u00e4ttre p\u00e5 de skrivf\u00f6rberedande studierna abi\u00e5ret!<\/p>\n<p class=\"p1\">Under ditt f\u00f6rsta studie\u00e5r \u00e4r det \u00f6nskv\u00e4rt att du f\u00f6ljer den rekommenderade studieg\u00e5ngen f\u00f6r modersm\u00e5let, finska, engelska, matematik, gymnastik, musik, bildkonst och studiehandledning. I annat fall kan det senare bli sv\u00e5rt att f\u00e5 in studieavsnitten i schemat. Detsamma g\u00e4ller studierna i fysik och kemi samt i de valfria fr\u00e4mmande spr\u00e5ken. \u00d6vriga studierna v\u00e4ljer du enligt intresse och behov och hur de passar in i schemat.<\/p>\n<p class=\"p1\">G\u00f6r \u00e4mnesvalen med eftertanke och planera ditt studieprogram omsorgsfullt, s\u00e5 att du hinner avl\u00e4gga alla de studier du \u00f6nskar f\u00e5 med i programmet innan du deltar i studentskrivningarna.<\/p>\n<p class=\"p1\"><span class=\"s1\"><\/div><\/span><\/p>\n<h3>Hur vet jag vilka studieavsnitt jag ska v\u00e4lja i spr\u00e5ken?<\/h3>\n<p>S\u00e5 h\u00e4r v\u00e4ljer du r\u00e4tt niv\u00e5 p\u00e5 spr\u00e5kkurserna:<\/p>\n<div id=\"post2-link-120\" class=\"sh-link post2-link sh-hide\"><a href=\"#\" onclick=\"showhide_toggle('post2', 120, 'L\u00e4s mera...', 'Visa mindre...'); return false;\" aria-expanded=\"false\"><span id=\"post2-toggle-120\">L\u00e4s mera...<\/span><\/a><\/div><div id=\"post2-content-120\" class=\"sh-content post2-content sh-hide\" style=\"display: none;\"><\/p>\n<p><strong>Finska<\/strong><\/p>\n<p>Om du i den grundl\u00e4ggande utbildningen har l\u00e4st finska<br \/>a) enligt den modersm\u00e5lsinriktade l\u00e4rokursen (\u201dmofi\u201d), ska du v\u00e4lja &#8221;FIM&#8221; b) enligt A-l\u00e4rokursen, ska du v\u00e4lja &#8221;FINA&#8221;.<\/p>\n<p><strong>Fr\u00e4mmande spr\u00e5k<\/strong><\/p>\n<p>Om du i den grundl\u00e4ggande utbildningen har l\u00e4st tyska eller franska<br \/>a) fr.o.m. \u00e5k 8 ska du forts\u00e4tta med B2-l\u00e4rokursen<br \/>b) fr.o.m. \u201dl\u00e5gstadiet\u201d rekommenderar vi att du forts\u00e4tta med TYB23 eller FRB23.<\/p>\n<p>Om du b\u00f6rjar l\u00e4sa tyska, franska, ryska eller latin som nyb\u00f6rjarspr\u00e5k i gymnasiet ska du v\u00e4lja B3-l\u00e4rokursen.<\/p>\n<p>OBS! Ryska, spanska, italienska och latin ordnas i samarbete med de finskspr\u00e5kiga gymnasierna.<\/p>\n<p><\/div>\n<p><img decoding=\"async\" loading=\"lazy\" class=\"size-medium wp-image-466 alignright\" src=\"https:\/\/info.edu.turku.fi\/katedral\/wp-content\/uploads\/2017\/03\/ofelia_3476-300x203.jpg\" alt=\"\" width=\"300\" height=\"203\" srcset=\"https:\/\/info.edu.turku.fi\/katedral\/wp-content\/uploads\/2017\/03\/ofelia_3476-300x203.jpg 300w, https:\/\/info.edu.turku.fi\/katedral\/wp-content\/uploads\/2017\/03\/ofelia_3476-768x521.jpg 768w, https:\/\/info.edu.turku.fi\/katedral\/wp-content\/uploads\/2017\/03\/ofelia_3476-360x244.jpg 360w, https:\/\/info.edu.turku.fi\/katedral\/wp-content\/uploads\/2017\/03\/ofelia_3476.jpg 907w\" sizes=\"(max-width: 300px) 100vw, 300px\" \/><\/p>\n<h2>Avl\u00e4ggande av studierna i ett l\u00e4ro\u00e4mne<\/h2>\n<p>Du avl\u00e4gger studierna i ett l\u00e4ro\u00e4mne genom att delta i undervisningen n\u00e4r studieavsnitten g\u00e5r, genom att &#8221;tenta&#8221; studieavsnitten eller genom att avl\u00e4gga dem p\u00e5 distans.<\/p>\n<h3>Vad \u00e4r det vanligaste s\u00e4ttet att avl\u00e4gga studier p\u00e5?<\/h3>\n<p>Det vanligaste s\u00e4ttet att avl\u00e4gga studier \u00e4r att delta i undervisningen n\u00e4r studieavsnittet g\u00e5r.<div id=\"post3-link-120\" class=\"sh-link post3-link sh-hide\"><a href=\"#\" onclick=\"showhide_toggle('post3', 120, 'L\u00e4s mera...', 'Visa mindre...'); return false;\" aria-expanded=\"false\"><span id=\"post3-toggle-120\">L\u00e4s mera...<\/span><\/a><\/div><div id=\"post3-content-120\" class=\"sh-content post3-content sh-hide\" style=\"display: none;\"> De flesta obligatoriska studierna g\u00e5r tre g\u00e5nger, vilket underl\u00e4ttar m\u00f6jligheterna att f\u00e5 in studieavsnittet i schemat. Det \u00e4r endast i undantagsfall som vi rekommenderar att du avl\u00e4gger studieavsnitten sj\u00e4lvst\u00e4ndigt.<\/p>\n<p><\/div><\/p>\n<h3>N\u00e4r kan jag tenta ett studieavsnitt?<\/h3>\n<p>Om du har tv\u00e5 studieavsnitt som g\u00e5r samtidigt i schemat kan du anh\u00e5lla om att f\u00e5 avl\u00e4gga det ena studieavsnittet som sj\u00e4lvstudier, dvs. att f\u00e5 &#8221;tenta&#8221; studieavsnittet. <div id=\"post4-link-120\" class=\"sh-link post4-link sh-hide\"><a href=\"#\" onclick=\"showhide_toggle('post4', 120, 'L\u00e4s mera...', 'Visa mindre...'); return false;\" aria-expanded=\"false\"><span id=\"post4-toggle-120\">L\u00e4s mera...<\/span><\/a><\/div><div id=\"post4-content-120\" class=\"sh-content post4-content sh-hide\" style=\"display: none;\">Innan du anh\u00e5ller om att f\u00e5 tenta studieavsnittet ska du f\u00f6rs\u00e4kra dig om att studierna kan avl\u00e4ggas sj\u00e4lvst\u00e4ndigt. T\u00e4nk ocks\u00e5 efter om du klarar av att studera mer eller mindre p\u00e5 egen hand. Fyll sedan i blanketten:<br \/><strong><span style=\"color: #333399;\"><a style=\"color: #333399;\" href=\"https:\/\/info.edu.turku.fi\/katedral\/wp-content\/uploads\/2017\/08\/Anh\u00e5llan-om-tentamensr\u00e4tt.pdf\">Anh\u00e5llan om tentamensr\u00e4tt<\/a><\/span><\/strong><\/p>\n<p>senast tio dagar f\u00f6re den nya perioden b\u00f6rjar. Om du \u00f6nskar anh\u00e5lla om att f\u00e5 tenta ett studieavsnitt i period 1 ska du l\u00e4mna in anh\u00e5llan om tentamensr\u00e4tt senast den tredje skoldagen efter att l\u00e4s\u00e5ret har inletts. Om din anh\u00e5llan godk\u00e4nns av rektorn ska du kontakta \u00e4mnesl\u00e4raren f\u00f6r att f\u00e5 n\u00e4rmare instruktioner om hur du avl\u00e4gger studierna p\u00e5 egen hand.<\/p>\n<p><em>Observera<\/em> att ett studieavsnitt som du genomf\u00f6r p\u00e5 egen hand m\u00e5ste avl\u00e4ggas med godk\u00e4nt vitsord.<\/p>\n<p><\/div><\/p>\n<h3>Vad ska jag g\u00f6ra om jag vill avl\u00e4gga n\u00e4tstudier?<\/h3>\n<p>Beroende p\u00e5 vilken n\u00e4tstudieavsnitt du vill avl\u00e4gga kan studieavsnittet vara avgiftsbelagd. B\u00f6rja d\u00e4rf\u00f6r med att kontakta studiehandledaren,<div id=\"post5-link-120\" class=\"sh-link post5-link sh-hide\"><a href=\"#\" onclick=\"showhide_toggle('post5', 120, 'L\u00e4s mera...', 'Visa mindre...'); return false;\" aria-expanded=\"false\"><span id=\"post5-toggle-120\">L\u00e4s mera...<\/span><\/a><\/div><div id=\"post5-content-120\" class=\"sh-content post5-content sh-hide\" style=\"display: none;\">som ger dig lov om du f\u00e5r g\u00e5 studieavsnittet eller inte, och som ocks\u00e5 kan ge r\u00e5d om hur du anm\u00e4ler dig till studierna.<\/p>\n<p>Du f\u00e5r naturligtvis g\u00e5 studier som du sj\u00e4lv bekostar, men h\u00f6r dig f\u00f6r hos studiehandledaren om studierna \u00e4r s\u00e5dana som kan tillgodor\u00e4knas innan du anm\u00e4ler dig till studieavsnitett och betalar eventuella avgifter.<\/p>\n<h3>Kan jag avbryta ett studieavsnitt?<\/h3>\n<p>Ja, det kan du g\u00f6ra genom att meddela din l\u00e4rare senast 10 arbetsdagar efter att studierna b\u00f6rjat. Det g\u00e5r inte att stryka studieavsnitten senare, men innan du g\u00f6r det l\u00f6nar det sig att kontrollera<div id=\"post6-link-120\" class=\"sh-link post6-link sh-hide\"><a href=\"#\" onclick=\"showhide_toggle('post6', 120, 'L\u00e4s mera...', 'Visa mindre...'); return false;\" aria-expanded=\"false\"><span id=\"post6-toggle-120\">L\u00e4s mera...<\/span><\/a><\/div><div id=\"post6-content-120\" class=\"sh-content post6-content sh-hide\" style=\"display: none;\"><\/div>om studierna g\u00e5r flera g\u00e5nger, s\u00e5 att du inte \u00e4ventyrar dina m\u00f6jligheter att avl\u00e4gga studieavsnittet i ett senare skede. Det h\u00e4r \u00e4r speciellt viktigt att t\u00e4nka p\u00e5 om det g\u00e4ller obligatoriska studier, som g\u00e5r i slutet av l\u00e4s\u00e5ret. Om du medvetet f\u00f6rs\u00e4tter dig i en s\u00e5dan situation \u00e4r det p\u00e5 ditt eget ansvar att avl\u00e4gga studierna vid ett annat gymnasium eller p\u00e5 annat s\u00e4tt.<\/p>\n<p><\/div><\/p>\n<h3>Kan jag be om att ett underk\u00e4nd studieavsnitt stryks fr\u00e5n betyget?<\/h3>\n<p>Ja. Det \u00e4r m\u00f6jligt att i efterhand stryka s\u00e5dana <em>nationella valfria studier<\/em> som du har avlagt med <em>underk\u00e4nt<\/em> resultat. Om du beg\u00e4r att ett underk\u00e4nt studieavsnitt stryks f\u00f6rlorar du i s\u00e5 fall studiepo\u00e4ngen f\u00f6r de strukna studierna. Vi rekommenderar, d\u00e4rf\u00f6r, att du beg\u00e4r om att f\u00e5 ett underk\u00e4nt nationellt studieavsnitt struket f\u00f6rst n\u00e4r du ser att det totala antalet studiepo\u00e4ng r\u00e4cker till (b\u00e5de totalt sett och naturligtvis p\u00e5 \u00e4mnesniv\u00e5).<\/p>\n<h2>Slutf\u00f6rande av studierna<\/h2>\n<h3>Vad ska jag t\u00e4nka p\u00e5 i slutskedet av studierna?<\/h3>\n<p>Innan du inleder abi\u00e5ret \u00e4r det bra att kontrollera att du har avlagt alla obligatoriska studier eller att de ing\u00e5r i dina \u00e4mnessval f\u00f6r det kommande l\u00e4s\u00e5ret. <div id=\"post7-link-120\" class=\"sh-link post7-link sh-hide\"><a href=\"#\" onclick=\"showhide_toggle('post7', 120, 'L\u00e4s mera...', 'Visa mindre...'); return false;\" aria-expanded=\"false\"><span id=\"post7-toggle-120\">L\u00e4s mera...<\/span><\/a><\/div><div id=\"post7-content-120\" class=\"sh-content post7-content sh-hide\" style=\"display: none;\">Under abi\u00e5ret har du tre perioder p\u00e5 dig att avl\u00e4gga de \u00e5terst\u00e5ende studierna och du borde vara klar med allt efter period 3.<\/p>\n<p><\/div><\/p>\n<h3>Vad kr\u00e4vs f\u00f6r att bli dimitterad?<\/h3>\n<p>F\u00f6r att f\u00e5 gymnasiets avg\u00e5ngsbetyg kr\u00e4vs att du \u00e4r godk\u00e4nd i gymnasiets l\u00e4rokurs, dvs. att du har avlagt minst 150 studiepo\u00e4ng, <div id=\"post8-link-120\" class=\"sh-link post8-link sh-hide\"><a href=\"#\" onclick=\"showhide_toggle('post8', 120, 'L\u00e4s mera...', 'Visa mindre...'); return false;\" aria-expanded=\"false\"><span id=\"post8-toggle-120\">L\u00e4s mera...<\/span><\/a><\/div><div id=\"post8-content-120\" class=\"sh-content post8-content sh-hide\" style=\"display: none;\">\u00e4r godk\u00e4nd i de enskilda l\u00e4ro\u00e4mnena och har avlagt minst 20 studiepo\u00e4ng riksomfattande valfria studier.<\/p>\n<p>F\u00f6r att f\u00e5 ett studentexamensbetyg ska du ha avlagt fem prov med godk\u00e4nda vitsord.<\/p>\n<p>N\u00e4r b\u00e5da de h\u00e4r kraven har uppfyllts har du r\u00e4tt att bli dimitterad vid h\u00f6st- eller v\u00e5rdimissionen.<\/p>\n<p><\/div><\/p>\n<h2>\u00a0<\/h2>\n\n\n<p><\/p>\n","protected":false},"excerpt":{"rendered":"<p>\u00c4mnesval Hur m\u00e5nga studiepo\u00e4ng ska jag avl\u00e4gga per l\u00e4s\u00e5r? Enligt l\u00e4roplanen (GLP 2021) omfattar gymnasiets l\u00e4rokurs 150 studiepo\u00e4ng och gymnasiestudierna delas in i obligatoriska och valfria studier. F\u00f6r att avl\u00e4gga gymnasiet p\u00e5 tre \u00e5r rekommenderas en studietakt p\u00e5 ca 60 <a href=\"https:\/\/info.edu.turku.fi\/katedral\/en-hemsides-sektion\/studiegangen\/\" class=\"read-more\">L\u00e4s mera &#8230;<\/a><\/p>\n","protected":false},"author":1,"featured_media":222,"parent":20,"menu_order":0,"comment_status":"closed","ping_status":"closed","template":"","meta":{"footnotes":""},"_links":{"self":[{"href":"https:\/\/info.edu.turku.fi\/katedral\/wp-json\/wp\/v2\/pages\/120"}],"collection":[{"href":"https:\/\/info.edu.turku.fi\/katedral\/wp-json\/wp\/v2\/pages"}],"about":[{"href":"https:\/\/info.edu.turku.fi\/katedral\/wp-json\/wp\/v2\/types\/page"}],"author":[{"embeddable":true,"href":"https:\/\/info.edu.turku.fi\/katedral\/wp-json\/wp\/v2\/users\/1"}],"replies":[{"embeddable":true,"href":"https:\/\/info.edu.turku.fi\/katedral\/wp-json\/wp\/v2\/comments?post=120"}],"version-history":[{"count":117,"href":"https:\/\/info.edu.turku.fi\/katedral\/wp-json\/wp\/v2\/pages\/120\/revisions"}],"predecessor-version":[{"id":4427,"href":"https:\/\/info.edu.turku.fi\/katedral\/wp-json\/wp\/v2\/pages\/120\/revisions\/4427"}],"up":[{"embeddable":true,"href":"https:\/\/info.edu.turku.fi\/katedral\/wp-json\/wp\/v2\/pages\/20"}],"wp:featuredmedia":[{"embeddable":true,"href":"https:\/\/info.edu.turku.fi\/katedral\/wp-json\/wp\/v2\/media\/222"}],"wp:attachment":[{"href":"https:\/\/info.edu.turku.fi\/katedral\/wp-json\/wp\/v2\/media?parent=120"}],"curies":[{"name":"wp","href":"https:\/\/api.w.org\/{rel}","templated":true}]}}