{"id":115,"date":"2017-03-23T09:24:41","date_gmt":"2017-03-23T08:24:41","guid":{"rendered":"https:\/\/info.edu.turku.fi\/katedral\/?page_id=115"},"modified":"2026-02-24T09:45:06","modified_gmt":"2026-02-24T08:45:06","slug":"ansokan","status":"publish","type":"page","link":"https:\/\/info.edu.turku.fi\/katedral\/ansokan\/","title":{"rendered":"S\u00f6k till oss"},"content":{"rendered":"<h3>\u00a0<\/h3>\n<h3>S\u00e5 h\u00e4r s\u00f6ker du till Katedralskolan<\/h3>\n<p>Du s\u00f6ker till oss via <a href=\"https:\/\/opintopolku.fi\/konfo\/sv\/oppilaitos\/1.2.246.562.10.56444136784\"><span style=\"color: #80a6a4;\">studieinfo.fi <\/span><\/a>och den gemensamma antagningen, som ordnas varje v\u00e5r. D\u00e4r hittar du ocks\u00e5 mera information om sj\u00e4lva ans\u00f6kningsf\u00f6rfarandet och den exakta tidtabellen f\u00f6r ans\u00f6kningsomg\u00e5ngen. Vi har tv\u00e5 linjer som du kan s\u00f6ka till: den <strong>allm\u00e4nna linjen<\/strong> och<strong> idrottslinjen<\/strong> (f\u00f6r idrottare som s\u00f6ker in till \u00c5bonejdens idrottsakademi).<\/p>\n<p>N\u00e4r du i <span style=\"color: #89a398;\">mitten<\/span> av juni har f\u00e5tt meddelande om att du har antagits ska du meddela oss s\u00e5 fort som m\u00f6jligt om du tar emot studieplatsen eller inte genom att i f\u00f6rsta hand anv\u00e4nda den l\u00e4nk som du f\u00e5tt via din e-post. Om du inte kan logga in p\u00e5 MinStudieinfo kan du ocks\u00e5 skicka ett e-postmeddelande till katedralskolan(at)edu.turku.fi.<\/p>\n<h3>Prelimin\u00e4ra \u00e4mnesval<\/h3>\n<p>Om du har Katedralskolan i \u00c5bo som ditt f\u00f6rsta alternativ tar vi g\u00e4rna emot dina studie\u00f6nskem\u00e5l redan p\u00e5 v\u00e5ren. Sista dagen att l\u00e4mna in \u00e4mnesvalen \u00e4r 19.3.2026 och du kommer \u00e5t <span style=\"color: #80a6a4;\"><a style=\"color: #80a6a4;\" href=\"https:\/\/forms.gle\/cTrZQqVjgdNWVy5g9\">valblanketten via den h\u00e4r l\u00e4nken<\/a><\/span>.<\/p>\n<p>L\u00e4nk till den <a href=\"https:\/\/info.edu.turku.fi\/katedral\/wp-content\/uploads\/2024\/01\/Rekommenderad-studiegang-la-2024-2025.pdf\"><span style=\"color: #33cccc;\"><span style=\"color: #89a398;\">rekommenderade studieg\u00e5ngen.<\/span><\/span><\/a><\/p>\n\n\n<h3 class=\"wp-block-heading\">Presentation av Katedralskolan<\/h3>\n\n\n\n<p>Via den h\u00e4r l\u00e4nken kommer du till en <a rel=\"noreferrer noopener\" href=\"https:\/\/prezi.com\/view\/r1DYgUjEfuHwuWbdyJJJ\/\" target=\"_blank\"><span style=\"color:#80a6a4\" class=\"has-inline-color\">presentation av Katedralskolan<\/span><\/a>. Prezi-filen \u00f6ppnas i ett nytt f\u00f6nster.<\/p>\n\n\n\n<h3 class=\"wp-block-heading\">Infokv\u00e4ll i januari<\/h3>\n\n\n\n<p>Infokv\u00e4llen f\u00f6r s\u00f6kande och deras f\u00f6r\u00e4ldrar ordnas <strong>tisdag 13.1.2026 kl. 18.30<\/strong>. <\/p>\n\n\n\n<h3 class=\"wp-block-heading\">Antagning enligt pr\u00f6vning<\/h3>\n\n\n\n<p>Om du s\u00f6ker till oss med utl\u00e4ndskt betyg g\u00e4ller f\u00f6ljande: <\/p>\n\n\n\n<ul>\n<li>skicka betyg \u00f6ver studier som ger beh\u00f6righet f\u00f6r gymnasieutbildning eller motsvarande innan ans\u00f6kningstiden g\u00e5r ut. Betyget ska vara utf\u00e4rdat eller \u00f6versatt till svenska, finska eller engelska, och skickas till katedralskolan(at)edu.turku.fi. En auktoriserad \u00f6vers\u00e4ttning av betyget kr\u00e4vs.<\/li>\n<\/ul>\n\n\n\n<ul>\n<li>du kommer att intervjuas p\u00e5 l\u00e4roanstalten eller p\u00e5 distans innan ett beslut om antagningen fattas. L\u00e4roanstalten bed\u00f6mer om du har tillr\u00e4ckliga f\u00f6ruts\u00e4ttningar att klara av gymnasiestudierna p\u00e5 svenska. L\u00e4roanstalten kallar till intervju p\u00e5 basis av betygen.<\/li>\n<\/ul>\n\n\n\n<p>P\u00e5 studieinfo kan du l\u00e4sa mera om <a href=\"https:\/\/opintopolku.fi\/konfo\/sv\/sivu\/ansoekan-via-antagning-enligt-proevning#antagning-enligt-prvning-till-gymnasium\">ans\u00f6kan via antagning enligt pr\u00f6vning<\/a>.<\/p>\n\n\n\n<h3 class=\"wp-block-heading\">Kontinuerlig ans\u00f6kan<\/h3>\n\n\n\n<p>Om vi har lediga studieplatser s\u00e4tter vi ut dem via den kontinuerliga ans\u00f6kan. Samma urvalskriterier anv\u00e4nds i den kontinuerliga ans\u00f6kan som i den gemensamma ans\u00f6kan.&nbsp;Studieplatser som blir lediga p\u00e5 h\u00f6sten s\u00e4tts ut i b\u00f6rjan av november, ans\u00f6kan g\u00f6rs v. 45 (m\u00e5-fr) och studierna inleds i period 3. Studieplatser som blir lediga efter det h\u00e4r s\u00e4tts ut i b\u00f6rjan av mars, ans\u00f6kan fylls i v. 10 (m\u00e5-fr) och studierna inleds i period 5.<\/p>\n\n\n\n<p>Den kontinuerliga ans\u00f6kan riktar sig i f\u00f6rsta hand till s\u00f6kanden som redan har inlett sina gymnasiestudier och som t.ex. flyttar till \u00c5bo under p\u00e5g\u00e5ende l\u00e4s\u00e5r.<\/p>\n","protected":false},"excerpt":{"rendered":"<p>\u00a0 S\u00e5 h\u00e4r s\u00f6ker du till Katedralskolan Du s\u00f6ker till oss via studieinfo.fi och den gemensamma antagningen, som ordnas varje v\u00e5r. D\u00e4r hittar du ocks\u00e5 mera information om sj\u00e4lva ans\u00f6kningsf\u00f6rfarandet och den exakta tidtabellen f\u00f6r ans\u00f6kningsomg\u00e5ngen. Vi har tv\u00e5 linjer <a href=\"https:\/\/info.edu.turku.fi\/katedral\/ansokan\/\" class=\"read-more\">L\u00e4s mera &#8230;<\/a><\/p>\n","protected":false},"author":1,"featured_media":3526,"parent":0,"menu_order":0,"comment_status":"closed","ping_status":"closed","template":"","meta":{"footnotes":""},"_links":{"self":[{"href":"https:\/\/info.edu.turku.fi\/katedral\/wp-json\/wp\/v2\/pages\/115"}],"collection":[{"href":"https:\/\/info.edu.turku.fi\/katedral\/wp-json\/wp\/v2\/pages"}],"about":[{"href":"https:\/\/info.edu.turku.fi\/katedral\/wp-json\/wp\/v2\/types\/page"}],"author":[{"embeddable":true,"href":"https:\/\/info.edu.turku.fi\/katedral\/wp-json\/wp\/v2\/users\/1"}],"replies":[{"embeddable":true,"href":"https:\/\/info.edu.turku.fi\/katedral\/wp-json\/wp\/v2\/comments?post=115"}],"version-history":[{"count":110,"href":"https:\/\/info.edu.turku.fi\/katedral\/wp-json\/wp\/v2\/pages\/115\/revisions"}],"predecessor-version":[{"id":5096,"href":"https:\/\/info.edu.turku.fi\/katedral\/wp-json\/wp\/v2\/pages\/115\/revisions\/5096"}],"wp:featuredmedia":[{"embeddable":true,"href":"https:\/\/info.edu.turku.fi\/katedral\/wp-json\/wp\/v2\/media\/3526"}],"wp:attachment":[{"href":"https:\/\/info.edu.turku.fi\/katedral\/wp-json\/wp\/v2\/media?parent=115"}],"curies":[{"name":"wp","href":"https:\/\/api.w.org\/{rel}","templated":true}]}}