{"id":112,"date":"2017-03-23T09:18:28","date_gmt":"2017-03-23T08:18:28","guid":{"rendered":"https:\/\/info.edu.turku.fi\/katedral\/?page_id=112"},"modified":"2025-06-04T09:18:19","modified_gmt":"2025-06-04T07:18:19","slug":"lasarsinfo","status":"publish","type":"page","link":"https:\/\/info.edu.turku.fi\/katedral\/lasarsinfo\/","title":{"rendered":"L\u00e4s\u00e5rsinfo 2025"},"content":{"rendered":"<h3>Arbetstider och lov l\u00e4s\u00e5ret 2025 &#8211; 2026<\/h3>\n<p>L\u00e4s\u00e5ret to 7.8.2025 \u2013 l\u00f6 30.5.2026<\/p>\n<p><strong>H\u00f6stterminen\u00a0<\/strong>to 7.8.2025 \u2013 l\u00f6 20.12.2025<\/p>\n<ul>\n<li>H\u00f6stlov m\u00e5 13.10.2025 \u2013 s\u00f6 19.10.2025<\/li>\n<li>Jullov s\u00f6 21.12.2025 \u2013 ti 6.1.2026<\/li>\n<\/ul>\n<p><strong>V\u00e5rterminen <\/strong>on 7.1.2026 \u2013 l\u00f6 30.5.2026<\/p>\n<ul>\n<li>Vinterlov m\u00e5 16.2.2026 \u2013 s\u00f6 22.2.2026<\/li>\n<\/ul>\n<h3>Perioder<\/h3>\n<table>\n<thead>\n<tr>\n<th>Period<\/th>\n<th>B\u00f6rjar<\/th>\n<th>Slutar<\/th>\n<th>\u00a0<\/th>\n<\/tr>\n<\/thead>\n<tbody>\n<tr>\n<td>1 perioden<\/td>\n<td>7.8.2025<\/td>\n<td>30.9.2025<\/td>\n<td>\u00a0<\/td>\n<\/tr>\n<tr>\n<td>2 perioden<\/td>\n<td>1.10.2025<\/td>\n<td>27.11.2025<\/td>\n<td>\u00a0<\/td>\n<\/tr>\n<tr>\n<td>3 perioden<\/td>\n<td>28.11.2025<\/td>\n<td>3.2.2026<\/td>\n<td>\u00a0<\/td>\n<\/tr>\n<tr>\n<td>4 perioden<\/td>\n<td>4.2.2026<\/td>\n<td>2.4.2026<\/td>\n<td>\u00a0<\/td>\n<\/tr>\n<tr>\n<td>5 perioden<\/td>\n<td>7.4.2026<\/td>\n<td>30.5.2026<\/td>\n<td>\u00a0<\/td>\n<\/tr>\n<\/tbody>\n<\/table>\n<h3>\u00a0<\/h3>\n<h3>\u00a0<\/h3>\n\n\n<p><\/p>\n","protected":false},"excerpt":{"rendered":"<p>Arbetstider och lov l\u00e4s\u00e5ret 2025 &#8211; 2026 L\u00e4s\u00e5ret to 7.8.2025 \u2013 l\u00f6 30.5.2026 H\u00f6stterminen\u00a0to 7.8.2025 \u2013 l\u00f6 20.12.2025 H\u00f6stlov m\u00e5 13.10.2025 \u2013 s\u00f6 19.10.2025 Jullov s\u00f6 21.12.2025 \u2013 ti 6.1.2026 V\u00e5rterminen on 7.1.2026 \u2013 l\u00f6 30.5.2026 Vinterlov m\u00e5 16.2.2026 \u2013 <a href=\"https:\/\/info.edu.turku.fi\/katedral\/lasarsinfo\/\" class=\"read-more\">L\u00e4s mera &#8230;<\/a><\/p>\n","protected":false},"author":1,"featured_media":3532,"parent":0,"menu_order":0,"comment_status":"closed","ping_status":"closed","template":"","meta":{"footnotes":""},"_links":{"self":[{"href":"https:\/\/info.edu.turku.fi\/katedral\/wp-json\/wp\/v2\/pages\/112"}],"collection":[{"href":"https:\/\/info.edu.turku.fi\/katedral\/wp-json\/wp\/v2\/pages"}],"about":[{"href":"https:\/\/info.edu.turku.fi\/katedral\/wp-json\/wp\/v2\/types\/page"}],"author":[{"embeddable":true,"href":"https:\/\/info.edu.turku.fi\/katedral\/wp-json\/wp\/v2\/users\/1"}],"replies":[{"embeddable":true,"href":"https:\/\/info.edu.turku.fi\/katedral\/wp-json\/wp\/v2\/comments?post=112"}],"version-history":[{"count":123,"href":"https:\/\/info.edu.turku.fi\/katedral\/wp-json\/wp\/v2\/pages\/112\/revisions"}],"predecessor-version":[{"id":4767,"href":"https:\/\/info.edu.turku.fi\/katedral\/wp-json\/wp\/v2\/pages\/112\/revisions\/4767"}],"wp:featuredmedia":[{"embeddable":true,"href":"https:\/\/info.edu.turku.fi\/katedral\/wp-json\/wp\/v2\/media\/3532"}],"wp:attachment":[{"href":"https:\/\/info.edu.turku.fi\/katedral\/wp-json\/wp\/v2\/media?parent=112"}],"curies":[{"name":"wp","href":"https:\/\/api.w.org\/{rel}","templated":true}]}}